
{"id":1748,"date":"2025-02-15T12:54:12","date_gmt":"2025-02-15T11:54:12","guid":{"rendered":"https:\/\/www.slib.com\/notre-politique-rse\/"},"modified":"2026-02-27T11:46:03","modified_gmt":"2026-02-27T10:46:03","slug":"notre-politique-rse","status":"publish","type":"page","link":"https:\/\/www.slib.com\/fr\/notre-politique-rse\/","title":{"rendered":"NOTRE POLITIQUE RSE"},"content":{"rendered":"\n<div class=\"wp-block-group alignfull trigger block-group group-with-2-columns variation-50-50 group-with-video has-dark-blue-background-color has-background is-layout-constrained wp-block-group-is-layout-constrained\">\n<figure class=\"wp-block-video alignfull\"><video height=\"1080\" style=\"aspect-ratio: 1920 \/ 1080;\" width=\"1920\" autoplay loop muted src=\"https:\/\/www.slib.com\/wp-content\/uploads\/2025\/02\/Abstrait-courbe3.webm\"><\/video><\/figure>\n\n\n\n<div class=\"wp-block-columns are-vertically-aligned-center is-not-stacked-on-mobile is-layout-flex wp-container-core-columns-is-layout-9d6595d7 wp-block-columns-is-layout-flex\">\n<div class=\"wp-block-column is-vertically-aligned-center reveal-stagger is-layout-flow wp-block-column-is-layout-flow\" style=\"flex-basis:50%\">\n<div class=\"wp-block-group is-layout-flow wp-block-group-is-layout-flow\">\n<h1 class=\"wp-block-heading style-poppins-highlight is-style-default has-white-color has-text-color has-link-color has-poppins-font-family wp-elements-a7ff8aa53e1a6241fe90bf072049daaa\">NOTRE<br>POLITIQUE <br>RSE<\/h1>\n<\/div>\n<\/div>\n\n\n\n<div class=\"wp-block-column is-vertically-aligned-center reveal-stagger is-layout-flow wp-block-column-is-layout-flow\" style=\"flex-basis:50%\">\n<div class=\"wp-block-group has-white-color has-text-color has-link-color wp-elements-b130258f01aefc5881cdce47d04ef938 is-layout-flow wp-block-group-is-layout-flow\">\n<p>Notre politique RSE met en avant les facteurs environnementaux, sociaux et de gouvernance que notre organisation consid\u00e8re essentiels pour nos activit\u00e9s actuelles et futures.<\/p>\n<\/div>\n<\/div>\n<\/div>\n<\/div>\n\n\n\n<div class=\"wp-block-group alignfull trigger block-group group-with-2-columns variation-50-50 has-light-grey-background-color has-background is-layout-constrained wp-block-group-is-layout-constrained\">\n<div class=\"wp-block-columns is-not-stacked-on-mobile is-layout-flex wp-container-core-columns-is-layout-9d6595d7 wp-block-columns-is-layout-flex\">\n<div class=\"wp-block-column is-vertically-aligned-center reveal-stagger is-layout-flow wp-block-column-is-layout-flow\" style=\"flex-basis:50%\">\n<div class=\"wp-block-group group-with-arrow blue-arrow is-layout-flow wp-block-group-is-layout-flow\">\n<h3 class=\"wp-block-heading\"><strong><strong>\u00c9thique &amp; Confiance<\/strong><\/strong><\/h3>\n\n\n\n<ul class=\"wp-block-list\">\n<li>Code de conduite BNP Paribas (formation annuelle obligatoire pour tous les collaborateurs)<\/li>\n\n\n\n<li>KYC &amp; KYS : processus de connaissance client et connaissance fournisseur<\/li>\n\n\n\n<li>R\u00e8gles d\u2019\u00e9thique professionnelle \/ dispositif de signalement (whistleblowing)<\/li>\n\n\n\n<li>Gouvernance qualit\u00e9 et conformit\u00e9<\/li>\n\n\n\n<li>Contr\u00f4le et s\u00e9lection des collaborateurs<\/li>\n<\/ul>\n<\/div>\n\n\n\n<div style=\"height:100px\" aria-hidden=\"true\" class=\"wp-block-spacer is-style-spacer-m\"><\/div>\n\n\n\n<div class=\"wp-block-group group-with-arrow blue-arrow is-layout-flow wp-block-group-is-layout-flow\">\n<h3 class=\"wp-block-heading\"><strong><strong>Impact Environnemental<\/strong><\/strong><\/h3>\n\n\n\n<ul class=\"wp-block-list\">\n<li>\u00c9valuation de l\u2019empreinte carbone 2024 avec ClimateSeed<\/li>\n\n\n\n<li>Forfait \u00e9comobilit\u00e9<\/li>\n\n\n\n<li>Infrastructure d\u2019h\u00e9bergement : certification ISO 14001 (management environnemental) &amp; ISO 50001 (management de la performance \u00e9nerg\u00e9tique)<\/li>\n\n\n\n<li>\u00ab Free-cooling \u00bb permettant de r\u00e9duire de plus de 70\u202f% la consommation \u00e9nerg\u00e9tique<\/li>\n\n\n\n<li>Charte informatique durable<\/li>\n\n\n\n<li>&#8211; Contrat d\u2019\u00e9nergie verte<\/li>\n<\/ul>\n<\/div>\n\n\n\n<div style=\"height:100px\" aria-hidden=\"true\" class=\"wp-block-spacer is-style-spacer-m\"><\/div>\n\n\n\n<div class=\"wp-block-group group-with-arrow blue-arrow is-layout-flow wp-block-group-is-layout-flow\">\n<h3 class=\"wp-block-heading\"><strong><strong>Engagement civique et social<\/strong><\/strong><\/h3>\n\n\n\n<ul class=\"wp-block-list\">\n<li>Temps libre d\u00e9di\u00e9 au mentorat<\/li>\n\n\n\n<li>Don de sang<\/li>\n\n\n\n<li>Environnement de travail accessible aux personnes en situation de handicap<\/li>\n\n\n\n<li>Mouvement Climate Fresk \u2013 2 formateurs certifi\u00e9s<\/li>\n<\/ul>\n<\/div>\n<\/div>\n\n\n\n<div class=\"wp-block-column is-vertically-aligned-center reveal-stagger is-layout-flow wp-block-column-is-layout-flow\" style=\"flex-basis:50%\">\n<div class=\"wp-block-group group-with-arrow blue-arrow is-layout-flow wp-block-group-is-layout-flow\">\n<h3 class=\"wp-block-heading\"><strong><strong>Offres Durables <\/strong><\/strong><\/h3>\n\n\n\n<ul class=\"wp-block-list\">\n<li>97\u202f% de conformit\u00e9 aux normes WCAG<\/li>\n\n\n\n<li>82\u202f% de conformit\u00e9 aux r\u00e8gles fran\u00e7aises d\u2019\u00e9co-conception (RGESN)<\/li>\n\n\n\n<li>Vote \u00e9lectronique \u2013 faciliter la gouvernance d\u2019entreprise<\/li>\n<\/ul>\n<\/div>\n\n\n\n<div style=\"height:100px\" aria-hidden=\"true\" class=\"wp-block-spacer is-style-spacer-m\"><\/div>\n\n\n\n<div class=\"wp-block-group group-with-arrow blue-arrow is-layout-flow wp-block-group-is-layout-flow\">\n<h3 class=\"wp-block-heading\"><strong><strong>Capital Humain<\/strong><\/strong><\/h3>\n\n\n\n<ul class=\"wp-block-list\">\n<li><a href=\"https:\/\/www.slib.com\/fr\/indice-degalite-hommes-femmes\/\">Index d\u2019\u00e9galit\u00e9 femmes-hommes : 89%<\/a><\/li>\n\n\n\n<li>Diversit\u00e9 et inclusion<\/li>\n\n\n\n<li>Lutte contre la discrimination<\/li>\n\n\n\n<li>\u00c9valuation r\u00e9guli\u00e8re du bien-\u00eatre au travail<\/li>\n\n\n\n<li>Plan de formation individuelle<\/li>\n\n\n\n<li>Travail flexible<\/li>\n\n\n\n<li>Accueil des collaborateurs en situation de handicap<\/li>\n\n\n\n<li>Comit\u00e9 ESG mensuel ouvert et diversifi\u00e9<\/li>\n<\/ul>\n<\/div>\n<\/div>\n<\/div>\n<\/div>\n","protected":false},"excerpt":{"rendered":"<p>NOTREPOLITIQUE RSE Notre politique RSE met en avant les facteurs environnementaux, sociaux et de gouvernance que notre organisation consid\u00e8re essentiels pour nos activit\u00e9s actuelles et futures. \u00c9thique &amp; Confiance Impact Environnemental Engagement civique et social Offres Durables Capital Humain<\/p>\n","protected":false},"author":1,"featured_media":0,"parent":0,"menu_order":0,"comment_status":"closed","ping_status":"closed","template":"","meta":{"_acf_changed":false,"om_disable_all_campaigns":false,"_relevanssi_hide_post":"","_relevanssi_hide_content":"","_relevanssi_pin_for_all":"","_relevanssi_pin_keywords":"","_relevanssi_unpin_keywords":"","_relevanssi_related_keywords":"","_relevanssi_related_include_ids":"","_relevanssi_related_exclude_ids":"","_relevanssi_related_no_append":"","_relevanssi_related_not_related":"","_relevanssi_related_posts":"1","_relevanssi_noindex_reason":"","footnotes":""},"class_list":["post-1748","page","type-page","status-publish","hentry"],"acf":[],"yoast_head":"<title>NOTRE POLITIQUE RSE - Slib<\/title>\n<meta name=\"robots\" content=\"index, follow, max-snippet:-1, max-image-preview:large, max-video-preview:-1\" \/>\n<link rel=\"canonical\" href=\"https:\/\/www.slib.com\/fr\/notre-politique-rse\/\" \/>\n<meta property=\"og:locale\" content=\"fr_FR\" \/>\n<meta property=\"og:type\" content=\"article\" \/>\n<meta property=\"og:title\" content=\"NOTRE POLITIQUE RSE - Slib\" \/>\n<meta property=\"og:description\" content=\"NOTREPOLITIQUE RSE Notre politique RSE met en avant les facteurs environnementaux, sociaux et de gouvernance que notre organisation consid\u00e8re essentiels pour nos activit\u00e9s actuelles et futures. \u00c9thique &amp; Confiance Impact Environnemental Engagement civique et social Offres Durables Capital Humain\" \/>\n<meta property=\"og:url\" content=\"https:\/\/www.slib.com\/fr\/notre-politique-rse\/\" \/>\n<meta property=\"og:site_name\" content=\"Slib\" \/>\n<meta property=\"article:modified_time\" content=\"2026-02-27T10:46:03+00:00\" \/>\n<meta name=\"twitter:card\" content=\"summary_large_image\" \/>\n<meta name=\"twitter:label1\" content=\"Dur\u00e9e de lecture estim\u00e9e\" \/>\n\t<meta name=\"twitter:data1\" content=\"1 minute\" \/>\n<script type=\"application\/ld+json\" class=\"yoast-schema-graph\">{\"@context\":\"https:\/\/schema.org\",\"@graph\":[{\"@type\":\"WebPage\",\"@id\":\"https:\/\/www.slib.com\/fr\/notre-politique-rse\/\",\"url\":\"https:\/\/www.slib.com\/fr\/notre-politique-rse\/\",\"name\":\"NOTRE POLITIQUE RSE - Slib\",\"isPartOf\":{\"@id\":\"https:\/\/www.slib.com\/fr\/#website\"},\"datePublished\":\"2025-02-15T11:54:12+00:00\",\"dateModified\":\"2026-02-27T10:46:03+00:00\",\"breadcrumb\":{\"@id\":\"https:\/\/www.slib.com\/fr\/notre-politique-rse\/#breadcrumb\"},\"inLanguage\":\"fr-FR\",\"potentialAction\":[{\"@type\":\"ReadAction\",\"target\":[\"https:\/\/www.slib.com\/fr\/notre-politique-rse\/\"]}]},{\"@type\":\"BreadcrumbList\",\"@id\":\"https:\/\/www.slib.com\/fr\/notre-politique-rse\/#breadcrumb\",\"itemListElement\":[{\"@type\":\"ListItem\",\"position\":1,\"name\":\"Home\",\"item\":\"https:\/\/www.slib.com\/fr\/\"},{\"@type\":\"ListItem\",\"position\":2,\"name\":\"NOTRE POLITIQUE RSE\"}]},{\"@type\":\"WebSite\",\"@id\":\"https:\/\/www.slib.com\/fr\/#website\",\"url\":\"https:\/\/www.slib.com\/fr\/\",\"name\":\"Slib\",\"description\":\"\",\"potentialAction\":[{\"@type\":\"SearchAction\",\"target\":{\"@type\":\"EntryPoint\",\"urlTemplate\":\"https:\/\/www.slib.com\/fr\/?s={search_term_string}\"},\"query-input\":{\"@type\":\"PropertyValueSpecification\",\"valueRequired\":true,\"valueName\":\"search_term_string\"}}],\"inLanguage\":\"fr-FR\"}]}<\/script>","yoast_head_json":{"title":"NOTRE POLITIQUE RSE - Slib","robots":{"index":"index","follow":"follow","max-snippet":"max-snippet:-1","max-image-preview":"max-image-preview:large","max-video-preview":"max-video-preview:-1"},"canonical":"https:\/\/www.slib.com\/fr\/notre-politique-rse\/","og_locale":"fr_FR","og_type":"article","og_title":"NOTRE POLITIQUE RSE - Slib","og_description":"NOTREPOLITIQUE RSE Notre politique RSE met en avant les facteurs environnementaux, sociaux et de gouvernance que notre organisation consid\u00e8re essentiels pour nos activit\u00e9s actuelles et futures. \u00c9thique &amp; Confiance Impact Environnemental Engagement civique et social Offres Durables Capital Humain","og_url":"https:\/\/www.slib.com\/fr\/notre-politique-rse\/","og_site_name":"Slib","article_modified_time":"2026-02-27T10:46:03+00:00","twitter_card":"summary_large_image","twitter_misc":{"Dur\u00e9e de lecture estim\u00e9e":"1 minute"},"schema":{"@context":"https:\/\/schema.org","@graph":[{"@type":"WebPage","@id":"https:\/\/www.slib.com\/fr\/notre-politique-rse\/","url":"https:\/\/www.slib.com\/fr\/notre-politique-rse\/","name":"NOTRE POLITIQUE RSE - Slib","isPartOf":{"@id":"https:\/\/www.slib.com\/fr\/#website"},"datePublished":"2025-02-15T11:54:12+00:00","dateModified":"2026-02-27T10:46:03+00:00","breadcrumb":{"@id":"https:\/\/www.slib.com\/fr\/notre-politique-rse\/#breadcrumb"},"inLanguage":"fr-FR","potentialAction":[{"@type":"ReadAction","target":["https:\/\/www.slib.com\/fr\/notre-politique-rse\/"]}]},{"@type":"BreadcrumbList","@id":"https:\/\/www.slib.com\/fr\/notre-politique-rse\/#breadcrumb","itemListElement":[{"@type":"ListItem","position":1,"name":"Home","item":"https:\/\/www.slib.com\/fr\/"},{"@type":"ListItem","position":2,"name":"NOTRE POLITIQUE RSE"}]},{"@type":"WebSite","@id":"https:\/\/www.slib.com\/fr\/#website","url":"https:\/\/www.slib.com\/fr\/","name":"Slib","description":"","potentialAction":[{"@type":"SearchAction","target":{"@type":"EntryPoint","urlTemplate":"https:\/\/www.slib.com\/fr\/?s={search_term_string}"},"query-input":{"@type":"PropertyValueSpecification","valueRequired":true,"valueName":"search_term_string"}}],"inLanguage":"fr-FR"}]}},"_links":{"self":[{"href":"https:\/\/www.slib.com\/fr\/wp-json\/wp\/v2\/pages\/1748","targetHints":{"allow":["GET"]}}],"collection":[{"href":"https:\/\/www.slib.com\/fr\/wp-json\/wp\/v2\/pages"}],"about":[{"href":"https:\/\/www.slib.com\/fr\/wp-json\/wp\/v2\/types\/page"}],"author":[{"embeddable":true,"href":"https:\/\/www.slib.com\/fr\/wp-json\/wp\/v2\/users\/1"}],"replies":[{"embeddable":true,"href":"https:\/\/www.slib.com\/fr\/wp-json\/wp\/v2\/comments?post=1748"}],"version-history":[{"count":6,"href":"https:\/\/www.slib.com\/fr\/wp-json\/wp\/v2\/pages\/1748\/revisions"}],"predecessor-version":[{"id":2008,"href":"https:\/\/www.slib.com\/fr\/wp-json\/wp\/v2\/pages\/1748\/revisions\/2008"}],"wp:attachment":[{"href":"https:\/\/www.slib.com\/fr\/wp-json\/wp\/v2\/media?parent=1748"}],"curies":[{"name":"wp","href":"https:\/\/api.w.org\/{rel}","templated":true}]}}