
{"id":1750,"date":"2025-02-26T11:37:28","date_gmt":"2025-02-26T10:37:28","guid":{"rendered":"https:\/\/www.slib.com\/compensateurs-multiples-ccp-contreparties-centrales\/"},"modified":"2025-12-15T10:37:32","modified_gmt":"2025-12-15T09:37:32","slug":"compensateurs-multiples-ccp-contreparties-centrales","status":"publish","type":"page","link":"https:\/\/www.slib.com\/fr\/compensateurs-multiples-ccp-contreparties-centrales\/","title":{"rendered":"Compensateurs multiples &amp; CCP (Contreparties centrales)"},"content":{"rendered":"\n<div class=\"wp-block-group alignwide trigger is-layout-constrained wp-block-group-is-layout-constrained\">\n<h1 class=\"wp-block-heading has-text-align-left is-style-title-h2\">CENTRALISEZ ET SURVEILLEZ VOTRE EXPOSITION<\/h1>\n<\/div>\n\n<div class=\"wp-block-group alignwide trigger block-group group-with-2-columns variation-50-50 has-white-background-color has-background is-layout-constrained wp-block-group-is-layout-constrained\">\n<div class=\"wp-block-columns are-vertically-aligned-center is-not-stacked-on-mobile is-layout-flex wp-container-core-columns-is-layout-9d6595d7 wp-block-columns-is-layout-flex\">\n<div class=\"wp-block-column is-vertically-aligned-center reveal-stagger is-layout-flow wp-block-column-is-layout-flow\" style=\"flex-basis:50%\">\n<div class=\"wp-block-group is-layout-flow wp-block-group-is-layout-flow\">\n<p><br\/>Les membres compensateurs sont expos\u00e9s au risque de d\u00e9faut de leurs clients finaux et doivent anticiper et r\u00e9concilier leurs appels de marge quotidien.<\/p>\n\n\n\n<p><br\/>Le Risk Management System (RMS) permet une supervision imm\u00e9diate de l\u2019exposition au risque \u00ab sur march\u00e9s organis\u00e9s \u00bb.<\/p>\n\n\n\n<p><br\/>Fonctionnalit\u00e9s cl\u00e9s :<\/p>\n\n\n\n<div style=\"height:100px\" aria-hidden=\"true\" class=\"wp-block-spacer is-style-spacer-s\"><\/div>\n\n\n\n<ul class=\"wp-block-list\">\n<li>Capture des transactions \u2013 connectivit\u00e9 directe et \u00ab g\u00e9r\u00e9e \u00bb avec les chambres de compensation (CCPs)<\/li>\n\n\n\n<li>Int\u00e9gration des positions et param\u00e8tres de risque provenant des CCPs<\/li>\n\n\n\n<li>Allocation aux unit\u00e9s de risque et portefeuilles<\/li>\n\n\n\n<li>Calcul du risque de march\u00e9 <\/li>\n\n\n\n<li>Appels de marge (collat\u00e9ral en titres et esp\u00e8ces) pour les CCPs et les clients finaux<\/li>\n\n\n\n<li>Sc\u00e9narios hypoth\u00e9tiques (what-if)<\/li>\n\n\n\n<li>Tests de r\u00e9sistance (stress testing)<\/li>\n\n\n\n<li>Analyses avanc\u00e9es<\/li>\n<\/ul>\n\n\n\n<p>Le calcul de l\u2019exposition globale est effectu\u00e9 toutes les 5 minutes, et un module de contr\u00f4le en temps r\u00e9el peut r\u00e9\u00e9valuer le risque entre deux calculs en moins d\u2019une seconde.<\/p>\n\n\n\n<div style=\"height:100px\" aria-hidden=\"true\" class=\"wp-block-spacer is-style-spacer-l\"><\/div>\n\n\n\n<div class=\"wp-block-buttons is-layout-flex wp-block-buttons-is-layout-flex\">\n<div class=\"wp-block-button is-style-cta\"><a class=\"wp-block-button__link has-white-color has-green-background-color has-text-color has-background has-link-color wp-element-button\" href=\"Contact - Slib\">Contactez-nous<\/a><\/div>\n<\/div>\n<\/div>\n<\/div>\n\n\n\n<div class=\"wp-block-column is-vertically-aligned-center reveal-stagger is-layout-flow wp-block-column-is-layout-flow\" style=\"flex-basis:50%\">\n<div class=\"wp-block-cover is-light\"><img loading=\"lazy\" decoding=\"async\" width=\"618\" height=\"412\" class=\"wp-block-cover__image-background wp-image-937\" alt=\"\" src=\"https:\/\/www.slib.com\/wp-content\/uploads\/2025\/02\/corpo.png\" data-object-fit=\"cover\" srcset=\"https:\/\/www.slib.com\/wp-content\/uploads\/2025\/02\/corpo.png 618w, https:\/\/www.slib.com\/wp-content\/uploads\/2025\/02\/corpo-300x200.png 300w\" sizes=\"auto, (max-width: 618px) 100vw, 618px\" \/><span aria-hidden=\"true\" class=\"wp-block-cover__background has-background-dim-0 has-background-dim\" style=\"background-color:#868787\"><\/span><div class=\"wp-block-cover__inner-container is-layout-flow wp-block-cover-is-layout-flow\">\n<p class=\"has-text-align-center\"><\/p>\n<\/div><\/div>\n<\/div>\n<\/div>\n<\/div>\n\n<div class=\"wp-block-group alignfull trigger block-group group-with-2-columns variation-50-50 has-light-grey-background-color has-background is-layout-constrained wp-block-group-is-layout-constrained\">\n<div class=\"wp-block-columns is-not-stacked-on-mobile is-layout-flex wp-container-core-columns-is-layout-9d6595d7 wp-block-columns-is-layout-flex\">\n<div class=\"wp-block-column is-vertically-aligned-center is-layout-flow wp-block-column-is-layout-flow\" style=\"flex-basis:50%\">\n<div class=\"wp-block-group reveal-stagger is-layout-flow wp-block-group-is-layout-flow\">\n<h2 class=\"wp-block-heading\">NOS <br\/>SOLUTIONS<\/h2>\n\n\n\n<div style=\"height:100px\" aria-hidden=\"true\" class=\"wp-block-spacer is-style-spacer-xs\"><\/div>\n\n\n\n<h3 class=\"wp-block-heading\"><strong>Pour les compensateurs<\/strong><br\/><\/h3>\n<\/div>\n<\/div>\n\n\n\n<div class=\"wp-block-column is-vertically-aligned-center is-layout-flow wp-block-column-is-layout-flow\" style=\"flex-basis:50%\">\n<div class=\"wp-block-group reveal-stagger group-with-arrow blue-arrow is-layout-flow wp-block-group-is-layout-flow\">\n<h3 class=\"wp-block-heading\"><strong>\u00c0 QUI S&rsquo;ADRESSE LA SOLUTION ?<\/strong><\/h3>\n\n\n\n<p>Membre compensateur individuel (ICM) pour la gestion de leur propre exposition (et des diff\u00e9rents desk)<\/p>\n\n\n\n<p>Membre compensateur g\u00e9n\u00e9ral (GCM) pour mieux contr\u00f4ler, anticiper et couvrir l\u2019exposition de leurs clients finaux<\/p>\n<\/div>\n\n\n\n<div style=\"height:100px\" aria-hidden=\"true\" class=\"wp-block-spacer is-style-spacer-m\"><\/div>\n\n\n\n<div class=\"wp-block-group reveal-stagger group-with-arrow blue-arrow is-layout-flow wp-block-group-is-layout-flow\">\n<h3 class=\"wp-block-heading\"><strong>CE QUE NOUS APPORTONS<\/strong><\/h3>\n\n\n\n<ul class=\"wp-block-list\">\n<li>R\u00e9duction des risques op\u00e9rationnels et des co\u00fbts gr\u00e2ce \u00e0 un processus d\u2019appel de marge fluide<\/li>\n\n\n\n<li>Construction de vos portefeuilles et niveaux d\u2019agr\u00e9gation<\/li>\n\n\n\n<li>Suivi de votre exposition en temps r\u00e9el, d\u00e9finition de vos limites et r\u00e9ception imm\u00e9diate d\u2019alertes<\/li>\n\n\n\n<li>Acc\u00e8s d\u00e9taill\u00e9 \u00e0 l\u2019exposition de chaque client<\/li>\n\n\n\n<li>Reporting en temps r\u00e9el<\/li>\n\n\n\n<li>Architecture ouverte (int\u00e9gration de vos propres algorithmes)<\/li>\n\n\n\n<li>Garantie de conformit\u00e9, s\u00e9curit\u00e9 et disponibilit\u00e9<\/li>\n<\/ul>\n<\/div>\n<\/div>\n<\/div>\n\n\n\n<div style=\"height:100px\" aria-hidden=\"true\" class=\"wp-block-spacer\"><\/div>\n\n\n\n<h4 class=\"wp-block-heading\"><strong>G\u00c9REZ INTELLIGEMMENT VOTRE ACTIVIT\u00c9 DE COMPENSATION ET SURVEILLEZ VOTRE EXPOSITION<\/strong><br\/><\/h4>\n\n\n\n<p>La plateforme RMS vous offre une flexibilit\u00e9 totale pour g\u00e9rer vos flux de transactions, administrer vos portefeuilles de risque et contr\u00f4ler votre exposition.<\/p>\n<\/div>\n\n<div class=\"wp-block-group alignfull trigger block-group group-with-2-columns variation-50-50 group-with-video has-dark-blue-background-color has-background is-layout-constrained wp-block-group-is-layout-constrained\">\n<figure class=\"wp-block-video alignfull\"><video height=\"1080\" style=\"aspect-ratio: 1920 \/ 1080;\" width=\"1920\" autoplay=\"\" loop=\"\" muted=\"\" src=\"https:\/\/www.slib.com\/wp-content\/uploads\/2025\/02\/Abstrait-courbe3.webm\"><\/video><\/figure>\n\n\n\n<div class=\"wp-block-columns are-vertically-aligned-center is-not-stacked-on-mobile is-layout-flex wp-container-core-columns-is-layout-9d6595d7 wp-block-columns-is-layout-flex\">\n<div class=\"wp-block-column is-vertically-aligned-center reveal-stagger is-layout-flow wp-block-column-is-layout-flow\" style=\"flex-basis:50%\">\n<div class=\"wp-block-group is-layout-flow wp-block-group-is-layout-flow\">\n<h2 class=\"wp-block-heading style-poppins-highlight has-white-color has-text-color has-link-color has-poppins-font-family wp-elements-e7d41adaf72310c7f4046489dc19ff45\">NOS<br\/><strong>SOLUTIONS<\/strong><\/h2>\n<\/div>\n\n\n\n<div style=\"height:100px\" aria-hidden=\"true\" class=\"wp-block-spacer is-style-spacer-m\"><\/div>\n\n\n\n<div class=\"wp-block-group group-with-arrow white-arrow is-layout-flow wp-block-group-is-layout-flow\">\n<ul class=\"wp-block-list is-style-list-style-1 has-white-color has-text-color has-link-color wp-elements-29f1c528856a1e2546137f59cc018f95\">\n<li>Connectivit\u00e9 avec 13 chambres de compensation<\/li>\n\n\n\n<li>Capture des ex\u00e9cutions de march\u00e9 presque en temps r\u00e9el<\/li>\n\n\n\n<li>Agr\u00e9gation et calcul flexible des portefeuilles (plus de 1 000 portefeuilles g\u00e9r\u00e9s)<\/li>\n\n\n\n<li>Plus de 10 millions de positions r\u00e9\u00e9valu\u00e9es quotidiennement<\/li>\n\n\n\n<li>Acc\u00e8s aux principales m\u00e9thodologies de calcul de marge de risque<\/li>\n\n\n\n<li>Architecture ouverte int\u00e9grant la m\u00e9thodologie de risque des CCP, les algorithmes de Clarus ou les donn\u00e9es propres du client<\/li>\n<\/ul>\n<\/div>\n<\/div>\n\n\n\n<div class=\"wp-block-column is-vertically-aligned-center reveal-stagger is-layout-flow wp-block-column-is-layout-flow\" style=\"flex-basis:50%\">\n<div class=\"wp-block-group is-layout-flow wp-block-group-is-layout-flow\"\/>\n\n\n\n<p><\/p>\n\n\n\n<p><\/p>\n\n\n\n<p><\/p>\n\n\n\n<div style=\"height:100px\" aria-hidden=\"true\" class=\"wp-block-spacer is-style-spacer-m\"><\/div>\n\n\n\n<div class=\"wp-block-group group-with-arrow white-arrow is-layout-flow wp-block-group-is-layout-flow\">\n<ul class=\"wp-block-list is-style-list-style-1 has-white-color has-text-color has-link-color wp-elements-dc4b4e8cb5334a2b175e1601bcd6b76a\">\n<li>Calcul de marge intra journalier et en fin de journ\u00e9e<\/li>\n\n\n\n<li>Acc\u00e8s aux prix en temps r\u00e9el<\/li>\n\n\n\n<li>Reporting et alertes flexibles<\/li>\n\n\n\n<li>Appels de marge \/ d\u00e9p\u00f4t de collat\u00e9ral<\/li>\n\n\n\n<li>Conciliation<\/li>\n<\/ul>\n<\/div>\n<\/div>\n<\/div>\n\n\n\n<p><\/p>\n<\/div>\n","protected":false},"excerpt":{"rendered":"<p>CENTRALISEZ ET SURVEILLEZ VOTRE EXPOSITION Les membres compensateurs sont expos\u00e9s au risque de d\u00e9faut de leurs clients finaux et doivent anticiper et r\u00e9concilier leurs appels de marge quotidien. Le Risk Management System (RMS) permet une supervision imm\u00e9diate de l\u2019exposition au risque \u00ab sur march\u00e9s organis\u00e9s \u00bb. Fonctionnalit\u00e9s cl\u00e9s : Le calcul de l\u2019exposition globale est [&hellip;]<\/p>\n","protected":false},"author":2,"featured_media":0,"parent":0,"menu_order":0,"comment_status":"closed","ping_status":"closed","template":"","meta":{"_acf_changed":false,"om_disable_all_campaigns":false,"_relevanssi_hide_post":"","_relevanssi_hide_content":"","_relevanssi_pin_for_all":"","_relevanssi_pin_keywords":"","_relevanssi_unpin_keywords":"","_relevanssi_related_keywords":"","_relevanssi_related_include_ids":"","_relevanssi_related_exclude_ids":"","_relevanssi_related_no_append":"","_relevanssi_related_not_related":"","_relevanssi_related_posts":"","_relevanssi_noindex_reason":"","footnotes":""},"class_list":["post-1750","page","type-page","status-publish","hentry"],"acf":[],"yoast_head":"<title>Compensateurs multiples &amp; CCP (Contreparties centrales) - Slib<\/title>\n<meta name=\"robots\" content=\"index, follow, max-snippet:-1, max-image-preview:large, max-video-preview:-1\" \/>\n<link rel=\"canonical\" href=\"https:\/\/www.slib.com\/fr\/compensateurs-multiples-ccp-contreparties-centrales\/\" \/>\n<meta property=\"og:locale\" content=\"fr_FR\" \/>\n<meta property=\"og:type\" content=\"article\" \/>\n<meta property=\"og:title\" content=\"Compensateurs multiples &amp; CCP (Contreparties centrales) - Slib\" \/>\n<meta property=\"og:description\" content=\"CENTRALISEZ ET SURVEILLEZ VOTRE EXPOSITION Les membres compensateurs sont expos\u00e9s au risque de d\u00e9faut de leurs clients finaux et doivent anticiper et r\u00e9concilier leurs appels de marge quotidien. Le Risk Management System (RMS) permet une supervision imm\u00e9diate de l\u2019exposition au risque \u00ab sur march\u00e9s organis\u00e9s \u00bb. Fonctionnalit\u00e9s cl\u00e9s : Le calcul de l\u2019exposition globale est [&hellip;]\" \/>\n<meta property=\"og:url\" content=\"https:\/\/www.slib.com\/fr\/compensateurs-multiples-ccp-contreparties-centrales\/\" \/>\n<meta property=\"og:site_name\" content=\"Slib\" \/>\n<meta property=\"article:modified_time\" content=\"2025-12-15T09:37:32+00:00\" \/>\n<meta property=\"og:image\" content=\"https:\/\/www.slib.com\/wp-content\/uploads\/2025\/02\/corpo.png\" \/>\n<meta name=\"twitter:card\" content=\"summary_large_image\" \/>\n<meta name=\"twitter:label1\" content=\"Dur\u00e9e de lecture estim\u00e9e\" \/>\n\t<meta name=\"twitter:data1\" content=\"2 minutes\" \/>\n<script type=\"application\/ld+json\" class=\"yoast-schema-graph\">{\"@context\":\"https:\/\/schema.org\",\"@graph\":[{\"@type\":\"WebPage\",\"@id\":\"https:\/\/www.slib.com\/fr\/compensateurs-multiples-ccp-contreparties-centrales\/\",\"url\":\"https:\/\/www.slib.com\/fr\/compensateurs-multiples-ccp-contreparties-centrales\/\",\"name\":\"Compensateurs multiples &amp; CCP (Contreparties centrales) - Slib\",\"isPartOf\":{\"@id\":\"https:\/\/www.slib.com\/fr\/#website\"},\"primaryImageOfPage\":{\"@id\":\"https:\/\/www.slib.com\/fr\/compensateurs-multiples-ccp-contreparties-centrales\/#primaryimage\"},\"image\":{\"@id\":\"https:\/\/www.slib.com\/fr\/compensateurs-multiples-ccp-contreparties-centrales\/#primaryimage\"},\"thumbnailUrl\":\"https:\/\/www.slib.com\/wp-content\/uploads\/2025\/02\/corpo.png\",\"datePublished\":\"2025-02-26T10:37:28+00:00\",\"dateModified\":\"2025-12-15T09:37:32+00:00\",\"breadcrumb\":{\"@id\":\"https:\/\/www.slib.com\/fr\/compensateurs-multiples-ccp-contreparties-centrales\/#breadcrumb\"},\"inLanguage\":\"fr-FR\",\"potentialAction\":[{\"@type\":\"ReadAction\",\"target\":[\"https:\/\/www.slib.com\/fr\/compensateurs-multiples-ccp-contreparties-centrales\/\"]}]},{\"@type\":\"ImageObject\",\"inLanguage\":\"fr-FR\",\"@id\":\"https:\/\/www.slib.com\/fr\/compensateurs-multiples-ccp-contreparties-centrales\/#primaryimage\",\"url\":\"https:\/\/www.slib.com\/wp-content\/uploads\/2025\/02\/corpo.png\",\"contentUrl\":\"https:\/\/www.slib.com\/wp-content\/uploads\/2025\/02\/corpo.png\"},{\"@type\":\"BreadcrumbList\",\"@id\":\"https:\/\/www.slib.com\/fr\/compensateurs-multiples-ccp-contreparties-centrales\/#breadcrumb\",\"itemListElement\":[{\"@type\":\"ListItem\",\"position\":1,\"name\":\"Home\",\"item\":\"https:\/\/www.slib.com\/fr\/\"},{\"@type\":\"ListItem\",\"position\":2,\"name\":\"Compensateurs multiples &amp; CCP (Contreparties centrales)\"}]},{\"@type\":\"WebSite\",\"@id\":\"https:\/\/www.slib.com\/fr\/#website\",\"url\":\"https:\/\/www.slib.com\/fr\/\",\"name\":\"Slib\",\"description\":\"\",\"potentialAction\":[{\"@type\":\"SearchAction\",\"target\":{\"@type\":\"EntryPoint\",\"urlTemplate\":\"https:\/\/www.slib.com\/fr\/?s={search_term_string}\"},\"query-input\":{\"@type\":\"PropertyValueSpecification\",\"valueRequired\":true,\"valueName\":\"search_term_string\"}}],\"inLanguage\":\"fr-FR\"}]}<\/script>","yoast_head_json":{"title":"Compensateurs multiples &amp; CCP (Contreparties centrales) - Slib","robots":{"index":"index","follow":"follow","max-snippet":"max-snippet:-1","max-image-preview":"max-image-preview:large","max-video-preview":"max-video-preview:-1"},"canonical":"https:\/\/www.slib.com\/fr\/compensateurs-multiples-ccp-contreparties-centrales\/","og_locale":"fr_FR","og_type":"article","og_title":"Compensateurs multiples &amp; CCP (Contreparties centrales) - Slib","og_description":"CENTRALISEZ ET SURVEILLEZ VOTRE EXPOSITION Les membres compensateurs sont expos\u00e9s au risque de d\u00e9faut de leurs clients finaux et doivent anticiper et r\u00e9concilier leurs appels de marge quotidien. Le Risk Management System (RMS) permet une supervision imm\u00e9diate de l\u2019exposition au risque \u00ab sur march\u00e9s organis\u00e9s \u00bb. Fonctionnalit\u00e9s cl\u00e9s : Le calcul de l\u2019exposition globale est [&hellip;]","og_url":"https:\/\/www.slib.com\/fr\/compensateurs-multiples-ccp-contreparties-centrales\/","og_site_name":"Slib","article_modified_time":"2025-12-15T09:37:32+00:00","og_image":[{"url":"https:\/\/www.slib.com\/wp-content\/uploads\/2025\/02\/corpo.png","type":"","width":"","height":""}],"twitter_card":"summary_large_image","twitter_misc":{"Dur\u00e9e de lecture estim\u00e9e":"2 minutes"},"schema":{"@context":"https:\/\/schema.org","@graph":[{"@type":"WebPage","@id":"https:\/\/www.slib.com\/fr\/compensateurs-multiples-ccp-contreparties-centrales\/","url":"https:\/\/www.slib.com\/fr\/compensateurs-multiples-ccp-contreparties-centrales\/","name":"Compensateurs multiples &amp; CCP (Contreparties centrales) - Slib","isPartOf":{"@id":"https:\/\/www.slib.com\/fr\/#website"},"primaryImageOfPage":{"@id":"https:\/\/www.slib.com\/fr\/compensateurs-multiples-ccp-contreparties-centrales\/#primaryimage"},"image":{"@id":"https:\/\/www.slib.com\/fr\/compensateurs-multiples-ccp-contreparties-centrales\/#primaryimage"},"thumbnailUrl":"https:\/\/www.slib.com\/wp-content\/uploads\/2025\/02\/corpo.png","datePublished":"2025-02-26T10:37:28+00:00","dateModified":"2025-12-15T09:37:32+00:00","breadcrumb":{"@id":"https:\/\/www.slib.com\/fr\/compensateurs-multiples-ccp-contreparties-centrales\/#breadcrumb"},"inLanguage":"fr-FR","potentialAction":[{"@type":"ReadAction","target":["https:\/\/www.slib.com\/fr\/compensateurs-multiples-ccp-contreparties-centrales\/"]}]},{"@type":"ImageObject","inLanguage":"fr-FR","@id":"https:\/\/www.slib.com\/fr\/compensateurs-multiples-ccp-contreparties-centrales\/#primaryimage","url":"https:\/\/www.slib.com\/wp-content\/uploads\/2025\/02\/corpo.png","contentUrl":"https:\/\/www.slib.com\/wp-content\/uploads\/2025\/02\/corpo.png"},{"@type":"BreadcrumbList","@id":"https:\/\/www.slib.com\/fr\/compensateurs-multiples-ccp-contreparties-centrales\/#breadcrumb","itemListElement":[{"@type":"ListItem","position":1,"name":"Home","item":"https:\/\/www.slib.com\/fr\/"},{"@type":"ListItem","position":2,"name":"Compensateurs multiples &amp; CCP (Contreparties centrales)"}]},{"@type":"WebSite","@id":"https:\/\/www.slib.com\/fr\/#website","url":"https:\/\/www.slib.com\/fr\/","name":"Slib","description":"","potentialAction":[{"@type":"SearchAction","target":{"@type":"EntryPoint","urlTemplate":"https:\/\/www.slib.com\/fr\/?s={search_term_string}"},"query-input":{"@type":"PropertyValueSpecification","valueRequired":true,"valueName":"search_term_string"}}],"inLanguage":"fr-FR"}]}},"_links":{"self":[{"href":"https:\/\/www.slib.com\/fr\/wp-json\/wp\/v2\/pages\/1750","targetHints":{"allow":["GET"]}}],"collection":[{"href":"https:\/\/www.slib.com\/fr\/wp-json\/wp\/v2\/pages"}],"about":[{"href":"https:\/\/www.slib.com\/fr\/wp-json\/wp\/v2\/types\/page"}],"author":[{"embeddable":true,"href":"https:\/\/www.slib.com\/fr\/wp-json\/wp\/v2\/users\/2"}],"replies":[{"embeddable":true,"href":"https:\/\/www.slib.com\/fr\/wp-json\/wp\/v2\/comments?post=1750"}],"version-history":[{"count":5,"href":"https:\/\/www.slib.com\/fr\/wp-json\/wp\/v2\/pages\/1750\/revisions"}],"predecessor-version":[{"id":1821,"href":"https:\/\/www.slib.com\/fr\/wp-json\/wp\/v2\/pages\/1750\/revisions\/1821"}],"wp:attachment":[{"href":"https:\/\/www.slib.com\/fr\/wp-json\/wp\/v2\/media?parent=1750"}],"curies":[{"name":"wp","href":"https:\/\/api.w.org\/{rel}","templated":true}]}}