
{"id":1757,"date":"2025-02-26T10:41:10","date_gmt":"2025-02-26T09:41:10","guid":{"rendered":"https:\/\/www.slib.com\/compensation-reglement-livraison\/"},"modified":"2026-01-27T17:35:27","modified_gmt":"2026-01-27T16:35:27","slug":"compensation-reglement-livraison","status":"publish","type":"page","link":"https:\/\/www.slib.com\/fr\/compensation-reglement-livraison\/","title":{"rendered":"Compensation &amp; R\u00e8glement-Livraison"},"content":{"rendered":"\n<div class=\"wp-block-group alignwide trigger block-group group-with-2-columns variation-50-50 has-white-background-color has-background is-layout-constrained wp-block-group-is-layout-constrained\">\n<div class=\"wp-block-columns are-vertically-aligned-center is-not-stacked-on-mobile is-layout-flex wp-container-core-columns-is-layout-9d6595d7 wp-block-columns-is-layout-flex\">\n<div class=\"wp-block-column is-vertically-aligned-center reveal-stagger is-layout-flow wp-block-column-is-layout-flow\" style=\"flex-basis:50%\">\n<div class=\"wp-block-group is-layout-flow wp-block-group-is-layout-flow\">\n<h1 class=\"wp-block-heading is-style-default\"><strong>MA\u00ceTRISER LA COMPLEXIT\u00c9 DE L\u2019ACC\u00c8S AUX MARCH\u00c9S INTERNATIONAUX<\/strong><\/h1>\n\n\n\n<div style=\"height:100px\" aria-hidden=\"true\" class=\"wp-block-spacer is-style-spacer-s\"><\/div>\n\n\n\n<p>Nous s\u00e9curisons le traitement des transactions (OTC et on-exchange), jusqu\u2019au r\u00e8glement-livraison final. Nous assurons la connectivit\u00e9 aux march\u00e9s ainsi que la gestion du r\u00e8glement-livraison international. <\/p>\n\n\n\n<div style=\"height:100px\" aria-hidden=\"true\" class=\"wp-block-spacer is-style-spacer-s\"><\/div>\n\n\n\n<p>La solution SLIB s\u2019adresse \u00e0 :<\/p>\n\n\n\n<p>\u2022 Interm\u00e9diaire financiers institutionnels<\/p>\n\n\n\n<p>\u2022 Les banques d\u2019investissement<\/p>\n\n\n\n<p>\u2022 Interm\u00e9diaire financiers retails<\/p>\n\n\n\n<p>\u2022 Les banques de d\u00e9tail<\/p>\n\n\n\n<p class=\"is-style-default\">Nous r\u00e9pondons \u00e9galement aux besoins sp\u00e9cifiques des membres compensateurs individuels et multiples, ainsi que des d\u00e9positaires locaux et internationaux.<\/p>\n\n\n\n<div style=\"height:100px\" aria-hidden=\"true\" class=\"wp-block-spacer is-style-spacer-l\"><\/div>\n\n\n\n<div class=\"wp-block-buttons is-layout-flex wp-block-buttons-is-layout-flex\">\n<div class=\"wp-block-button is-style-cta\"><a class=\"wp-block-button__link has-white-color has-green-background-color has-text-color has-background has-link-color wp-element-button\" href=\"https:\/\/www.slib.com\/fr\/contact\/\">Contactez-nous<\/a><\/div>\n<\/div>\n<\/div>\n<\/div>\n\n\n\n<div class=\"wp-block-column is-vertically-aligned-center reveal-stagger is-layout-flow wp-block-column-is-layout-flow\" style=\"flex-basis:50%\">\n<div class=\"wp-block-cover is-light\"><span aria-hidden=\"true\" class=\"wp-block-cover__background has-background-dim-0 has-background-dim\" style=\"background-color:#868787\"><\/span><img loading=\"lazy\" decoding=\"async\" width=\"618\" height=\"412\" class=\"wp-block-cover__image-background wp-image-937\" alt=\"\" src=\"https:\/\/www.slib.com\/wp-content\/uploads\/2025\/02\/corpo.png\" data-object-fit=\"cover\" srcset=\"https:\/\/www.slib.com\/wp-content\/uploads\/2025\/02\/corpo.png 618w, https:\/\/www.slib.com\/wp-content\/uploads\/2025\/02\/corpo-300x200.png 300w\" sizes=\"auto, (max-width: 618px) 100vw, 618px\" \/><div class=\"wp-block-cover__inner-container is-layout-flow wp-block-cover-is-layout-flow\">\n<p class=\"has-text-align-center\"><\/p>\n<\/div><\/div>\n<\/div>\n<\/div>\n<\/div>\n\n<div class=\"wp-block-group alignfull trigger block-group group-with-2-columns variation-50-50 has-light-grey-background-color has-background is-layout-constrained wp-block-group-is-layout-constrained\">\n<div class=\"wp-block-columns is-not-stacked-on-mobile is-layout-flex wp-container-core-columns-is-layout-9d6595d7 wp-block-columns-is-layout-flex\">\n<div class=\"wp-block-column is-vertically-aligned-center is-layout-flow wp-block-column-is-layout-flow\" style=\"flex-basis:50%\">\n<div class=\"wp-block-group reveal-stagger is-layout-flow wp-block-group-is-layout-flow\">\n<h2 class=\"wp-block-heading\">NOS<br\/>SOLUTIONS<\/h2>\n\n\n\n<h3 class=\"wp-block-heading\"><strong>Nos solutions pour la compensation sur march\u00e9s organis\u00e9s et le r\u00e8glement-livraison international<\/strong><\/h3>\n\n\n\n<div style=\"height:100px\" aria-hidden=\"true\" class=\"wp-block-spacer is-style-spacer-xs\"><\/div>\n<\/div>\n<\/div>\n\n\n\n<div class=\"wp-block-column is-vertically-aligned-center is-layout-flow wp-block-column-is-layout-flow\" style=\"flex-basis:50%\">\n<div class=\"wp-block-group reveal-stagger group-with-arrow blue-arrow is-layout-flow wp-block-group-is-layout-flow\">\n<h3 class=\"wp-block-heading\"><strong><strong><strong><strong><strong><strong>Compensation sur march\u00e9s organis\u00e9s (ICM &amp; GCM)<\/strong><\/strong><\/strong><\/strong><\/strong><br\/><\/strong><\/h3>\n\n\n\n<ul class=\"wp-block-list\">\n<li>Nous proposons une connexion directe aux principales chambres de compensation (\u00ab CCP hub \u00bb).<\/li>\n\n\n\n<li>Capture des transactions<\/li>\n\n\n\n<li>Calcul des nets \u00e0 r\u00e9gler et rapprochement des transactions<\/li>\n\n\n\n<li>Archivage des enregistrements <\/li>\n\n\n\n<li>Traitement du r\u00e8glement-livraison<\/li>\n<\/ul>\n\n\n\n<div style=\"height:100px\" aria-hidden=\"true\" class=\"wp-block-spacer is-style-spacer-m\"><\/div>\n<\/div>\n\n\n\n<div class=\"wp-block-group reveal-stagger group-with-arrow blue-arrow is-layout-flow wp-block-group-is-layout-flow\">\n<h3 class=\"wp-block-heading\"><strong><strong><strong><strong>R\u00e8glement-livraison international<\/strong><\/strong><\/strong><\/strong><\/h3>\n\n\n\n<ul class=\"wp-block-list\">\n<li>Connectivit\u00e9 aux principaux march\u00e9s internationaux via le r\u00e9seau choisi par le client<\/li>\n\n\n\n<li>Statuts en temps r\u00e9el via les formats SWIFT ISO 15022 &amp; 20022<\/li>\n\n\n\n<li>Interface directe avec ESES via Euroclear France<\/li>\n\n\n\n<li>Gestion des exceptions via tableaux de bord<\/li>\n\n\n\n<li>Tra\u00e7abilit\u00e9 compl\u00e8te (audit trail)<\/li>\n\n\n\n<li>Reporting personnalis\u00e9<\/li>\n<\/ul>\n<\/div>\n<\/div>\n<\/div>\n<\/div>\n\n<div class=\"wp-block-group alignfull trigger block-group group-with-2-columns variation-50-50 group-with-video has-dark-blue-background-color has-background is-layout-constrained wp-block-group-is-layout-constrained\">\n<figure class=\"wp-block-video alignfull\"><video height=\"1080\" style=\"aspect-ratio: 1920 \/ 1080;\" width=\"1920\" autoplay=\"\" loop=\"\" muted=\"\" src=\"https:\/\/www.slib.com\/wp-content\/uploads\/2025\/02\/Abstrait-courbe3.webm\"><\/video><\/figure>\n\n\n\n<div class=\"wp-block-columns are-vertically-aligned-center is-not-stacked-on-mobile is-layout-flex wp-container-core-columns-is-layout-9d6595d7 wp-block-columns-is-layout-flex\">\n<div class=\"wp-block-column is-vertically-aligned-center reveal-stagger is-layout-flow wp-block-column-is-layout-flow\" style=\"flex-basis:50%\">\n<div class=\"wp-block-group is-layout-flow wp-block-group-is-layout-flow\">\n<h2 class=\"wp-block-heading style-poppins-highlight has-white-color has-text-color has-link-color has-poppins-font-family wp-elements-90eb6440a5b906a38679834d0f7f92f5\">VOS<br\/>BESOINS<\/h2>\n<\/div>\n\n\n\n<div style=\"height:100px\" aria-hidden=\"true\" class=\"wp-block-spacer is-style-spacer-m\"><\/div>\n\n\n\n<div class=\"wp-block-group group-with-arrow white-arrow is-layout-flow wp-block-group-is-layout-flow\">\n<ul class=\"wp-block-list is-style-list-style-1 has-white-color has-text-color has-link-color wp-elements-59dca22ef8e73c36039c9d4162e0b46c\">\n<li>Multi-actifs<\/li>\n\n\n\n<li>Capacit\u00e9 \u00e0 traiter de forts volumes de mani\u00e8re fiable<\/li>\n\n\n\n<li>Permettre \u00e0 vos \u00e9quipes de se concentrer sur la gestion des exceptions<\/li>\n\n\n\n<li>Mettre en \u0153uvre des solutions personnalisables pour r\u00e9pondre \u00e0 l\u2019\u00e9volution de vos besoins<\/li>\n<\/ul>\n<\/div>\n<\/div>\n\n\n\n<div class=\"wp-block-column is-vertically-aligned-center reveal-stagger is-layout-flow wp-block-column-is-layout-flow\" style=\"flex-basis:50%\">\n<div class=\"wp-block-group is-layout-flow wp-block-group-is-layout-flow\">\n<h2 class=\"wp-block-heading has-text-align-left style-poppins-highlight has-white-color has-text-color has-link-color has-poppins-font-family wp-elements-66872637162971016adddf57b30d332f\">NOS<br\/><strong>SOLUTIONS<\/strong><\/h2>\n<\/div>\n\n\n\n<div style=\"height:100px\" aria-hidden=\"true\" class=\"wp-block-spacer is-style-spacer-m\"><\/div>\n\n\n\n<div class=\"wp-block-group group-with-arrow white-arrow is-layout-flow wp-block-group-is-layout-flow\">\n<ul class=\"wp-block-list is-style-list-style-1 has-white-color has-text-color has-link-color wp-elements-e816d50d4a330e81b70510d06c6bf24b\">\n<li>Solutions \u00e9volutives et ouvertes, interop\u00e9rables avec des syst\u00e8mes Back-Office externes<\/li>\n\n\n\n<li>Tra\u00e7abilit\u00e9 compl\u00e8te et document\u00e9e des \u00e9v\u00e8nements et transactions, pour l\u2019analyse et la conformit\u00e9<\/li>\n\n\n\n<li>R\u00e8gles personnalis\u00e9es permettant d\u2019interrompre le traitement automatis\u00e9 (STP) et de d\u00e9clencher des exceptions<\/li>\n\n\n\n<li>Tableaux de bord et alertes en temps r\u00e9el<\/li>\n<\/ul>\n<\/div>\n<\/div>\n<\/div>\n<\/div>\n","protected":false},"excerpt":{"rendered":"<p>MA\u00ceTRISER LA COMPLEXIT\u00c9 DE L\u2019ACC\u00c8S AUX MARCH\u00c9S INTERNATIONAUX Nous s\u00e9curisons le traitement des transactions (OTC et on-exchange), jusqu\u2019au r\u00e8glement-livraison final. Nous assurons la connectivit\u00e9 aux march\u00e9s ainsi que la gestion du r\u00e8glement-livraison international. La solution SLIB s\u2019adresse \u00e0 : \u2022 Interm\u00e9diaire financiers institutionnels \u2022 Les banques d\u2019investissement \u2022 Interm\u00e9diaire financiers retails \u2022 Les banques de [&hellip;]<\/p>\n","protected":false},"author":2,"featured_media":0,"parent":0,"menu_order":0,"comment_status":"closed","ping_status":"closed","template":"","meta":{"_acf_changed":false,"om_disable_all_campaigns":false,"_relevanssi_hide_post":"","_relevanssi_hide_content":"","_relevanssi_pin_for_all":"","_relevanssi_pin_keywords":"","_relevanssi_unpin_keywords":"","_relevanssi_related_keywords":"","_relevanssi_related_include_ids":"","_relevanssi_related_exclude_ids":"","_relevanssi_related_no_append":"","_relevanssi_related_not_related":"","_relevanssi_related_posts":"1","_relevanssi_noindex_reason":"","footnotes":""},"class_list":["post-1757","page","type-page","status-publish","hentry"],"acf":[],"yoast_head":"<title>Compensation &amp; R\u00e8glement-Livraison - Slib<\/title>\n<meta name=\"robots\" content=\"index, follow, max-snippet:-1, max-image-preview:large, max-video-preview:-1\" \/>\n<link rel=\"canonical\" href=\"https:\/\/www.slib.com\/fr\/compensation-reglement-livraison\/\" \/>\n<meta property=\"og:locale\" content=\"fr_FR\" \/>\n<meta property=\"og:type\" content=\"article\" \/>\n<meta property=\"og:title\" content=\"Compensation &amp; R\u00e8glement-Livraison - Slib\" \/>\n<meta property=\"og:description\" content=\"MA\u00ceTRISER LA COMPLEXIT\u00c9 DE L\u2019ACC\u00c8S AUX MARCH\u00c9S INTERNATIONAUX Nous s\u00e9curisons le traitement des transactions (OTC et on-exchange), jusqu\u2019au r\u00e8glement-livraison final. Nous assurons la connectivit\u00e9 aux march\u00e9s ainsi que la gestion du r\u00e8glement-livraison international. La solution SLIB s\u2019adresse \u00e0 : \u2022 Interm\u00e9diaire financiers institutionnels \u2022 Les banques d\u2019investissement \u2022 Interm\u00e9diaire financiers retails \u2022 Les banques de [&hellip;]\" \/>\n<meta property=\"og:url\" content=\"https:\/\/www.slib.com\/fr\/compensation-reglement-livraison\/\" \/>\n<meta property=\"og:site_name\" content=\"Slib\" \/>\n<meta property=\"article:modified_time\" content=\"2026-01-27T16:35:27+00:00\" \/>\n<meta property=\"og:image\" content=\"https:\/\/www.slib.com\/wp-content\/uploads\/2025\/02\/corpo.png\" \/>\n<meta name=\"twitter:card\" content=\"summary_large_image\" \/>\n<meta name=\"twitter:label1\" content=\"Dur\u00e9e de lecture estim\u00e9e\" \/>\n\t<meta name=\"twitter:data1\" content=\"1 minute\" \/>\n<script type=\"application\/ld+json\" class=\"yoast-schema-graph\">{\"@context\":\"https:\/\/schema.org\",\"@graph\":[{\"@type\":\"WebPage\",\"@id\":\"https:\/\/www.slib.com\/fr\/compensation-reglement-livraison\/\",\"url\":\"https:\/\/www.slib.com\/fr\/compensation-reglement-livraison\/\",\"name\":\"Compensation &amp; R\u00e8glement-Livraison - Slib\",\"isPartOf\":{\"@id\":\"https:\/\/www.slib.com\/fr\/#website\"},\"primaryImageOfPage\":{\"@id\":\"https:\/\/www.slib.com\/fr\/compensation-reglement-livraison\/#primaryimage\"},\"image\":{\"@id\":\"https:\/\/www.slib.com\/fr\/compensation-reglement-livraison\/#primaryimage\"},\"thumbnailUrl\":\"https:\/\/www.slib.com\/wp-content\/uploads\/2025\/02\/corpo.png\",\"datePublished\":\"2025-02-26T09:41:10+00:00\",\"dateModified\":\"2026-01-27T16:35:27+00:00\",\"breadcrumb\":{\"@id\":\"https:\/\/www.slib.com\/fr\/compensation-reglement-livraison\/#breadcrumb\"},\"inLanguage\":\"fr-FR\",\"potentialAction\":[{\"@type\":\"ReadAction\",\"target\":[\"https:\/\/www.slib.com\/fr\/compensation-reglement-livraison\/\"]}]},{\"@type\":\"ImageObject\",\"inLanguage\":\"fr-FR\",\"@id\":\"https:\/\/www.slib.com\/fr\/compensation-reglement-livraison\/#primaryimage\",\"url\":\"https:\/\/www.slib.com\/wp-content\/uploads\/2025\/02\/corpo.png\",\"contentUrl\":\"https:\/\/www.slib.com\/wp-content\/uploads\/2025\/02\/corpo.png\"},{\"@type\":\"BreadcrumbList\",\"@id\":\"https:\/\/www.slib.com\/fr\/compensation-reglement-livraison\/#breadcrumb\",\"itemListElement\":[{\"@type\":\"ListItem\",\"position\":1,\"name\":\"Home\",\"item\":\"https:\/\/www.slib.com\/fr\/\"},{\"@type\":\"ListItem\",\"position\":2,\"name\":\"Compensation &amp; R\u00e8glement-Livraison\"}]},{\"@type\":\"WebSite\",\"@id\":\"https:\/\/www.slib.com\/fr\/#website\",\"url\":\"https:\/\/www.slib.com\/fr\/\",\"name\":\"Slib\",\"description\":\"\",\"potentialAction\":[{\"@type\":\"SearchAction\",\"target\":{\"@type\":\"EntryPoint\",\"urlTemplate\":\"https:\/\/www.slib.com\/fr\/?s={search_term_string}\"},\"query-input\":{\"@type\":\"PropertyValueSpecification\",\"valueRequired\":true,\"valueName\":\"search_term_string\"}}],\"inLanguage\":\"fr-FR\"}]}<\/script>","yoast_head_json":{"title":"Compensation &amp; R\u00e8glement-Livraison - Slib","robots":{"index":"index","follow":"follow","max-snippet":"max-snippet:-1","max-image-preview":"max-image-preview:large","max-video-preview":"max-video-preview:-1"},"canonical":"https:\/\/www.slib.com\/fr\/compensation-reglement-livraison\/","og_locale":"fr_FR","og_type":"article","og_title":"Compensation &amp; R\u00e8glement-Livraison - Slib","og_description":"MA\u00ceTRISER LA COMPLEXIT\u00c9 DE L\u2019ACC\u00c8S AUX MARCH\u00c9S INTERNATIONAUX Nous s\u00e9curisons le traitement des transactions (OTC et on-exchange), jusqu\u2019au r\u00e8glement-livraison final. Nous assurons la connectivit\u00e9 aux march\u00e9s ainsi que la gestion du r\u00e8glement-livraison international. La solution SLIB s\u2019adresse \u00e0 : \u2022 Interm\u00e9diaire financiers institutionnels \u2022 Les banques d\u2019investissement \u2022 Interm\u00e9diaire financiers retails \u2022 Les banques de [&hellip;]","og_url":"https:\/\/www.slib.com\/fr\/compensation-reglement-livraison\/","og_site_name":"Slib","article_modified_time":"2026-01-27T16:35:27+00:00","og_image":[{"url":"https:\/\/www.slib.com\/wp-content\/uploads\/2025\/02\/corpo.png","type":"","width":"","height":""}],"twitter_card":"summary_large_image","twitter_misc":{"Dur\u00e9e de lecture estim\u00e9e":"1 minute"},"schema":{"@context":"https:\/\/schema.org","@graph":[{"@type":"WebPage","@id":"https:\/\/www.slib.com\/fr\/compensation-reglement-livraison\/","url":"https:\/\/www.slib.com\/fr\/compensation-reglement-livraison\/","name":"Compensation &amp; R\u00e8glement-Livraison - Slib","isPartOf":{"@id":"https:\/\/www.slib.com\/fr\/#website"},"primaryImageOfPage":{"@id":"https:\/\/www.slib.com\/fr\/compensation-reglement-livraison\/#primaryimage"},"image":{"@id":"https:\/\/www.slib.com\/fr\/compensation-reglement-livraison\/#primaryimage"},"thumbnailUrl":"https:\/\/www.slib.com\/wp-content\/uploads\/2025\/02\/corpo.png","datePublished":"2025-02-26T09:41:10+00:00","dateModified":"2026-01-27T16:35:27+00:00","breadcrumb":{"@id":"https:\/\/www.slib.com\/fr\/compensation-reglement-livraison\/#breadcrumb"},"inLanguage":"fr-FR","potentialAction":[{"@type":"ReadAction","target":["https:\/\/www.slib.com\/fr\/compensation-reglement-livraison\/"]}]},{"@type":"ImageObject","inLanguage":"fr-FR","@id":"https:\/\/www.slib.com\/fr\/compensation-reglement-livraison\/#primaryimage","url":"https:\/\/www.slib.com\/wp-content\/uploads\/2025\/02\/corpo.png","contentUrl":"https:\/\/www.slib.com\/wp-content\/uploads\/2025\/02\/corpo.png"},{"@type":"BreadcrumbList","@id":"https:\/\/www.slib.com\/fr\/compensation-reglement-livraison\/#breadcrumb","itemListElement":[{"@type":"ListItem","position":1,"name":"Home","item":"https:\/\/www.slib.com\/fr\/"},{"@type":"ListItem","position":2,"name":"Compensation &amp; R\u00e8glement-Livraison"}]},{"@type":"WebSite","@id":"https:\/\/www.slib.com\/fr\/#website","url":"https:\/\/www.slib.com\/fr\/","name":"Slib","description":"","potentialAction":[{"@type":"SearchAction","target":{"@type":"EntryPoint","urlTemplate":"https:\/\/www.slib.com\/fr\/?s={search_term_string}"},"query-input":{"@type":"PropertyValueSpecification","valueRequired":true,"valueName":"search_term_string"}}],"inLanguage":"fr-FR"}]}},"_links":{"self":[{"href":"https:\/\/www.slib.com\/fr\/wp-json\/wp\/v2\/pages\/1757","targetHints":{"allow":["GET"]}}],"collection":[{"href":"https:\/\/www.slib.com\/fr\/wp-json\/wp\/v2\/pages"}],"about":[{"href":"https:\/\/www.slib.com\/fr\/wp-json\/wp\/v2\/types\/page"}],"author":[{"embeddable":true,"href":"https:\/\/www.slib.com\/fr\/wp-json\/wp\/v2\/users\/2"}],"replies":[{"embeddable":true,"href":"https:\/\/www.slib.com\/fr\/wp-json\/wp\/v2\/comments?post=1757"}],"version-history":[{"count":7,"href":"https:\/\/www.slib.com\/fr\/wp-json\/wp\/v2\/pages\/1757\/revisions"}],"predecessor-version":[{"id":1959,"href":"https:\/\/www.slib.com\/fr\/wp-json\/wp\/v2\/pages\/1757\/revisions\/1959"}],"wp:attachment":[{"href":"https:\/\/www.slib.com\/fr\/wp-json\/wp\/v2\/media?parent=1757"}],"curies":[{"name":"wp","href":"https:\/\/api.w.org\/{rel}","templated":true}]}}