
{"id":1759,"date":"2025-02-27T15:02:27","date_gmt":"2025-02-27T14:02:27","guid":{"rendered":"https:\/\/www.slib.com\/votaccess-hub-des-procurations-pre-assemblee-generale\/"},"modified":"2025-12-15T13:46:17","modified_gmt":"2025-12-15T12:46:17","slug":"votaccess-hub-des-procurations-pre-assemblee-generale","status":"publish","type":"page","link":"https:\/\/www.slib.com\/fr\/votaccess-hub-des-procurations-pre-assemblee-generale\/","title":{"rendered":"VOTACCESS\u00ae HUB DES PROCURATIONS PR\u00c9-ASSEMBL\u00c9E G\u00c9N\u00c9RALE"},"content":{"rendered":"\n<div class=\"wp-block-group alignwide trigger is-layout-constrained wp-block-group-is-layout-constrained\">\n<h1 class=\"wp-block-heading has-text-align-left is-style-title-h2\">Assembl\u00e9es G\u00e9n\u00e9rales en ligne pour les soci\u00e9t\u00e9s cot\u00e9es<\/h1>\n<\/div>\n\n<div class=\"wp-block-group alignwide trigger block-group group-with-2-columns variation-50-50 has-white-background-color has-background is-layout-constrained wp-block-group-is-layout-constrained\">\n<div class=\"wp-block-columns are-vertically-aligned-center is-not-stacked-on-mobile is-layout-flex wp-container-core-columns-is-layout-9d6595d7 wp-block-columns-is-layout-flex\">\n<div class=\"wp-block-column is-vertically-aligned-center reveal-stagger is-layout-flow wp-block-column-is-layout-flow\" style=\"flex-basis:50%\">\n<div class=\"wp-block-group is-layout-flow wp-block-group-is-layout-flow\">\n<p>Votaccess\u00ae est une plateforme de vote \u00e9lectronique destin\u00e9e aux soci\u00e9t\u00e9s cot\u00e9es, con\u00e7ue pour faciliter et s\u00e9curiser les \u00e9changes entre \u00e9metteurs, mandataires d\u2019\u00e9metteurs, teneurs de compte-conservateurs et plateformes de global proxy voting.<\/p>\n\n\n\n<div style=\"height:100px\" aria-hidden=\"true\" class=\"wp-block-spacer is-style-spacer-s\"><\/div>\n\n\n\n<p>Votaccess\u00ae optimise la gestion des assembl\u00e9es g\u00e9n\u00e9rales en permettant aux actionnaires d\u2019acc\u00e9der en toute s\u00e9curit\u00e9 \u00e0 une solution de vote num\u00e9rique directement depuis leur application bancaire personnelle.<\/p>\n\n\n\n<div style=\"height:100px\" aria-hidden=\"true\" class=\"wp-block-spacer is-style-spacer-s\"><\/div>\n\n\n\n<div style=\"height:100px\" aria-hidden=\"true\" class=\"wp-block-spacer is-style-spacer-xs\"><\/div>\n\n\n\n<p>La plateforme permet la collecte d\u00e9mat\u00e9rialis\u00e9e des instructions de vote des actionnaires en amont des assembl\u00e9es g\u00e9n\u00e9rales. Elle simplifie l\u2019acc\u00e8s aux fonctionnalit\u00e9s de vote pour les actionnaires r\u00e9sidents comme non-r\u00e9sidents, investisseurs particuliers ou institutionnels, qu\u2019il s\u2019agisse d\u2019actions au porteur ou nominatives. <\/p>\n\n\n\n<div style=\"height:100px\" aria-hidden=\"true\" class=\"wp-block-spacer is-style-spacer-s\"><\/div>\n\n\n\n<p><br\/><\/p>\n\n\n\n<p>Les investisseurs particuliers peuvent \u00e9galement acc\u00e9der au vote \u00e9lectronique sur certains march\u00e9s \u00e9trangers dans lesquels ils d\u00e9tiennent des titres : \u00e0 ce jour l\u2019Allemagne, l\u2019Espagne, l\u2019Italie (via notre partenariat avec Broadridge), ainsi que la Belgique et les Pays-Bas (via un lien direct avec les CSDs Euroclear).<\/p>\n\n\n\n<div style=\"height:100px\" aria-hidden=\"true\" class=\"wp-block-spacer is-style-spacer-l\"><\/div>\n\n\n\n<div class=\"wp-block-buttons is-layout-flex wp-block-buttons-is-layout-flex\">\n<div class=\"wp-block-button is-style-cta\"><a class=\"wp-block-button__link has-white-color has-green-background-color has-text-color has-background has-link-color wp-element-button\" href=\"https:\/\/www.slib.com\/fr\/contact\/\">Contactez-nous<\/a><\/div>\n<\/div>\n<\/div>\n<\/div>\n\n\n\n<div class=\"wp-block-column is-vertically-aligned-center reveal-stagger is-layout-flow wp-block-column-is-layout-flow\" style=\"flex-basis:50%\">\n<div class=\"wp-block-cover is-light\"><span aria-hidden=\"true\" class=\"wp-block-cover__background has-background-dim-0 has-background-dim\" style=\"background-color:#868787\"><\/span><img loading=\"lazy\" decoding=\"async\" width=\"618\" height=\"412\" class=\"wp-block-cover__image-background wp-image-937\" alt=\"\" src=\"https:\/\/www.slib.com\/wp-content\/uploads\/2025\/02\/corpo.png\" data-object-fit=\"cover\" srcset=\"https:\/\/www.slib.com\/wp-content\/uploads\/2025\/02\/corpo.png 618w, https:\/\/www.slib.com\/wp-content\/uploads\/2025\/02\/corpo-300x200.png 300w\" sizes=\"auto, (max-width: 618px) 100vw, 618px\" \/><div class=\"wp-block-cover__inner-container is-layout-flow wp-block-cover-is-layout-flow\">\n<p class=\"has-text-align-center\"><\/p>\n<\/div><\/div>\n<\/div>\n<\/div>\n<\/div>\n\n<div class=\"wp-block-group alignfull trigger block-group group-with-2-columns variation-50-50 group-with-video has-dark-blue-background-color has-background is-layout-constrained wp-block-group-is-layout-constrained\">\n<figure class=\"wp-block-video alignfull\"><video height=\"1080\" style=\"aspect-ratio: 1920 \/ 1080;\" width=\"1920\" autoplay=\"\" loop=\"\" muted=\"\" src=\"https:\/\/www.slib.com\/wp-content\/uploads\/2025\/02\/Abstrait-courbe3.webm\"><\/video><\/figure>\n\n\n\n<div class=\"wp-block-columns are-vertically-aligned-center is-not-stacked-on-mobile is-layout-flex wp-container-core-columns-is-layout-9d6595d7 wp-block-columns-is-layout-flex\">\n<div class=\"wp-block-column is-vertically-aligned-center reveal-stagger is-layout-flow wp-block-column-is-layout-flow\" style=\"flex-basis:50%\">\n<div class=\"wp-block-group is-layout-flow wp-block-group-is-layout-flow\">\n<h2 class=\"wp-block-heading style-poppins-highlight has-white-color has-text-color has-link-color has-poppins-font-family wp-elements-90eb6440a5b906a38679834d0f7f92f5\">VOS<br\/>BESOINS<\/h2>\n<\/div>\n\n\n\n<div style=\"height:100px\" aria-hidden=\"true\" class=\"wp-block-spacer is-style-spacer-m\"><\/div>\n\n\n\n<div class=\"wp-block-group group-with-arrow white-arrow is-layout-flow wp-block-group-is-layout-flow\">\n<ul class=\"wp-block-list is-style-list-style-1 has-white-color has-text-color has-link-color wp-elements-fe24de42da57e2620594a8fc2cbbd5f7\">\n<li>Conformit\u00e9 aux normes europ\u00e9ennes et \u00e0 la Directive sur les droits des actionnaires (SRD2)<\/li>\n\n\n\n<li>Prise en compte compl\u00e8te des recommandations de l\u2019Autorit\u00e9 des March\u00e9s Financiers (AMF)<\/li>\n\n\n\n<li>Respect des r\u00e8gles fix\u00e9es par les \u00e9metteurs (ANSA et AFEP) et de la loi PACTE promulgu\u00e9e le 22 mai 2019<\/li>\n\n\n\n<li>Une solution robuste, utilis\u00e9e par la majorit\u00e9 des institutions de la Place de Paris<\/li>\n\n\n\n<li>Standard ISO 20022<\/li>\n<\/ul>\n<\/div>\n<\/div>\n\n\n\n<div class=\"wp-block-column is-vertically-aligned-center reveal-stagger is-layout-flow wp-block-column-is-layout-flow\" style=\"flex-basis:50%\">\n<div class=\"wp-block-group is-layout-flow wp-block-group-is-layout-flow\">\n<h2 class=\"wp-block-heading has-text-align-left style-poppins-highlight has-white-color has-text-color has-link-color has-poppins-font-family wp-elements-66872637162971016adddf57b30d332f\">NOS<br\/><strong>SOLUTIONS<\/strong><\/h2>\n<\/div>\n\n\n\n<div style=\"height:100px\" aria-hidden=\"true\" class=\"wp-block-spacer is-style-spacer-m\"><\/div>\n\n\n\n<div class=\"wp-block-group group-with-arrow white-arrow is-layout-flow wp-block-group-is-layout-flow\">\n<ul class=\"wp-block-list is-style-list-style-1 has-white-color has-text-color has-link-color wp-elements-e52273667d1cbff4721f3f818e5b195d\">\n<li>Mod\u00e8le \u00ab hub \u00bb<\/li>\n\n\n\n<li>Capture et diffusion des avis de convocation<\/li>\n\n\n\n<li>Collecte des instructions de vote en amont des assembl\u00e9es g\u00e9n\u00e9rales<\/li>\n\n\n\n<li>Distribution automatis\u00e9e vers les \u00e9metteurs et leurs mandataires<\/li>\n\n\n\n<li>Connexion native avec les principaux acteurs du march\u00e9 : solutions bancaires de d\u00e9tail, prestataires de services de vote par procuration (Broadridge, Proxymity), d\u00e9positaires centraux de titres (Euroclear)<\/li>\n\n\n\n<li>Conformit\u00e9 r\u00e9glementaire (SRD2)<\/li>\n\n\n\n<li>Standard ISO 20022<\/li>\n<\/ul>\n<\/div>\n<\/div>\n<\/div>\n<\/div>\n\n<div style=\"height:100px\" aria-hidden=\"true\" class=\"wp-block-spacer\"><\/div>\n\n<div class=\"wp-block-group alignfull trigger group-padding-big  has-light-grey-background-color has-background is-layout-constrained wp-block-group-is-layout-constrained\">\n<div id=\"pannel-4\" class=\"wp-block-group group-with-3-columns chiffres-cles is-layout-constrained wp-block-group-is-layout-constrained\">\n<div class=\"wp-block-columns is-not-stacked-on-mobile is-layout-flex wp-container-core-columns-is-layout-9d6595d7 wp-block-columns-is-layout-flex\">\n<div class=\"wp-block-column is-layout-flow wp-block-column-is-layout-flow\">\n<div class=\"wp-block-group is-layout-flow wp-block-group-is-layout-flow\">\n<p class=\"has-text-align-center number number-primary number-animate has-green-color has-text-color has-link-color has-poppins-font-family wp-elements-50cba6bda1f757b451356f410ae12b84\" style=\"font-style:normal;font-weight:700\">343<\/p>\n<\/div>\n\n\n\n<div class=\"wp-block-group is-layout-flow wp-block-group-is-layout-flow\">\n<p class=\"has-text-align-center number-secondary has-light-blue-color has-text-color has-link-color has-quicksand-font-family wp-elements-6d008a9226e0314ee6b0506a7cf96864\" style=\"font-style:normal;font-weight:400\">Assembl\u00e9es g\u00e9n\u00e9rales organis\u00e9es en 2024<\/p>\n<\/div>\n<\/div>\n\n\n\n<div class=\"wp-block-column is-layout-flow wp-block-column-is-layout-flow\">\n<div class=\"wp-block-group is-layout-flow wp-block-group-is-layout-flow\">\n<p class=\"has-text-align-center number number-primary number-animate has-green-color has-text-color has-link-color has-poppins-font-family wp-elements-fcf9b0d60f5086c1c15560ed8a4010cc\" style=\"font-style:normal;font-weight:700\">708000<\/p>\n<\/div>\n\n\n\n<div class=\"wp-block-group is-layout-flow wp-block-group-is-layout-flow\">\n<p class=\"has-text-align-center number-secondary is-style-default has-light-blue-color has-text-color has-link-color has-quicksand-font-family wp-elements-8d558c7b5e9fb5e2015c9871a938a859\" style=\"font-style:normal;font-weight:400\">Votes exprim\u00e9s en 2024<\/p>\n\n\n\n<p class=\"has-text-align-center number-secondary has-light-blue-color has-text-color has-link-color has-quicksand-font-family wp-elements-a7edaa7364768881db6beaf78228040f\" style=\"font-style:normal;font-weight:400\"><\/p>\n<\/div>\n<\/div>\n\n\n\n<div class=\"wp-block-column is-layout-flow wp-block-column-is-layout-flow\">\n<div class=\"wp-block-group is-layout-constrained wp-block-group-is-layout-constrained\">\n<p class=\"has-text-align-center number number-primary number-animate has-green-color has-text-color has-link-color has-poppins-font-family wp-elements-132c9904ae2e44c50f5bfcd492a2db0c\" style=\"font-style:normal;font-weight:700\">18<\/p>\n<\/div>\n\n\n\n<div class=\"wp-block-group is-layout-constrained wp-block-group-is-layout-constrained\">\n<p class=\"has-text-align-center number-secondary has-light-blue-color has-text-color has-link-color has-quicksand-font-family wp-elements-56e173f14c867cff3799d1637fc85194\" style=\"font-style:normal;font-weight:400\">Partenaires connect\u00e9s<br\/>(mandataires d\u2019\u00e9metteurs, teneurs de compte-conservateurs, CSD, plateformes mondiales de vote par procuration)<\/p>\n\n\n\n<p><\/p>\n\n\n\n<p class=\"has-text-align-center number-secondary has-light-blue-color has-text-color has-link-color has-quicksand-font-family wp-elements-a7edaa7364768881db6beaf78228040f\" style=\"font-style:normal;font-weight:400\"><\/p>\n<\/div>\n<\/div>\n<\/div>\n<\/div>\n<\/div>\n","protected":false},"excerpt":{"rendered":"<p>Assembl\u00e9es G\u00e9n\u00e9rales en ligne pour les soci\u00e9t\u00e9s cot\u00e9es Votaccess\u00ae est une plateforme de vote \u00e9lectronique destin\u00e9e aux soci\u00e9t\u00e9s cot\u00e9es, con\u00e7ue pour faciliter et s\u00e9curiser les \u00e9changes entre \u00e9metteurs, mandataires d\u2019\u00e9metteurs, teneurs de compte-conservateurs et plateformes de global proxy voting. Votaccess\u00ae optimise la gestion des assembl\u00e9es g\u00e9n\u00e9rales en permettant aux actionnaires d\u2019acc\u00e9der en toute s\u00e9curit\u00e9 \u00e0 [&hellip;]<\/p>\n","protected":false},"author":2,"featured_media":0,"parent":0,"menu_order":0,"comment_status":"closed","ping_status":"closed","template":"","meta":{"_acf_changed":false,"om_disable_all_campaigns":false,"_relevanssi_hide_post":"","_relevanssi_hide_content":"","_relevanssi_pin_for_all":"","_relevanssi_pin_keywords":"","_relevanssi_unpin_keywords":"","_relevanssi_related_keywords":"","_relevanssi_related_include_ids":"","_relevanssi_related_exclude_ids":"","_relevanssi_related_no_append":"","_relevanssi_related_not_related":"","_relevanssi_related_posts":"","_relevanssi_noindex_reason":"","footnotes":""},"class_list":["post-1759","page","type-page","status-publish","hentry"],"acf":[],"yoast_head":"<title>VOTACCESS\u00ae HUB DES PROCURATIONS PR\u00c9-ASSEMBL\u00c9E G\u00c9N\u00c9RALE - Slib<\/title>\n<meta name=\"robots\" content=\"index, follow, max-snippet:-1, max-image-preview:large, max-video-preview:-1\" \/>\n<link rel=\"canonical\" href=\"https:\/\/www.slib.com\/fr\/votaccess-hub-des-procurations-pre-assemblee-generale\/\" \/>\n<meta property=\"og:locale\" content=\"fr_FR\" \/>\n<meta property=\"og:type\" content=\"article\" \/>\n<meta property=\"og:title\" content=\"VOTACCESS\u00ae HUB DES PROCURATIONS PR\u00c9-ASSEMBL\u00c9E G\u00c9N\u00c9RALE - Slib\" \/>\n<meta property=\"og:description\" content=\"Assembl\u00e9es G\u00e9n\u00e9rales en ligne pour les soci\u00e9t\u00e9s cot\u00e9es Votaccess\u00ae est une plateforme de vote \u00e9lectronique destin\u00e9e aux soci\u00e9t\u00e9s cot\u00e9es, con\u00e7ue pour faciliter et s\u00e9curiser les \u00e9changes entre \u00e9metteurs, mandataires d\u2019\u00e9metteurs, teneurs de compte-conservateurs et plateformes de global proxy voting. Votaccess\u00ae optimise la gestion des assembl\u00e9es g\u00e9n\u00e9rales en permettant aux actionnaires d\u2019acc\u00e9der en toute s\u00e9curit\u00e9 \u00e0 [&hellip;]\" \/>\n<meta property=\"og:url\" content=\"https:\/\/www.slib.com\/fr\/votaccess-hub-des-procurations-pre-assemblee-generale\/\" \/>\n<meta property=\"og:site_name\" content=\"Slib\" \/>\n<meta property=\"article:modified_time\" content=\"2025-12-15T12:46:17+00:00\" \/>\n<meta property=\"og:image\" content=\"https:\/\/www.slib.com\/wp-content\/uploads\/2025\/02\/corpo.png\" \/>\n<meta name=\"twitter:card\" content=\"summary_large_image\" \/>\n<meta name=\"twitter:label1\" content=\"Dur\u00e9e de lecture estim\u00e9e\" \/>\n\t<meta name=\"twitter:data1\" content=\"2 minutes\" \/>\n<script type=\"application\/ld+json\" class=\"yoast-schema-graph\">{\"@context\":\"https:\/\/schema.org\",\"@graph\":[{\"@type\":\"WebPage\",\"@id\":\"https:\/\/www.slib.com\/fr\/votaccess-hub-des-procurations-pre-assemblee-generale\/\",\"url\":\"https:\/\/www.slib.com\/fr\/votaccess-hub-des-procurations-pre-assemblee-generale\/\",\"name\":\"VOTACCESS\u00ae HUB DES PROCURATIONS PR\u00c9-ASSEMBL\u00c9E G\u00c9N\u00c9RALE - Slib\",\"isPartOf\":{\"@id\":\"https:\/\/www.slib.com\/fr\/#website\"},\"primaryImageOfPage\":{\"@id\":\"https:\/\/www.slib.com\/fr\/votaccess-hub-des-procurations-pre-assemblee-generale\/#primaryimage\"},\"image\":{\"@id\":\"https:\/\/www.slib.com\/fr\/votaccess-hub-des-procurations-pre-assemblee-generale\/#primaryimage\"},\"thumbnailUrl\":\"https:\/\/www.slib.com\/wp-content\/uploads\/2025\/02\/corpo.png\",\"datePublished\":\"2025-02-27T14:02:27+00:00\",\"dateModified\":\"2025-12-15T12:46:17+00:00\",\"breadcrumb\":{\"@id\":\"https:\/\/www.slib.com\/fr\/votaccess-hub-des-procurations-pre-assemblee-generale\/#breadcrumb\"},\"inLanguage\":\"fr-FR\",\"potentialAction\":[{\"@type\":\"ReadAction\",\"target\":[\"https:\/\/www.slib.com\/fr\/votaccess-hub-des-procurations-pre-assemblee-generale\/\"]}]},{\"@type\":\"ImageObject\",\"inLanguage\":\"fr-FR\",\"@id\":\"https:\/\/www.slib.com\/fr\/votaccess-hub-des-procurations-pre-assemblee-generale\/#primaryimage\",\"url\":\"https:\/\/www.slib.com\/wp-content\/uploads\/2025\/02\/corpo.png\",\"contentUrl\":\"https:\/\/www.slib.com\/wp-content\/uploads\/2025\/02\/corpo.png\"},{\"@type\":\"BreadcrumbList\",\"@id\":\"https:\/\/www.slib.com\/fr\/votaccess-hub-des-procurations-pre-assemblee-generale\/#breadcrumb\",\"itemListElement\":[{\"@type\":\"ListItem\",\"position\":1,\"name\":\"Home\",\"item\":\"https:\/\/www.slib.com\/fr\/\"},{\"@type\":\"ListItem\",\"position\":2,\"name\":\"VOTACCESS\u00ae HUB DES PROCURATIONS PR\u00c9-ASSEMBL\u00c9E G\u00c9N\u00c9RALE\"}]},{\"@type\":\"WebSite\",\"@id\":\"https:\/\/www.slib.com\/fr\/#website\",\"url\":\"https:\/\/www.slib.com\/fr\/\",\"name\":\"Slib\",\"description\":\"\",\"potentialAction\":[{\"@type\":\"SearchAction\",\"target\":{\"@type\":\"EntryPoint\",\"urlTemplate\":\"https:\/\/www.slib.com\/fr\/?s={search_term_string}\"},\"query-input\":{\"@type\":\"PropertyValueSpecification\",\"valueRequired\":true,\"valueName\":\"search_term_string\"}}],\"inLanguage\":\"fr-FR\"}]}<\/script>","yoast_head_json":{"title":"VOTACCESS\u00ae HUB DES PROCURATIONS PR\u00c9-ASSEMBL\u00c9E G\u00c9N\u00c9RALE - Slib","robots":{"index":"index","follow":"follow","max-snippet":"max-snippet:-1","max-image-preview":"max-image-preview:large","max-video-preview":"max-video-preview:-1"},"canonical":"https:\/\/www.slib.com\/fr\/votaccess-hub-des-procurations-pre-assemblee-generale\/","og_locale":"fr_FR","og_type":"article","og_title":"VOTACCESS\u00ae HUB DES PROCURATIONS PR\u00c9-ASSEMBL\u00c9E G\u00c9N\u00c9RALE - Slib","og_description":"Assembl\u00e9es G\u00e9n\u00e9rales en ligne pour les soci\u00e9t\u00e9s cot\u00e9es Votaccess\u00ae est une plateforme de vote \u00e9lectronique destin\u00e9e aux soci\u00e9t\u00e9s cot\u00e9es, con\u00e7ue pour faciliter et s\u00e9curiser les \u00e9changes entre \u00e9metteurs, mandataires d\u2019\u00e9metteurs, teneurs de compte-conservateurs et plateformes de global proxy voting. Votaccess\u00ae optimise la gestion des assembl\u00e9es g\u00e9n\u00e9rales en permettant aux actionnaires d\u2019acc\u00e9der en toute s\u00e9curit\u00e9 \u00e0 [&hellip;]","og_url":"https:\/\/www.slib.com\/fr\/votaccess-hub-des-procurations-pre-assemblee-generale\/","og_site_name":"Slib","article_modified_time":"2025-12-15T12:46:17+00:00","og_image":[{"url":"https:\/\/www.slib.com\/wp-content\/uploads\/2025\/02\/corpo.png","type":"","width":"","height":""}],"twitter_card":"summary_large_image","twitter_misc":{"Dur\u00e9e de lecture estim\u00e9e":"2 minutes"},"schema":{"@context":"https:\/\/schema.org","@graph":[{"@type":"WebPage","@id":"https:\/\/www.slib.com\/fr\/votaccess-hub-des-procurations-pre-assemblee-generale\/","url":"https:\/\/www.slib.com\/fr\/votaccess-hub-des-procurations-pre-assemblee-generale\/","name":"VOTACCESS\u00ae HUB DES PROCURATIONS PR\u00c9-ASSEMBL\u00c9E G\u00c9N\u00c9RALE - Slib","isPartOf":{"@id":"https:\/\/www.slib.com\/fr\/#website"},"primaryImageOfPage":{"@id":"https:\/\/www.slib.com\/fr\/votaccess-hub-des-procurations-pre-assemblee-generale\/#primaryimage"},"image":{"@id":"https:\/\/www.slib.com\/fr\/votaccess-hub-des-procurations-pre-assemblee-generale\/#primaryimage"},"thumbnailUrl":"https:\/\/www.slib.com\/wp-content\/uploads\/2025\/02\/corpo.png","datePublished":"2025-02-27T14:02:27+00:00","dateModified":"2025-12-15T12:46:17+00:00","breadcrumb":{"@id":"https:\/\/www.slib.com\/fr\/votaccess-hub-des-procurations-pre-assemblee-generale\/#breadcrumb"},"inLanguage":"fr-FR","potentialAction":[{"@type":"ReadAction","target":["https:\/\/www.slib.com\/fr\/votaccess-hub-des-procurations-pre-assemblee-generale\/"]}]},{"@type":"ImageObject","inLanguage":"fr-FR","@id":"https:\/\/www.slib.com\/fr\/votaccess-hub-des-procurations-pre-assemblee-generale\/#primaryimage","url":"https:\/\/www.slib.com\/wp-content\/uploads\/2025\/02\/corpo.png","contentUrl":"https:\/\/www.slib.com\/wp-content\/uploads\/2025\/02\/corpo.png"},{"@type":"BreadcrumbList","@id":"https:\/\/www.slib.com\/fr\/votaccess-hub-des-procurations-pre-assemblee-generale\/#breadcrumb","itemListElement":[{"@type":"ListItem","position":1,"name":"Home","item":"https:\/\/www.slib.com\/fr\/"},{"@type":"ListItem","position":2,"name":"VOTACCESS\u00ae HUB DES PROCURATIONS PR\u00c9-ASSEMBL\u00c9E G\u00c9N\u00c9RALE"}]},{"@type":"WebSite","@id":"https:\/\/www.slib.com\/fr\/#website","url":"https:\/\/www.slib.com\/fr\/","name":"Slib","description":"","potentialAction":[{"@type":"SearchAction","target":{"@type":"EntryPoint","urlTemplate":"https:\/\/www.slib.com\/fr\/?s={search_term_string}"},"query-input":{"@type":"PropertyValueSpecification","valueRequired":true,"valueName":"search_term_string"}}],"inLanguage":"fr-FR"}]}},"_links":{"self":[{"href":"https:\/\/www.slib.com\/fr\/wp-json\/wp\/v2\/pages\/1759","targetHints":{"allow":["GET"]}}],"collection":[{"href":"https:\/\/www.slib.com\/fr\/wp-json\/wp\/v2\/pages"}],"about":[{"href":"https:\/\/www.slib.com\/fr\/wp-json\/wp\/v2\/types\/page"}],"author":[{"embeddable":true,"href":"https:\/\/www.slib.com\/fr\/wp-json\/wp\/v2\/users\/2"}],"replies":[{"embeddable":true,"href":"https:\/\/www.slib.com\/fr\/wp-json\/wp\/v2\/comments?post=1759"}],"version-history":[{"count":7,"href":"https:\/\/www.slib.com\/fr\/wp-json\/wp\/v2\/pages\/1759\/revisions"}],"predecessor-version":[{"id":1843,"href":"https:\/\/www.slib.com\/fr\/wp-json\/wp\/v2\/pages\/1759\/revisions\/1843"}],"wp:attachment":[{"href":"https:\/\/www.slib.com\/fr\/wp-json\/wp\/v2\/media?parent=1759"}],"curies":[{"name":"wp","href":"https:\/\/api.w.org\/{rel}","templated":true}]}}