
{"id":1761,"date":"2025-02-15T12:33:32","date_gmt":"2025-02-15T11:33:32","guid":{"rendered":"https:\/\/www.slib.com\/routage-dordres-gestion-des-transactions\/"},"modified":"2025-12-30T16:32:07","modified_gmt":"2025-12-30T15:32:07","slug":"routage-dordres-gestion-des-transactions","status":"publish","type":"page","link":"https:\/\/www.slib.com\/fr\/routage-dordres-gestion-des-transactions\/","title":{"rendered":"Routage d\u2019ordres &amp; Gestion des transactions"},"content":{"rendered":"\n<div class=\"wp-block-group alignwide trigger is-layout-constrained wp-block-group-is-layout-constrained\">\n<h1 class=\"wp-block-heading has-text-align-left is-style-title-h2\">Traitement de forts volumes<br\/>et de flux de transactions sensibles<\/h1>\n<\/div>\n\n<div class=\"wp-block-group alignwide trigger block-group group-with-2-columns variation-50-50 has-white-background-color has-background is-layout-constrained wp-block-group-is-layout-constrained\">\n<div class=\"wp-block-columns are-vertically-aligned-center is-not-stacked-on-mobile is-layout-flex wp-container-core-columns-is-layout-9d6595d7 wp-block-columns-is-layout-flex\">\n<div class=\"wp-block-column is-vertically-aligned-center reveal-stagger is-layout-flow wp-block-column-is-layout-flow\" style=\"flex-basis:50%\">\n<div class=\"wp-block-group is-layout-flow wp-block-group-is-layout-flow\">\n<p class=\"has-quicksand-font-family\">La solution multi-actifs de SLIB est particuli\u00e8rement adapt\u00e9e pour :<\/p>\n\n\n\n<div style=\"height:100px\" aria-hidden=\"true\" class=\"wp-block-spacer is-style-spacer-s\"><\/div>\n\n\n\n<ul class=\"wp-block-list is-style-default\">\n<li>Interm\u00e9diaire financiers institutionnels (Institutional Broker-Dealers)<\/li>\n\n\n\n<li>Les banques d\u2019investissement (Investment Banks)<\/li>\n\n\n\n<li>Interm\u00e9diaire financiers \u00ab retails \u00bb (Retail Brokers)<\/li>\n\n\n\n<li>Les banques de d\u00e9tail (Retail Banks)<\/li>\n<\/ul>\n\n\n\n<div style=\"height:100px\" aria-hidden=\"true\" class=\"wp-block-spacer is-style-spacer-l\"><\/div>\n\n\n\n<div class=\"wp-block-buttons is-layout-flex wp-block-buttons-is-layout-flex\">\n<div class=\"wp-block-button is-style-cta\"><a class=\"wp-block-button__link has-white-color has-green-background-color has-text-color has-background has-link-color wp-element-button\" href=\"https:\/\/www.slib.com\/fr\/contact\/\">Contactez nous<\/a><\/div>\n<\/div>\n<\/div>\n<\/div>\n\n\n\n<div class=\"wp-block-column is-vertically-aligned-center reveal-stagger is-layout-flow wp-block-column-is-layout-flow\" style=\"flex-basis:50%\">\n<div class=\"wp-block-cover is-light\"><span aria-hidden=\"true\" class=\"wp-block-cover__background has-background-dim-0 has-background-dim\" style=\"background-color:#868787\"><\/span><img loading=\"lazy\" decoding=\"async\" width=\"618\" height=\"412\" class=\"wp-block-cover__image-background wp-image-937\" alt=\"\" src=\"https:\/\/www.slib.com\/wp-content\/uploads\/2025\/02\/corpo.png\" data-object-fit=\"cover\" srcset=\"https:\/\/www.slib.com\/wp-content\/uploads\/2025\/02\/corpo.png 618w, https:\/\/www.slib.com\/wp-content\/uploads\/2025\/02\/corpo-300x200.png 300w\" sizes=\"auto, (max-width: 618px) 100vw, 618px\" \/><div class=\"wp-block-cover__inner-container is-layout-flow wp-block-cover-is-layout-flow\">\n<p class=\"has-text-align-center\"><\/p>\n<\/div><\/div>\n<\/div>\n<\/div>\n<\/div>\n\n<div class=\"wp-block-group alignfull trigger block-group group-with-2-columns variation-50-50 has-light-grey-background-color has-background is-layout-constrained wp-block-group-is-layout-constrained\">\n<div class=\"wp-block-columns is-not-stacked-on-mobile is-layout-flex wp-container-core-columns-is-layout-9d6595d7 wp-block-columns-is-layout-flex\">\n<div class=\"wp-block-column is-vertically-aligned-center is-layout-flow wp-block-column-is-layout-flow\" style=\"flex-basis:50%\">\n<div class=\"wp-block-group reveal-stagger is-layout-flow wp-block-group-is-layout-flow\">\n<h2 class=\"wp-block-heading\">Nos<br\/><strong>SOLUTIONS<\/strong><\/h2>\n\n\n\n<div style=\"height:100px\" aria-hidden=\"true\" class=\"wp-block-spacer is-style-spacer-xs\"><\/div>\n\n\n\n<h3 class=\"wp-block-heading\">pour la gestion des transactions et le routage des ordres<\/h3>\n<\/div>\n<\/div>\n\n\n\n<div class=\"wp-block-column is-vertically-aligned-center is-layout-flow wp-block-column-is-layout-flow\" style=\"flex-basis:50%\">\n<div class=\"wp-block-group reveal-stagger group-with-arrow blue-arrow is-layout-flow wp-block-group-is-layout-flow\">\n<h3 class=\"wp-block-heading\"><strong>ORDER MANAGEMENT SYSTEM (OMS)<\/strong><\/h3>\n\n\n\n<p>Carnet d\u2019ordres multi-actifs, sp\u00e9cialement con\u00e7u pour le routage d\u2019ordres \u00ab retail \u00bb afin d\u2019accro\u00eetre le niveau de contr\u00f4le et de suivi de leurs flux de transactions.<br\/>Notre Order Management System automatise vos flux d\u2019ordres selon des r\u00e8gles de filtrage et de routage pr\u00e9d\u00e9finies. <\/p>\n<\/div>\n\n\n\n<div style=\"height:100px\" aria-hidden=\"true\" class=\"wp-block-spacer is-style-spacer-m\"><\/div>\n\n\n\n<div class=\"wp-block-group reveal-stagger group-with-arrow blue-arrow is-layout-flow wp-block-group-is-layout-flow\">\n<h3 class=\"wp-block-heading\"><strong>MIDDLE-OFFICE<\/strong><\/h3>\n\n\n\n<ul class=\"wp-block-list\">\n<li>Capture des transactions issues de notre OMS ainsi que des Front Offices externes<\/li>\n\n\n\n<li>Allocation des transactions : enrichissement, calcul des frais et taxes (montant bruts et nets), r\u00e9cup\u00e9ration des SSIs, etc.<\/li>\n\n\n\n<li>Confirmation des transactions (bloc &amp; d\u00e9tail) via CTM, SBI, FIX, email<\/li>\n\n\n\n<li>Pr\u00e9paration du r\u00e8glement-livraison<\/li>\n<\/ul>\n<\/div>\n<\/div>\n<\/div>\n<\/div>\n\n<div class=\"wp-block-group alignfull trigger block-group group-with-2-columns variation-50-50 group-with-video has-dark-blue-background-color has-background is-layout-constrained wp-block-group-is-layout-constrained\">\n<figure class=\"wp-block-video alignfull\"><video height=\"1080\" style=\"aspect-ratio: 1920 \/ 1080;\" width=\"1920\" autoplay=\"\" loop=\"\" muted=\"\" src=\"https:\/\/www.slib.com\/wp-content\/uploads\/2025\/02\/Abstrait-courbe3.webm\"><\/video><\/figure>\n\n\n\n<div class=\"wp-block-columns are-vertically-aligned-center is-not-stacked-on-mobile is-layout-flex wp-container-core-columns-is-layout-9d6595d7 wp-block-columns-is-layout-flex\">\n<div class=\"wp-block-column is-vertically-aligned-center reveal-stagger is-layout-flow wp-block-column-is-layout-flow\" style=\"flex-basis:50%\">\n<div class=\"wp-block-group is-layout-flow wp-block-group-is-layout-flow\">\n<h2 class=\"wp-block-heading style-poppins-highlight has-white-color has-text-color has-link-color has-poppins-font-family wp-elements-90eb6440a5b906a38679834d0f7f92f5\">VOS<br\/>BESOINS<\/h2>\n<\/div>\n\n\n\n<div style=\"height:100px\" aria-hidden=\"true\" class=\"wp-block-spacer is-style-spacer-m\"><\/div>\n\n\n\n<div class=\"wp-block-group group-with-arrow white-arrow is-layout-flow wp-block-group-is-layout-flow\">\n<ul class=\"wp-block-list is-style-list-style-1 has-white-color has-text-color has-link-color wp-elements-59dca22ef8e73c36039c9d4162e0b46c\">\n<li>Multi-actifs<\/li>\n\n\n\n<li>Capacit\u00e9 \u00e0 traiter de forts volumes de mani\u00e8re fiable<\/li>\n\n\n\n<li>Permettre \u00e0 vos \u00e9quipes de se concentrer sur la gestion des exceptions<\/li>\n\n\n\n<li>Mettre en \u0153uvre des solutions personnalisables pour r\u00e9pondre \u00e0 l\u2019\u00e9volution de vos besoins<\/li>\n<\/ul>\n<\/div>\n<\/div>\n\n\n\n<div class=\"wp-block-column is-vertically-aligned-center reveal-stagger is-layout-flow wp-block-column-is-layout-flow\" style=\"flex-basis:50%\">\n<div class=\"wp-block-group is-layout-flow wp-block-group-is-layout-flow\">\n<h2 class=\"wp-block-heading has-text-align-left style-poppins-highlight has-white-color has-text-color has-link-color has-poppins-font-family wp-elements-66872637162971016adddf57b30d332f\">NOS<br\/><strong>SOLUTIONS<\/strong><\/h2>\n<\/div>\n\n\n\n<div style=\"height:100px\" aria-hidden=\"true\" class=\"wp-block-spacer is-style-spacer-m\"><\/div>\n\n\n\n<div class=\"wp-block-group group-with-arrow white-arrow is-layout-flow wp-block-group-is-layout-flow\">\n<ul class=\"wp-block-list is-style-list-style-1 has-white-color has-text-color has-link-color wp-elements-c8f3e54316f2e73b92d3e62eedeab167\">\n<li>Solutions \u00e9volutives et ouvertes, interop\u00e9rables avec des syst\u00e8mes Back-Office externes<\/li>\n\n\n\n<li>Tra\u00e7abilit\u00e9 compl\u00e8te et document\u00e9e des \u00e9v\u00e9nements et transactions, pour l\u2019analyse et la conformit\u00e9<\/li>\n\n\n\n<li>R\u00e8gles personnalis\u00e9es permettant d\u2019interrompre le traitement automatis\u00e9 (STP) et de d\u00e9clencher des exceptions<\/li>\n\n\n\n<li>Tableaux de bord et alertes en temps r\u00e9el<\/li>\n<\/ul>\n<\/div>\n<\/div>\n<\/div>\n<\/div>\n","protected":false},"excerpt":{"rendered":"<p>Traitement de forts volumeset de flux de transactions sensibles La solution multi-actifs de SLIB est particuli\u00e8rement adapt\u00e9e pour : NosSOLUTIONS pour la gestion des transactions et le routage des ordres ORDER MANAGEMENT SYSTEM (OMS) Carnet d\u2019ordres multi-actifs, sp\u00e9cialement con\u00e7u pour le routage d\u2019ordres \u00ab retail \u00bb afin d\u2019accro\u00eetre le niveau de contr\u00f4le et de suivi [&hellip;]<\/p>\n","protected":false},"author":1,"featured_media":0,"parent":0,"menu_order":0,"comment_status":"closed","ping_status":"closed","template":"","meta":{"_acf_changed":false,"om_disable_all_campaigns":false,"_relevanssi_hide_post":"","_relevanssi_hide_content":"","_relevanssi_pin_for_all":"","_relevanssi_pin_keywords":"","_relevanssi_unpin_keywords":"","_relevanssi_related_keywords":"","_relevanssi_related_include_ids":"","_relevanssi_related_exclude_ids":"","_relevanssi_related_no_append":"","_relevanssi_related_not_related":"","_relevanssi_related_posts":"1","_relevanssi_noindex_reason":"","footnotes":""},"class_list":["post-1761","page","type-page","status-publish","hentry"],"acf":[],"yoast_head":"<title>Routage d\u2019ordres &amp; Gestion des transactions - Slib<\/title>\n<meta name=\"robots\" content=\"index, follow, max-snippet:-1, max-image-preview:large, max-video-preview:-1\" \/>\n<link rel=\"canonical\" href=\"https:\/\/www.slib.com\/fr\/routage-dordres-gestion-des-transactions\/\" \/>\n<meta property=\"og:locale\" content=\"fr_FR\" \/>\n<meta property=\"og:type\" content=\"article\" \/>\n<meta property=\"og:title\" content=\"Routage d\u2019ordres &amp; Gestion des transactions - Slib\" \/>\n<meta property=\"og:description\" content=\"Traitement de forts volumeset de flux de transactions sensibles La solution multi-actifs de SLIB est particuli\u00e8rement adapt\u00e9e pour : NosSOLUTIONS pour la gestion des transactions et le routage des ordres ORDER MANAGEMENT SYSTEM (OMS) Carnet d\u2019ordres multi-actifs, sp\u00e9cialement con\u00e7u pour le routage d\u2019ordres \u00ab retail \u00bb afin d\u2019accro\u00eetre le niveau de contr\u00f4le et de suivi [&hellip;]\" \/>\n<meta property=\"og:url\" content=\"https:\/\/www.slib.com\/fr\/routage-dordres-gestion-des-transactions\/\" \/>\n<meta property=\"og:site_name\" content=\"Slib\" \/>\n<meta property=\"article:modified_time\" content=\"2025-12-30T15:32:07+00:00\" \/>\n<meta property=\"og:image\" content=\"https:\/\/www.slib.com\/wp-content\/uploads\/2025\/02\/corpo.png\" \/>\n<meta name=\"twitter:card\" content=\"summary_large_image\" \/>\n<meta name=\"twitter:label1\" content=\"Dur\u00e9e de lecture estim\u00e9e\" \/>\n\t<meta name=\"twitter:data1\" content=\"1 minute\" \/>\n<script type=\"application\/ld+json\" class=\"yoast-schema-graph\">{\"@context\":\"https:\/\/schema.org\",\"@graph\":[{\"@type\":\"WebPage\",\"@id\":\"https:\/\/www.slib.com\/fr\/routage-dordres-gestion-des-transactions\/\",\"url\":\"https:\/\/www.slib.com\/fr\/routage-dordres-gestion-des-transactions\/\",\"name\":\"Routage d\u2019ordres &amp; Gestion des transactions - Slib\",\"isPartOf\":{\"@id\":\"https:\/\/www.slib.com\/fr\/#website\"},\"primaryImageOfPage\":{\"@id\":\"https:\/\/www.slib.com\/fr\/routage-dordres-gestion-des-transactions\/#primaryimage\"},\"image\":{\"@id\":\"https:\/\/www.slib.com\/fr\/routage-dordres-gestion-des-transactions\/#primaryimage\"},\"thumbnailUrl\":\"https:\/\/www.slib.com\/wp-content\/uploads\/2025\/02\/corpo.png\",\"datePublished\":\"2025-02-15T11:33:32+00:00\",\"dateModified\":\"2025-12-30T15:32:07+00:00\",\"breadcrumb\":{\"@id\":\"https:\/\/www.slib.com\/fr\/routage-dordres-gestion-des-transactions\/#breadcrumb\"},\"inLanguage\":\"fr-FR\",\"potentialAction\":[{\"@type\":\"ReadAction\",\"target\":[\"https:\/\/www.slib.com\/fr\/routage-dordres-gestion-des-transactions\/\"]}]},{\"@type\":\"ImageObject\",\"inLanguage\":\"fr-FR\",\"@id\":\"https:\/\/www.slib.com\/fr\/routage-dordres-gestion-des-transactions\/#primaryimage\",\"url\":\"https:\/\/www.slib.com\/wp-content\/uploads\/2025\/02\/corpo.png\",\"contentUrl\":\"https:\/\/www.slib.com\/wp-content\/uploads\/2025\/02\/corpo.png\"},{\"@type\":\"BreadcrumbList\",\"@id\":\"https:\/\/www.slib.com\/fr\/routage-dordres-gestion-des-transactions\/#breadcrumb\",\"itemListElement\":[{\"@type\":\"ListItem\",\"position\":1,\"name\":\"Home\",\"item\":\"https:\/\/www.slib.com\/fr\/\"},{\"@type\":\"ListItem\",\"position\":2,\"name\":\"Routage d\u2019ordres &amp; Gestion des transactions\"}]},{\"@type\":\"WebSite\",\"@id\":\"https:\/\/www.slib.com\/fr\/#website\",\"url\":\"https:\/\/www.slib.com\/fr\/\",\"name\":\"Slib\",\"description\":\"\",\"potentialAction\":[{\"@type\":\"SearchAction\",\"target\":{\"@type\":\"EntryPoint\",\"urlTemplate\":\"https:\/\/www.slib.com\/fr\/?s={search_term_string}\"},\"query-input\":{\"@type\":\"PropertyValueSpecification\",\"valueRequired\":true,\"valueName\":\"search_term_string\"}}],\"inLanguage\":\"fr-FR\"}]}<\/script>","yoast_head_json":{"title":"Routage d\u2019ordres &amp; Gestion des transactions - Slib","robots":{"index":"index","follow":"follow","max-snippet":"max-snippet:-1","max-image-preview":"max-image-preview:large","max-video-preview":"max-video-preview:-1"},"canonical":"https:\/\/www.slib.com\/fr\/routage-dordres-gestion-des-transactions\/","og_locale":"fr_FR","og_type":"article","og_title":"Routage d\u2019ordres &amp; Gestion des transactions - Slib","og_description":"Traitement de forts volumeset de flux de transactions sensibles La solution multi-actifs de SLIB est particuli\u00e8rement adapt\u00e9e pour : NosSOLUTIONS pour la gestion des transactions et le routage des ordres ORDER MANAGEMENT SYSTEM (OMS) Carnet d\u2019ordres multi-actifs, sp\u00e9cialement con\u00e7u pour le routage d\u2019ordres \u00ab retail \u00bb afin d\u2019accro\u00eetre le niveau de contr\u00f4le et de suivi [&hellip;]","og_url":"https:\/\/www.slib.com\/fr\/routage-dordres-gestion-des-transactions\/","og_site_name":"Slib","article_modified_time":"2025-12-30T15:32:07+00:00","og_image":[{"url":"https:\/\/www.slib.com\/wp-content\/uploads\/2025\/02\/corpo.png","type":"","width":"","height":""}],"twitter_card":"summary_large_image","twitter_misc":{"Dur\u00e9e de lecture estim\u00e9e":"1 minute"},"schema":{"@context":"https:\/\/schema.org","@graph":[{"@type":"WebPage","@id":"https:\/\/www.slib.com\/fr\/routage-dordres-gestion-des-transactions\/","url":"https:\/\/www.slib.com\/fr\/routage-dordres-gestion-des-transactions\/","name":"Routage d\u2019ordres &amp; Gestion des transactions - Slib","isPartOf":{"@id":"https:\/\/www.slib.com\/fr\/#website"},"primaryImageOfPage":{"@id":"https:\/\/www.slib.com\/fr\/routage-dordres-gestion-des-transactions\/#primaryimage"},"image":{"@id":"https:\/\/www.slib.com\/fr\/routage-dordres-gestion-des-transactions\/#primaryimage"},"thumbnailUrl":"https:\/\/www.slib.com\/wp-content\/uploads\/2025\/02\/corpo.png","datePublished":"2025-02-15T11:33:32+00:00","dateModified":"2025-12-30T15:32:07+00:00","breadcrumb":{"@id":"https:\/\/www.slib.com\/fr\/routage-dordres-gestion-des-transactions\/#breadcrumb"},"inLanguage":"fr-FR","potentialAction":[{"@type":"ReadAction","target":["https:\/\/www.slib.com\/fr\/routage-dordres-gestion-des-transactions\/"]}]},{"@type":"ImageObject","inLanguage":"fr-FR","@id":"https:\/\/www.slib.com\/fr\/routage-dordres-gestion-des-transactions\/#primaryimage","url":"https:\/\/www.slib.com\/wp-content\/uploads\/2025\/02\/corpo.png","contentUrl":"https:\/\/www.slib.com\/wp-content\/uploads\/2025\/02\/corpo.png"},{"@type":"BreadcrumbList","@id":"https:\/\/www.slib.com\/fr\/routage-dordres-gestion-des-transactions\/#breadcrumb","itemListElement":[{"@type":"ListItem","position":1,"name":"Home","item":"https:\/\/www.slib.com\/fr\/"},{"@type":"ListItem","position":2,"name":"Routage d\u2019ordres &amp; Gestion des transactions"}]},{"@type":"WebSite","@id":"https:\/\/www.slib.com\/fr\/#website","url":"https:\/\/www.slib.com\/fr\/","name":"Slib","description":"","potentialAction":[{"@type":"SearchAction","target":{"@type":"EntryPoint","urlTemplate":"https:\/\/www.slib.com\/fr\/?s={search_term_string}"},"query-input":{"@type":"PropertyValueSpecification","valueRequired":true,"valueName":"search_term_string"}}],"inLanguage":"fr-FR"}]}},"_links":{"self":[{"href":"https:\/\/www.slib.com\/fr\/wp-json\/wp\/v2\/pages\/1761","targetHints":{"allow":["GET"]}}],"collection":[{"href":"https:\/\/www.slib.com\/fr\/wp-json\/wp\/v2\/pages"}],"about":[{"href":"https:\/\/www.slib.com\/fr\/wp-json\/wp\/v2\/types\/page"}],"author":[{"embeddable":true,"href":"https:\/\/www.slib.com\/fr\/wp-json\/wp\/v2\/users\/1"}],"replies":[{"embeddable":true,"href":"https:\/\/www.slib.com\/fr\/wp-json\/wp\/v2\/comments?post=1761"}],"version-history":[{"count":15,"href":"https:\/\/www.slib.com\/fr\/wp-json\/wp\/v2\/pages\/1761\/revisions"}],"predecessor-version":[{"id":1917,"href":"https:\/\/www.slib.com\/fr\/wp-json\/wp\/v2\/pages\/1761\/revisions\/1917"}],"wp:attachment":[{"href":"https:\/\/www.slib.com\/fr\/wp-json\/wp\/v2\/media?parent=1761"}],"curies":[{"name":"wp","href":"https:\/\/api.w.org\/{rel}","templated":true}]}}