
{"id":1786,"date":"2025-09-24T16:58:17","date_gmt":"2025-09-24T14:58:17","guid":{"rendered":"https:\/\/www.slib.com\/api\/"},"modified":"2025-12-15T14:44:23","modified_gmt":"2025-12-15T13:44:23","slug":"api","status":"publish","type":"page","link":"https:\/\/www.slib.com\/fr\/api\/","title":{"rendered":"API"},"content":{"rendered":"\n<h1 class=\"wp-block-heading has-text-align-left is-style-title-h2\"><strong>Stimuler l\u2019innovation gr\u00e2ce \u00e0 une int\u00e9gration fluide des donn\u00e9es<\/strong><\/h1>\n\n<div class=\"wp-block-group alignwide trigger block-group group-with-2-columns variation-50-50 has-white-background-color has-background is-layout-constrained wp-block-group-is-layout-constrained\">\n<div class=\"wp-block-columns are-vertically-aligned-center is-not-stacked-on-mobile is-layout-flex wp-container-core-columns-is-layout-9d6595d7 wp-block-columns-is-layout-flex\">\n<div class=\"wp-block-column is-vertically-aligned-center reveal-stagger is-layout-flow wp-block-column-is-layout-flow\" style=\"flex-basis:50%\">\n<p>Notre API Store est votre porte d\u2019entr\u00e9e vers une suite d\u2019API puissantes, s\u00e9curis\u00e9es et modulaires, con\u00e7ues pour acc\u00e9l\u00e9rer la transformation digitale des services financiers et du vote \u00e9lectronique.<\/p>\n\n\n\n<div style=\"height:25px\" aria-hidden=\"true\" class=\"wp-block-spacer\"><\/div>\n\n\n\n<p>Que vous d\u00e9veloppiez des plateformes de trading, automatisiez des op\u00e9rations back-office ou renforciez l\u2019engagement des actionnaires, nos API sont con\u00e7ues pour s\u2019int\u00e9grer parfaitement \u00e0 votre \u00e9cosyst\u00e8me.<\/p>\n<\/div>\n\n\n\n<div class=\"wp-block-column is-vertically-aligned-center reveal-stagger is-layout-flow wp-block-column-is-layout-flow\" style=\"flex-basis:50%\">\n<div class=\"wp-block-cover is-light\"><img loading=\"lazy\" decoding=\"async\" width=\"1024\" height=\"1024\" class=\"wp-block-cover__image-background wp-image-1553 size-large\" alt=\"\" src=\"https:\/\/www.slib.com\/wp-content\/uploads\/2025\/09\/OUR-API-1024x1024.jpg\" data-object-fit=\"cover\" srcset=\"https:\/\/www.slib.com\/wp-content\/uploads\/2025\/09\/OUR-API-1024x1024.jpg 1024w, https:\/\/www.slib.com\/wp-content\/uploads\/2025\/09\/OUR-API-300x300.jpg 300w, https:\/\/www.slib.com\/wp-content\/uploads\/2025\/09\/OUR-API-150x150.jpg 150w, https:\/\/www.slib.com\/wp-content\/uploads\/2025\/09\/OUR-API-768x768.jpg 768w, https:\/\/www.slib.com\/wp-content\/uploads\/2025\/09\/OUR-API-1536x1536.jpg 1536w, https:\/\/www.slib.com\/wp-content\/uploads\/2025\/09\/OUR-API-2048x2048.jpg 2048w\" sizes=\"auto, (max-width: 1024px) 100vw, 1024px\" \/><span aria-hidden=\"true\" class=\"wp-block-cover__background has-background-dim-0 has-background-dim\" style=\"background-color:#dcd7df\"><\/span><div class=\"wp-block-cover__inner-container is-layout-flow wp-block-cover-is-layout-flow\">\n<p class=\"has-text-align-center\"><\/p>\n<\/div><\/div>\n<\/div>\n<\/div>\n<\/div>\n\n<div class=\"wp-block-group alignfull trigger block-group group-with-2-columns variation-50-50 group-with-video has-dark-blue-background-color has-background is-layout-constrained wp-block-group-is-layout-constrained\">\n<figure class=\"wp-block-video alignfull\"><video height=\"1080\" style=\"aspect-ratio: 1920 \/ 1080;\" width=\"1920\" autoplay=\"\" loop=\"\" muted=\"\" src=\"https:\/\/www.slib.com\/wp-content\/uploads\/2025\/02\/Abstrait-courbe3.webm\"><\/video><\/figure>\n\n\n\n<div class=\"wp-block-columns are-vertically-aligned-center is-not-stacked-on-mobile is-layout-flex wp-container-core-columns-is-layout-9d6595d7 wp-block-columns-is-layout-flex\">\n<div class=\"wp-block-column is-layout-flow wp-block-column-is-layout-flow\">\n<p class=\"has-white-color has-text-color has-link-color wp-elements-163e0bee3bbec730e93a1821f1a66421\"><strong><br\/>FLEXIBLE<\/strong><\/p>\n\n\n\n<p class=\"has-white-color has-text-color has-link-color wp-elements-859497c143225685f9dc7aeee7599d8c\">Les clients peuvent r\u00e9cup\u00e9rer des donn\u00e9es \u00e0 jour \u00e0 la demande et en quasi temps r\u00e9el. Ils peuvent le faire comme ils le souhaitent, avec pr\u00e9cision, pour un ensemble de donn\u00e9es d\u00e9di\u00e9.<\/p>\n\n\n\n<div style=\"height:58px\" aria-hidden=\"true\" class=\"wp-block-spacer\"><\/div>\n\n\n\n<p class=\"has-text-align-right has-white-color has-text-color has-link-color wp-elements-92e00ba57904a25c367380e137922f05\"><strong>S\u00c9CURIS\u00c9<\/strong><\/p>\n\n\n\n<p class=\"has-text-align-right has-white-color has-text-color has-link-color wp-elements-c89107a122687165b4793a399ffcad13\">Nos API sont con\u00e7ues avec des m\u00e9canismes s\u00e9curis\u00e9s d\u2019authentification et de chiffrement.<\/p>\n\n\n\n<div style=\"height:68px\" aria-hidden=\"true\" class=\"wp-block-spacer\"><\/div>\n\n\n\n<p class=\"has-white-color has-text-color has-link-color wp-elements-a616ca012cf0e13851123ed3954e11dc\"><strong>FACILE \u00c0 METTRE EN \u0152UVRE<\/strong><\/p>\n\n\n\n<p class=\"has-white-color has-text-color has-link-color wp-elements-21f6649b7d7383c6a3ce70acf87476cb\">Les API sont souvent consid\u00e9r\u00e9es comme plus rapides \u00e0 tester et \u00e0 mettre en \u0153uvre par rapport \u00e0 d\u2019autres canaux de communication entre syst\u00e8mes. A process we are further facilitating by adopting market standards.<\/p>\n<\/div>\n<\/div>\n<\/div>\n\n<div class=\"wp-block-group has-white-background-color has-background is-layout-constrained wp-block-group-is-layout-constrained\">\n<div style=\"height:84px\" aria-hidden=\"true\" class=\"wp-block-spacer\"><\/div>\n\n\n\n<p class=\"has-dark-blue-color has-text-color has-link-color wp-elements-caf0b8f519ec75818917bb9caad17546\"><strong>Pr\u00eat \u00e0 commencer ?<\/strong><\/p>\n\n\n\n<div style=\"height:25px\" aria-hidden=\"true\" class=\"wp-block-spacer\"><\/div>\n\n\n\n<p>Explorez notre catalogue d\u2019API, testez-les dans notre sandbox et commencez \u00e0 construire.<\/p>\n\n\n\n<div style=\"height:71px\" aria-hidden=\"true\" class=\"wp-block-spacer\"><\/div>\n<\/div>\n\n<div class=\"wp-block-group has-light-grey-background-color has-background is-layout-constrained wp-block-group-is-layout-constrained\">\n<div style=\"height:57px\" aria-hidden=\"true\" class=\"wp-block-spacer\"><\/div>\n\n\n\n<ul class=\"wp-block-list\">\n<li><mark style=\"background-color:rgba(0, 0, 0, 0)\" class=\"has-inline-color has-dark-blue-color\">1.Front to back<\/mark><br\/><br\/>API publiques<br\/><br\/>Bient\u00f4t disponible<br\/><br\/>API priv\u00e9es<br\/><br\/>Bient\u00f4t disponible<br\/> <br\/><\/li>\n\n\n\n<li><strong>2. Risk<br\/><\/strong><br\/><br\/>API publiques<br\/><br\/>Bient\u00f4t disponible<br\/><br\/>API priv\u00e9es<br\/><br\/>Bient\u00f4t disponible<br\/> <br\/><\/li>\n\n\n\n<li><strong>3. Market Hub Solutions<br\/><\/strong> <br\/><strong><mark style=\"background-color:rgba(0, 0, 0, 0)\" class=\"has-inline-color has-dark-blue-color\">API publiques<\/mark><\/strong> <\/li>\n<\/ul>\n\n\n\n<figure class=\"wp-block-table alignleft\"><table class=\"has-dark-blue-color has-white-background-color has-text-color has-background has-link-color has-fixed-layout\"><tbody><tr><td>Nom<\/td><td>Description<\/td><td>Acc\u00e8s au portail d\u00e9veloppeur<\/td><\/tr><tr><td>Calendrier des assembl\u00e9es g\u00e9n\u00e9rales (Votaccess)<\/td><td><br\/>Obtenez la liste des prochaines assembl\u00e9es g\u00e9n\u00e9rales pour un \u00e9metteur ou pour tous les \u00e9metteurs \u00e9ligibles \u00e0 la plateforme VotAccess.<br\/><br\/><\/td><td>Bient\u00f4t disponible<\/td><\/tr><\/tbody><\/table><\/figure>\n\n\n\n<div class=\"wp-block-group is-layout-constrained wp-block-group-is-layout-constrained\">\n<ul class=\"wp-block-list\">\n<li>Bient\u00f4t disponible<\/li>\n<\/ul>\n\n\n\n<div style=\"height:22px\" aria-hidden=\"true\" class=\"wp-block-spacer\"><\/div>\n\n\n\n<p><strong>4. Vote \u00e9lectronique (eklesio)<\/strong><\/p>\n\n\n\n<div style=\"height:24px\" aria-hidden=\"true\" class=\"wp-block-spacer\"><\/div>\n\n\n\n<p><strong><mark style=\"background-color:rgba(0, 0, 0, 0)\" class=\"has-inline-color has-dark-blue-color\">API publiques<\/mark><\/strong><\/p>\n\n\n\n<div style=\"height:12px\" aria-hidden=\"true\" class=\"wp-block-spacer\"><\/div>\n\n\n\n<div style=\"height:0px\" aria-hidden=\"true\" class=\"wp-block-spacer\"><\/div>\n\n\n\n<div style=\"height:0px\" aria-hidden=\"true\" class=\"wp-block-spacer\"><\/div>\n\n\n\n<ul class=\"wp-block-list\">\n<li>Bient\u00f4t disponible<\/li>\n<\/ul>\n\n\n\n<div style=\"height:17px\" aria-hidden=\"true\" class=\"wp-block-spacer\"><\/div>\n\n\n\n<p><strong><mark style=\"background-color:rgba(0, 0, 0, 0)\" class=\"has-inline-color has-dark-blue-color\">API ptiv\u00e9s<\/mark><\/strong><\/p>\n\n\n\n<div style=\"height:9px\" aria-hidden=\"true\" class=\"wp-block-spacer\"><\/div>\n\n\n\n<ul class=\"wp-block-list\">\n<li>Bient\u00f4t disponible<\/li>\n<\/ul>\n\n\n\n<div style=\"height:57px\" aria-hidden=\"true\" class=\"wp-block-spacer\"><\/div>\n<\/div>\n<\/div>\n\n<div style=\"height:48px\" aria-hidden=\"true\" class=\"wp-block-spacer\"><\/div>\n\n<p><strong><mark style=\"background-color:rgba(0, 0, 0, 0)\" class=\"has-inline-color has-dark-blue-color\">Besoin d&rsquo;aide ?<\/mark><\/strong><\/p>\n\n<p>Merci de contacter notre \u00e9quipe support.<\/p>\n\n<div style=\"height:57px\" aria-hidden=\"true\" class=\"wp-block-spacer\"><\/div>\n","protected":false},"excerpt":{"rendered":"<p>Stimuler l\u2019innovation gr\u00e2ce \u00e0 une int\u00e9gration fluide des donn\u00e9es Notre API Store est votre porte d\u2019entr\u00e9e vers une suite d\u2019API puissantes, s\u00e9curis\u00e9es et modulaires, con\u00e7ues pour acc\u00e9l\u00e9rer la transformation digitale des services financiers et du vote \u00e9lectronique. Que vous d\u00e9veloppiez des plateformes de trading, automatisiez des op\u00e9rations back-office ou renforciez l\u2019engagement des actionnaires, nos API [&hellip;]<\/p>\n","protected":false},"author":3,"featured_media":0,"parent":0,"menu_order":0,"comment_status":"closed","ping_status":"closed","template":"","meta":{"_acf_changed":false,"om_disable_all_campaigns":false,"_relevanssi_hide_post":"","_relevanssi_hide_content":"","_relevanssi_pin_for_all":"","_relevanssi_pin_keywords":"","_relevanssi_unpin_keywords":"","_relevanssi_related_keywords":"","_relevanssi_related_include_ids":"","_relevanssi_related_exclude_ids":"","_relevanssi_related_no_append":"","_relevanssi_related_not_related":"","_relevanssi_related_posts":"","_relevanssi_noindex_reason":"","footnotes":""},"class_list":["post-1786","page","type-page","status-publish","hentry"],"acf":[],"yoast_head":"<title>API - Slib<\/title>\n<meta name=\"robots\" content=\"index, follow, max-snippet:-1, max-image-preview:large, max-video-preview:-1\" \/>\n<link rel=\"canonical\" href=\"https:\/\/www.slib.com\/fr\/api\/\" \/>\n<meta property=\"og:locale\" content=\"fr_FR\" \/>\n<meta property=\"og:type\" content=\"article\" \/>\n<meta property=\"og:title\" content=\"API - Slib\" \/>\n<meta property=\"og:description\" content=\"Stimuler l\u2019innovation gr\u00e2ce \u00e0 une int\u00e9gration fluide des donn\u00e9es Notre API Store est votre porte d\u2019entr\u00e9e vers une suite d\u2019API puissantes, s\u00e9curis\u00e9es et modulaires, con\u00e7ues pour acc\u00e9l\u00e9rer la transformation digitale des services financiers et du vote \u00e9lectronique. Que vous d\u00e9veloppiez des plateformes de trading, automatisiez des op\u00e9rations back-office ou renforciez l\u2019engagement des actionnaires, nos API [&hellip;]\" \/>\n<meta property=\"og:url\" content=\"https:\/\/www.slib.com\/fr\/api\/\" \/>\n<meta property=\"og:site_name\" content=\"Slib\" \/>\n<meta property=\"article:modified_time\" content=\"2025-12-15T13:44:23+00:00\" \/>\n<meta property=\"og:image\" content=\"https:\/\/www.slib.com\/wp-content\/uploads\/2025\/09\/OUR-API-1024x1024.jpg\" \/>\n<meta name=\"twitter:card\" content=\"summary_large_image\" \/>\n<meta name=\"twitter:label1\" content=\"Dur\u00e9e de lecture estim\u00e9e\" \/>\n\t<meta name=\"twitter:data1\" content=\"1 minute\" \/>\n<script type=\"application\/ld+json\" class=\"yoast-schema-graph\">{\"@context\":\"https:\/\/schema.org\",\"@graph\":[{\"@type\":\"WebPage\",\"@id\":\"https:\/\/www.slib.com\/fr\/api\/\",\"url\":\"https:\/\/www.slib.com\/fr\/api\/\",\"name\":\"API - Slib\",\"isPartOf\":{\"@id\":\"https:\/\/www.slib.com\/fr\/#website\"},\"primaryImageOfPage\":{\"@id\":\"https:\/\/www.slib.com\/fr\/api\/#primaryimage\"},\"image\":{\"@id\":\"https:\/\/www.slib.com\/fr\/api\/#primaryimage\"},\"thumbnailUrl\":\"https:\/\/www.slib.com\/wp-content\/uploads\/2025\/09\/OUR-API-1024x1024.jpg\",\"datePublished\":\"2025-09-24T14:58:17+00:00\",\"dateModified\":\"2025-12-15T13:44:23+00:00\",\"breadcrumb\":{\"@id\":\"https:\/\/www.slib.com\/fr\/api\/#breadcrumb\"},\"inLanguage\":\"fr-FR\",\"potentialAction\":[{\"@type\":\"ReadAction\",\"target\":[\"https:\/\/www.slib.com\/fr\/api\/\"]}]},{\"@type\":\"ImageObject\",\"inLanguage\":\"fr-FR\",\"@id\":\"https:\/\/www.slib.com\/fr\/api\/#primaryimage\",\"url\":\"https:\/\/www.slib.com\/wp-content\/uploads\/2025\/09\/OUR-API-1024x1024.jpg\",\"contentUrl\":\"https:\/\/www.slib.com\/wp-content\/uploads\/2025\/09\/OUR-API-1024x1024.jpg\"},{\"@type\":\"BreadcrumbList\",\"@id\":\"https:\/\/www.slib.com\/fr\/api\/#breadcrumb\",\"itemListElement\":[{\"@type\":\"ListItem\",\"position\":1,\"name\":\"Home\",\"item\":\"https:\/\/www.slib.com\/fr\/\"},{\"@type\":\"ListItem\",\"position\":2,\"name\":\"API\"}]},{\"@type\":\"WebSite\",\"@id\":\"https:\/\/www.slib.com\/fr\/#website\",\"url\":\"https:\/\/www.slib.com\/fr\/\",\"name\":\"Slib\",\"description\":\"\",\"potentialAction\":[{\"@type\":\"SearchAction\",\"target\":{\"@type\":\"EntryPoint\",\"urlTemplate\":\"https:\/\/www.slib.com\/fr\/?s={search_term_string}\"},\"query-input\":{\"@type\":\"PropertyValueSpecification\",\"valueRequired\":true,\"valueName\":\"search_term_string\"}}],\"inLanguage\":\"fr-FR\"}]}<\/script>","yoast_head_json":{"title":"API - Slib","robots":{"index":"index","follow":"follow","max-snippet":"max-snippet:-1","max-image-preview":"max-image-preview:large","max-video-preview":"max-video-preview:-1"},"canonical":"https:\/\/www.slib.com\/fr\/api\/","og_locale":"fr_FR","og_type":"article","og_title":"API - Slib","og_description":"Stimuler l\u2019innovation gr\u00e2ce \u00e0 une int\u00e9gration fluide des donn\u00e9es Notre API Store est votre porte d\u2019entr\u00e9e vers une suite d\u2019API puissantes, s\u00e9curis\u00e9es et modulaires, con\u00e7ues pour acc\u00e9l\u00e9rer la transformation digitale des services financiers et du vote \u00e9lectronique. Que vous d\u00e9veloppiez des plateformes de trading, automatisiez des op\u00e9rations back-office ou renforciez l\u2019engagement des actionnaires, nos API [&hellip;]","og_url":"https:\/\/www.slib.com\/fr\/api\/","og_site_name":"Slib","article_modified_time":"2025-12-15T13:44:23+00:00","og_image":[{"url":"https:\/\/www.slib.com\/wp-content\/uploads\/2025\/09\/OUR-API-1024x1024.jpg","type":"","width":"","height":""}],"twitter_card":"summary_large_image","twitter_misc":{"Dur\u00e9e de lecture estim\u00e9e":"1 minute"},"schema":{"@context":"https:\/\/schema.org","@graph":[{"@type":"WebPage","@id":"https:\/\/www.slib.com\/fr\/api\/","url":"https:\/\/www.slib.com\/fr\/api\/","name":"API - Slib","isPartOf":{"@id":"https:\/\/www.slib.com\/fr\/#website"},"primaryImageOfPage":{"@id":"https:\/\/www.slib.com\/fr\/api\/#primaryimage"},"image":{"@id":"https:\/\/www.slib.com\/fr\/api\/#primaryimage"},"thumbnailUrl":"https:\/\/www.slib.com\/wp-content\/uploads\/2025\/09\/OUR-API-1024x1024.jpg","datePublished":"2025-09-24T14:58:17+00:00","dateModified":"2025-12-15T13:44:23+00:00","breadcrumb":{"@id":"https:\/\/www.slib.com\/fr\/api\/#breadcrumb"},"inLanguage":"fr-FR","potentialAction":[{"@type":"ReadAction","target":["https:\/\/www.slib.com\/fr\/api\/"]}]},{"@type":"ImageObject","inLanguage":"fr-FR","@id":"https:\/\/www.slib.com\/fr\/api\/#primaryimage","url":"https:\/\/www.slib.com\/wp-content\/uploads\/2025\/09\/OUR-API-1024x1024.jpg","contentUrl":"https:\/\/www.slib.com\/wp-content\/uploads\/2025\/09\/OUR-API-1024x1024.jpg"},{"@type":"BreadcrumbList","@id":"https:\/\/www.slib.com\/fr\/api\/#breadcrumb","itemListElement":[{"@type":"ListItem","position":1,"name":"Home","item":"https:\/\/www.slib.com\/fr\/"},{"@type":"ListItem","position":2,"name":"API"}]},{"@type":"WebSite","@id":"https:\/\/www.slib.com\/fr\/#website","url":"https:\/\/www.slib.com\/fr\/","name":"Slib","description":"","potentialAction":[{"@type":"SearchAction","target":{"@type":"EntryPoint","urlTemplate":"https:\/\/www.slib.com\/fr\/?s={search_term_string}"},"query-input":{"@type":"PropertyValueSpecification","valueRequired":true,"valueName":"search_term_string"}}],"inLanguage":"fr-FR"}]}},"_links":{"self":[{"href":"https:\/\/www.slib.com\/fr\/wp-json\/wp\/v2\/pages\/1786","targetHints":{"allow":["GET"]}}],"collection":[{"href":"https:\/\/www.slib.com\/fr\/wp-json\/wp\/v2\/pages"}],"about":[{"href":"https:\/\/www.slib.com\/fr\/wp-json\/wp\/v2\/types\/page"}],"author":[{"embeddable":true,"href":"https:\/\/www.slib.com\/fr\/wp-json\/wp\/v2\/users\/3"}],"replies":[{"embeddable":true,"href":"https:\/\/www.slib.com\/fr\/wp-json\/wp\/v2\/comments?post=1786"}],"version-history":[{"count":5,"href":"https:\/\/www.slib.com\/fr\/wp-json\/wp\/v2\/pages\/1786\/revisions"}],"predecessor-version":[{"id":1857,"href":"https:\/\/www.slib.com\/fr\/wp-json\/wp\/v2\/pages\/1786\/revisions\/1857"}],"wp:attachment":[{"href":"https:\/\/www.slib.com\/fr\/wp-json\/wp\/v2\/media?parent=1786"}],"curies":[{"name":"wp","href":"https:\/\/api.w.org\/{rel}","templated":true}]}}