
{"id":1791,"date":"2025-06-03T12:13:49","date_gmt":"2025-06-03T10:13:49","guid":{"rendered":"https:\/\/www.slib.com\/depositaires-services-prime\/"},"modified":"2025-12-15T13:43:55","modified_gmt":"2025-12-15T12:43:55","slug":"depositaires-services-prime","status":"publish","type":"page","link":"https:\/\/www.slib.com\/fr\/depositaires-services-prime\/","title":{"rendered":"D\u00e9positaires &amp; Services Prime"},"content":{"rendered":"\n<div class=\"wp-block-group alignwide trigger is-layout-constrained wp-block-group-is-layout-constrained\">\n<h1 class=\"wp-block-heading has-text-align-left is-style-title-h2\"><strong>SURVEILLER L\u2019EXPOSITION ET ASSISTER LES TRANSACTIONS CLIENTS<\/strong><\/h1>\n<\/div>\n\n<div class=\"wp-block-group alignwide trigger block-group group-with-2-columns variation-50-50 has-white-background-color has-background is-layout-constrained wp-block-group-is-layout-constrained\">\n<div class=\"wp-block-columns are-vertically-aligned-center is-not-stacked-on-mobile is-layout-flex wp-container-core-columns-is-layout-9d6595d7 wp-block-columns-is-layout-flex\">\n<div class=\"wp-block-column is-vertically-aligned-center reveal-stagger is-layout-flow wp-block-column-is-layout-flow\" style=\"flex-basis:50%\">\n<div class=\"wp-block-group is-layout-flow wp-block-group-is-layout-flow\">\n<p><br\/>Le RMS pour D\u00e9positaires et Services Prime vous permet de centraliser et de superviser l\u2019exposition au risque de vos clients, \u00e0 la fois en intraday et overnight. Il collecte les donn\u00e9es essentielles pour offrir une vue compl\u00e8te des transactions. <\/p>\n\n\n\n<div style=\"height:100px\" aria-hidden=\"true\" class=\"wp-block-spacer is-style-spacer-s\"><\/div>\n\n\n\n<p><strong>Le financement sur marge est simplifi\u00e9.<\/strong><\/p>\n\n\n\n<div style=\"height:20px\" aria-hidden=\"true\" class=\"wp-block-spacer is-style-spacer-xs\"><\/div>\n\n\n\n<p>Le RMS \u00e9value le pouvoir d\u2019achat actuel de vos clients en fonction de la valeur des transactions r\u00e9gl\u00e9es (sur et hors march\u00e9) et des garanties pr\u00e9sentes dans leur portefeuille.<\/p>\n\n\n\n<p>Les transactions de r\u00e8glement peuvent \u00eatre soit ex\u00e9cut\u00e9es sur le march\u00e9, soit retenues en fonction des limites \u00e9tablies.<\/p>\n\n\n\n<p>Tous les param\u00e8tres de suivi et les limites peuvent \u00eatre personnalis\u00e9s pour r\u00e9pondre \u00e0 vos besoins.<\/p>\n\n\n\n<p>Les principales fonctionnalit\u00e9s incluent :<\/p>\n\n\n\n<div style=\"height:20px\" aria-hidden=\"true\" class=\"wp-block-spacer is-style-spacer-xs\"><\/div>\n\n\n\n<p><br\/><\/p>\n\n\n\n<ul class=\"wp-block-list\">\n<li>Capture des transactions (y compris les r\u00e8glements de titres, les flux de tr\u00e9sorerie et les mouvements de garanties)<br\/><\/li>\n\n\n\n<li>Construction de portefeuille<br\/><\/li>\n\n\n\n<li>Valeur \u00e0 risque (en partenariat avec Raise Partners)<br\/><\/li>\n\n\n\n<li>Limites de cr\u00e9dit<br\/><\/li>\n\n\n\n<li>Contr\u00f4le des transactions de r\u00e8glement<\/li>\n<\/ul>\n\n\n\n<ul class=\"wp-block-list\">\n<li>Analytique<br\/><\/li>\n\n\n\n<li>Alertes <\/li>\n<\/ul>\n\n\n\n<div style=\"height:100px\" aria-hidden=\"true\" class=\"wp-block-spacer is-style-spacer-l\"><\/div>\n\n\n\n<div class=\"wp-block-buttons is-layout-flex wp-block-buttons-is-layout-flex\">\n<div class=\"wp-block-button is-style-cta\"><a class=\"wp-block-button__link has-white-color has-green-background-color has-text-color has-background has-link-color wp-element-button\" href=\"https:\/\/www.uat.slib.com\/contact\/\">Contactez nous<\/a><\/div>\n<\/div>\n<\/div>\n<\/div>\n\n\n\n<div class=\"wp-block-column is-vertically-aligned-center reveal-stagger is-layout-flow wp-block-column-is-layout-flow\" style=\"flex-basis:50%\">\n<div class=\"wp-block-cover is-light\"><img loading=\"lazy\" decoding=\"async\" width=\"618\" height=\"412\" class=\"wp-block-cover__image-background wp-image-937\" alt=\"\" src=\"https:\/\/www.slib.com\/wp-content\/uploads\/2025\/02\/corpo.png\" data-object-fit=\"cover\" srcset=\"https:\/\/www.slib.com\/wp-content\/uploads\/2025\/02\/corpo.png 618w, https:\/\/www.slib.com\/wp-content\/uploads\/2025\/02\/corpo-300x200.png 300w\" sizes=\"auto, (max-width: 618px) 100vw, 618px\" \/><span aria-hidden=\"true\" class=\"wp-block-cover__background has-background-dim-0 has-background-dim\" style=\"background-color:#868787\"><\/span><div class=\"wp-block-cover__inner-container is-layout-flow wp-block-cover-is-layout-flow\">\n<p class=\"has-text-align-center\"><\/p>\n<\/div><\/div>\n<\/div>\n<\/div>\n<\/div>\n\n<div class=\"wp-block-group alignfull trigger block-group group-with-2-columns variation-50-50 has-light-grey-background-color has-background is-layout-constrained wp-block-group-is-layout-constrained\">\n<div class=\"wp-block-columns is-not-stacked-on-mobile is-layout-flex wp-container-core-columns-is-layout-9d6595d7 wp-block-columns-is-layout-flex\">\n<div class=\"wp-block-column is-vertically-aligned-center is-layout-flow wp-block-column-is-layout-flow\" style=\"flex-basis:50%\">\n<div class=\"wp-block-group reveal-stagger is-layout-flow wp-block-group-is-layout-flow\">\n<h2 class=\"wp-block-heading\">Nos<br\/><strong>SOLUTIONS<\/strong><\/h2>\n\n\n\n<div style=\"height:100px\" aria-hidden=\"true\" class=\"wp-block-spacer is-style-spacer-xs\"><\/div>\n\n\n\n<h3 class=\"wp-block-heading\"><strong>Pour les compensateurs<\/strong><br\/><\/h3>\n<\/div>\n<\/div>\n\n\n\n<div class=\"wp-block-column is-vertically-aligned-center is-layout-flow wp-block-column-is-layout-flow\" style=\"flex-basis:50%\">\n<div class=\"wp-block-group reveal-stagger group-with-arrow blue-arrow is-layout-flow wp-block-group-is-layout-flow\">\n<h3 class=\"wp-block-heading\"><strong>\u00c0 QUI S\u2019ADRESSE LA SOLUTION ?<\/strong><\/h3>\n\n\n\n<p>&#8211; D\u00e9positaires, pour g\u00e9rer l\u2019exposition de leurs clients finaux<\/p>\n\n\n\n<p>&#8211; Services Prime actions pour financer les op\u00e9rations<\/p>\n<\/div>\n\n\n\n<div style=\"height:100px\" aria-hidden=\"true\" class=\"wp-block-spacer is-style-spacer-m\"><\/div>\n\n\n\n<div class=\"wp-block-group reveal-stagger group-with-arrow blue-arrow is-layout-flow wp-block-group-is-layout-flow\">\n<h3 class=\"wp-block-heading\"><strong>CE QUE NOUS APPORTONS<\/strong><\/h3>\n\n\n\n<ul class=\"wp-block-list\">\n<li>Capacit\u00e9s robustes d\u2019agr\u00e9gation<\/li>\n\n\n\n<li>Traitement de forts volumes (plusieurs millions de transactions \u2013 quasi-temps r\u00e9el)<\/li>\n\n\n\n<li>Biblioth\u00e8que \u00e9tendue pour le calcul de marge de risque (algorithmes) <\/li>\n\n\n\n<li>Contr\u00f4le a priori (before the fact)<\/li>\n\n\n\n<li>Reporting en temps r\u00e9el<\/li>\n\n\n\n<li>Syst\u00e8me d\u2019alertes<\/li>\n\n\n\n<li>Mod\u00e8le de \u00ab haircut \u00bb int\u00e9gr\u00e9 comme solution de secours<\/li>\n<\/ul>\n<\/div>\n<\/div>\n<\/div>\n\n\n\n<div style=\"height:100px\" aria-hidden=\"true\" class=\"wp-block-spacer\"><\/div>\n\n\n\n<h4 class=\"wp-block-heading\"><br\/><\/h4>\n<\/div>\n\n<div class=\"wp-block-group alignfull trigger block-group group-with-2-columns variation-50-50 group-with-video has-dark-blue-background-color has-background is-layout-constrained wp-block-group-is-layout-constrained\">\n<figure class=\"wp-block-video alignfull\"><video height=\"1080\" style=\"aspect-ratio: 1920 \/ 1080;\" width=\"1920\" autoplay=\"\" loop=\"\" muted=\"\" src=\"https:\/\/www.slib.com\/wp-content\/uploads\/2025\/02\/Abstrait-courbe3.webm\"><\/video><\/figure>\n\n\n\n<div class=\"wp-block-columns are-vertically-aligned-center is-not-stacked-on-mobile is-layout-flex wp-container-core-columns-is-layout-9d6595d7 wp-block-columns-is-layout-flex\">\n<div class=\"wp-block-column is-vertically-aligned-center reveal-stagger is-layout-flow wp-block-column-is-layout-flow\" style=\"flex-basis:50%\">\n<div class=\"wp-block-group is-layout-flow wp-block-group-is-layout-flow\">\n<h2 class=\"wp-block-heading style-poppins-highlight has-white-color has-text-color has-link-color has-poppins-font-family wp-elements-e7d41adaf72310c7f4046489dc19ff45\">NOS<br\/><strong>SOLUTIONS<\/strong><\/h2>\n<\/div>\n\n\n\n<div style=\"height:100px\" aria-hidden=\"true\" class=\"wp-block-spacer is-style-spacer-m\"><\/div>\n\n\n\n<div class=\"wp-block-group group-with-arrow white-arrow is-layout-flow wp-block-group-is-layout-flow\">\n<ul class=\"wp-block-list is-style-list-style-1 has-white-color has-text-color has-link-color wp-elements-28b5d99ee46e79ac368166e4f4758e1a\">\n<li>Connectivit\u00e9 avec 13 chambres de compensation<\/li>\n\n\n\n<li>Capture des ex\u00e9cutions de march\u00e9 en quasi-temps r\u00e9el<\/li>\n\n\n\n<li>Agr\u00e9gation et calcul flexible des portefeuilles (plus de 1 000 portefeuilles g\u00e9r\u00e9s)<\/li>\n\n\n\n<li>Plus de 10 millions de positions r\u00e9\u00e9valu\u00e9es quotidiennement<\/li>\n\n\n\n<li>Acc\u00e8s aux principales m\u00e9thodologies de calcul de marge de risque<\/li>\n\n\n\n<li>Architecture ouverte int\u00e9grant la m\u00e9thodologie de risque des CCP, et Clarus ou les donn\u00e9es propres du client<\/li>\n<\/ul>\n<\/div>\n<\/div>\n\n\n\n<div class=\"wp-block-column is-vertically-aligned-center reveal-stagger is-layout-flow wp-block-column-is-layout-flow\" style=\"flex-basis:50%\">\n<div class=\"wp-block-group is-layout-flow wp-block-group-is-layout-flow\"\/>\n\n\n\n<p><\/p>\n\n\n\n<p><\/p>\n\n\n\n<p><\/p>\n\n\n\n<div style=\"height:100px\" aria-hidden=\"true\" class=\"wp-block-spacer is-style-spacer-m\"><\/div>\n\n\n\n<div class=\"wp-block-group group-with-arrow white-arrow is-layout-flow wp-block-group-is-layout-flow\">\n<ul class=\"wp-block-list is-style-list-style-1 has-white-color has-text-color has-link-color wp-elements-459b21b365651f790fc6c6d26812bd6d\">\n<li>Calcul de marge intrajournali\u00e8re et en fin de journ\u00e9e<\/li>\n\n\n\n<li>Acc\u00e8s aux prix en temps r\u00e9el<\/li>\n\n\n\n<li>Rapports et alertes flexibles<\/li>\n\n\n\n<li>Mises en garantie<\/li>\n\n\n\n<li>R\u00e9conciliation<\/li>\n<\/ul>\n<\/div>\n<\/div>\n<\/div>\n\n\n\n<p><\/p>\n<\/div>\n\n<div style=\"height:100px\" aria-hidden=\"true\" class=\"wp-block-spacer is-style-spacer-xs\"><\/div>\n","protected":false},"excerpt":{"rendered":"<p>SURVEILLER L\u2019EXPOSITION ET ASSISTER LES TRANSACTIONS CLIENTS Le RMS pour D\u00e9positaires et Services Prime vous permet de centraliser et de superviser l\u2019exposition au risque de vos clients, \u00e0 la fois en intraday et overnight. Il collecte les donn\u00e9es essentielles pour offrir une vue compl\u00e8te des transactions. Le financement sur marge est simplifi\u00e9. Le RMS \u00e9value [&hellip;]<\/p>\n","protected":false},"author":3,"featured_media":0,"parent":0,"menu_order":0,"comment_status":"closed","ping_status":"closed","template":"","meta":{"_acf_changed":false,"om_disable_all_campaigns":false,"_relevanssi_hide_post":"","_relevanssi_hide_content":"","_relevanssi_pin_for_all":"","_relevanssi_pin_keywords":"","_relevanssi_unpin_keywords":"","_relevanssi_related_keywords":"","_relevanssi_related_include_ids":"","_relevanssi_related_exclude_ids":"","_relevanssi_related_no_append":"","_relevanssi_related_not_related":"","_relevanssi_related_posts":"","_relevanssi_noindex_reason":"","footnotes":""},"class_list":["post-1791","page","type-page","status-publish","hentry"],"acf":[],"yoast_head":"<title>D\u00e9positaires &amp; Services Prime - Slib<\/title>\n<meta name=\"robots\" content=\"index, follow, max-snippet:-1, max-image-preview:large, max-video-preview:-1\" \/>\n<link rel=\"canonical\" href=\"https:\/\/www.slib.com\/fr\/depositaires-services-prime\/\" \/>\n<meta property=\"og:locale\" content=\"fr_FR\" \/>\n<meta property=\"og:type\" content=\"article\" \/>\n<meta property=\"og:title\" content=\"D\u00e9positaires &amp; Services Prime - Slib\" \/>\n<meta property=\"og:description\" content=\"SURVEILLER L\u2019EXPOSITION ET ASSISTER LES TRANSACTIONS CLIENTS Le RMS pour D\u00e9positaires et Services Prime vous permet de centraliser et de superviser l\u2019exposition au risque de vos clients, \u00e0 la fois en intraday et overnight. Il collecte les donn\u00e9es essentielles pour offrir une vue compl\u00e8te des transactions. Le financement sur marge est simplifi\u00e9. Le RMS \u00e9value [&hellip;]\" \/>\n<meta property=\"og:url\" content=\"https:\/\/www.slib.com\/fr\/depositaires-services-prime\/\" \/>\n<meta property=\"og:site_name\" content=\"Slib\" \/>\n<meta property=\"article:modified_time\" content=\"2025-12-15T12:43:55+00:00\" \/>\n<meta property=\"og:image\" content=\"https:\/\/www.slib.com\/wp-content\/uploads\/2025\/02\/corpo.png\" \/>\n<meta name=\"twitter:card\" content=\"summary_large_image\" \/>\n<meta name=\"twitter:label1\" content=\"Dur\u00e9e de lecture estim\u00e9e\" \/>\n\t<meta name=\"twitter:data1\" content=\"2 minutes\" \/>\n<script type=\"application\/ld+json\" class=\"yoast-schema-graph\">{\"@context\":\"https:\/\/schema.org\",\"@graph\":[{\"@type\":\"WebPage\",\"@id\":\"https:\/\/www.slib.com\/fr\/depositaires-services-prime\/\",\"url\":\"https:\/\/www.slib.com\/fr\/depositaires-services-prime\/\",\"name\":\"D\u00e9positaires &amp; Services Prime - Slib\",\"isPartOf\":{\"@id\":\"https:\/\/www.slib.com\/fr\/#website\"},\"primaryImageOfPage\":{\"@id\":\"https:\/\/www.slib.com\/fr\/depositaires-services-prime\/#primaryimage\"},\"image\":{\"@id\":\"https:\/\/www.slib.com\/fr\/depositaires-services-prime\/#primaryimage\"},\"thumbnailUrl\":\"https:\/\/www.slib.com\/wp-content\/uploads\/2025\/02\/corpo.png\",\"datePublished\":\"2025-06-03T10:13:49+00:00\",\"dateModified\":\"2025-12-15T12:43:55+00:00\",\"breadcrumb\":{\"@id\":\"https:\/\/www.slib.com\/fr\/depositaires-services-prime\/#breadcrumb\"},\"inLanguage\":\"fr-FR\",\"potentialAction\":[{\"@type\":\"ReadAction\",\"target\":[\"https:\/\/www.slib.com\/fr\/depositaires-services-prime\/\"]}]},{\"@type\":\"ImageObject\",\"inLanguage\":\"fr-FR\",\"@id\":\"https:\/\/www.slib.com\/fr\/depositaires-services-prime\/#primaryimage\",\"url\":\"https:\/\/www.slib.com\/wp-content\/uploads\/2025\/02\/corpo.png\",\"contentUrl\":\"https:\/\/www.slib.com\/wp-content\/uploads\/2025\/02\/corpo.png\"},{\"@type\":\"BreadcrumbList\",\"@id\":\"https:\/\/www.slib.com\/fr\/depositaires-services-prime\/#breadcrumb\",\"itemListElement\":[{\"@type\":\"ListItem\",\"position\":1,\"name\":\"Home\",\"item\":\"https:\/\/www.slib.com\/fr\/\"},{\"@type\":\"ListItem\",\"position\":2,\"name\":\"D\u00e9positaires &amp; Services Prime\"}]},{\"@type\":\"WebSite\",\"@id\":\"https:\/\/www.slib.com\/fr\/#website\",\"url\":\"https:\/\/www.slib.com\/fr\/\",\"name\":\"Slib\",\"description\":\"\",\"potentialAction\":[{\"@type\":\"SearchAction\",\"target\":{\"@type\":\"EntryPoint\",\"urlTemplate\":\"https:\/\/www.slib.com\/fr\/?s={search_term_string}\"},\"query-input\":{\"@type\":\"PropertyValueSpecification\",\"valueRequired\":true,\"valueName\":\"search_term_string\"}}],\"inLanguage\":\"fr-FR\"}]}<\/script>","yoast_head_json":{"title":"D\u00e9positaires &amp; Services Prime - Slib","robots":{"index":"index","follow":"follow","max-snippet":"max-snippet:-1","max-image-preview":"max-image-preview:large","max-video-preview":"max-video-preview:-1"},"canonical":"https:\/\/www.slib.com\/fr\/depositaires-services-prime\/","og_locale":"fr_FR","og_type":"article","og_title":"D\u00e9positaires &amp; Services Prime - Slib","og_description":"SURVEILLER L\u2019EXPOSITION ET ASSISTER LES TRANSACTIONS CLIENTS Le RMS pour D\u00e9positaires et Services Prime vous permet de centraliser et de superviser l\u2019exposition au risque de vos clients, \u00e0 la fois en intraday et overnight. Il collecte les donn\u00e9es essentielles pour offrir une vue compl\u00e8te des transactions. Le financement sur marge est simplifi\u00e9. Le RMS \u00e9value [&hellip;]","og_url":"https:\/\/www.slib.com\/fr\/depositaires-services-prime\/","og_site_name":"Slib","article_modified_time":"2025-12-15T12:43:55+00:00","og_image":[{"url":"https:\/\/www.slib.com\/wp-content\/uploads\/2025\/02\/corpo.png","type":"","width":"","height":""}],"twitter_card":"summary_large_image","twitter_misc":{"Dur\u00e9e de lecture estim\u00e9e":"2 minutes"},"schema":{"@context":"https:\/\/schema.org","@graph":[{"@type":"WebPage","@id":"https:\/\/www.slib.com\/fr\/depositaires-services-prime\/","url":"https:\/\/www.slib.com\/fr\/depositaires-services-prime\/","name":"D\u00e9positaires &amp; Services Prime - Slib","isPartOf":{"@id":"https:\/\/www.slib.com\/fr\/#website"},"primaryImageOfPage":{"@id":"https:\/\/www.slib.com\/fr\/depositaires-services-prime\/#primaryimage"},"image":{"@id":"https:\/\/www.slib.com\/fr\/depositaires-services-prime\/#primaryimage"},"thumbnailUrl":"https:\/\/www.slib.com\/wp-content\/uploads\/2025\/02\/corpo.png","datePublished":"2025-06-03T10:13:49+00:00","dateModified":"2025-12-15T12:43:55+00:00","breadcrumb":{"@id":"https:\/\/www.slib.com\/fr\/depositaires-services-prime\/#breadcrumb"},"inLanguage":"fr-FR","potentialAction":[{"@type":"ReadAction","target":["https:\/\/www.slib.com\/fr\/depositaires-services-prime\/"]}]},{"@type":"ImageObject","inLanguage":"fr-FR","@id":"https:\/\/www.slib.com\/fr\/depositaires-services-prime\/#primaryimage","url":"https:\/\/www.slib.com\/wp-content\/uploads\/2025\/02\/corpo.png","contentUrl":"https:\/\/www.slib.com\/wp-content\/uploads\/2025\/02\/corpo.png"},{"@type":"BreadcrumbList","@id":"https:\/\/www.slib.com\/fr\/depositaires-services-prime\/#breadcrumb","itemListElement":[{"@type":"ListItem","position":1,"name":"Home","item":"https:\/\/www.slib.com\/fr\/"},{"@type":"ListItem","position":2,"name":"D\u00e9positaires &amp; Services Prime"}]},{"@type":"WebSite","@id":"https:\/\/www.slib.com\/fr\/#website","url":"https:\/\/www.slib.com\/fr\/","name":"Slib","description":"","potentialAction":[{"@type":"SearchAction","target":{"@type":"EntryPoint","urlTemplate":"https:\/\/www.slib.com\/fr\/?s={search_term_string}"},"query-input":{"@type":"PropertyValueSpecification","valueRequired":true,"valueName":"search_term_string"}}],"inLanguage":"fr-FR"}]}},"_links":{"self":[{"href":"https:\/\/www.slib.com\/fr\/wp-json\/wp\/v2\/pages\/1791","targetHints":{"allow":["GET"]}}],"collection":[{"href":"https:\/\/www.slib.com\/fr\/wp-json\/wp\/v2\/pages"}],"about":[{"href":"https:\/\/www.slib.com\/fr\/wp-json\/wp\/v2\/types\/page"}],"author":[{"embeddable":true,"href":"https:\/\/www.slib.com\/fr\/wp-json\/wp\/v2\/users\/3"}],"replies":[{"embeddable":true,"href":"https:\/\/www.slib.com\/fr\/wp-json\/wp\/v2\/comments?post=1791"}],"version-history":[{"count":3,"href":"https:\/\/www.slib.com\/fr\/wp-json\/wp\/v2\/pages\/1791\/revisions"}],"predecessor-version":[{"id":1841,"href":"https:\/\/www.slib.com\/fr\/wp-json\/wp\/v2\/pages\/1791\/revisions\/1841"}],"wp:attachment":[{"href":"https:\/\/www.slib.com\/fr\/wp-json\/wp\/v2\/media?parent=1791"}],"curies":[{"name":"wp","href":"https:\/\/api.w.org\/{rel}","templated":true}]}}