
{"id":1795,"date":"2025-04-24T11:33:19","date_gmt":"2025-04-24T09:33:19","guid":{"rendered":"https:\/\/www.slib.com\/gerez-vos-portefeuilles-et-maintenez-des-livres-et-registres-precis\/"},"modified":"2025-12-15T18:29:20","modified_gmt":"2025-12-15T17:29:20","slug":"gerez-vos-portefeuilles-et-maintenez-des-livres-et-registres-precis","status":"publish","type":"page","link":"https:\/\/www.slib.com\/fr\/gerez-vos-portefeuilles-et-maintenez-des-livres-et-registres-precis\/","title":{"rendered":"G\u00c9REZ VOS PORTEFEUILLES ET VOS COMPTES TITRES"},"content":{"rendered":"\n<div class=\"wp-block-group alignwide trigger is-layout-constrained wp-block-group-is-layout-constrained\">\n<h1 class=\"wp-block-heading has-text-align-left is-style-title-h2\">G\u00e9rez vos portefeuilles et vos comptes titres<\/h1>\n\n\n\n<div class=\"wp-block-group alignwide trigger block-group group-with-2-columns variation-50-50 has-white-background-color has-background is-layout-constrained wp-block-group-is-layout-constrained\">\n<div class=\"wp-block-columns are-vertically-aligned-center is-not-stacked-on-mobile is-layout-flex wp-container-core-columns-is-layout-9d6595d7 wp-block-columns-is-layout-flex\">\n<div class=\"wp-block-column is-vertically-aligned-center reveal-stagger is-layout-flow wp-block-column-is-layout-flow\" style=\"flex-basis:50%\">\n<div class=\"wp-block-group is-layout-flow wp-block-group-is-layout-flow\">\n<p>Notre solution permet l\u2019enregistrement complet de toutes les transactions et le suivi en temps r\u00e9el des mouvements, couvrant les transactions pour le compte de clients, ou de comptes propres.<\/p>\n\n\n\n<p>Nous g\u00e9rons tous types d\u2019\u00e9v\u00e9nements dans des structures de comptes d\u00e9di\u00e9es et s\u00e9par\u00e9es (transactions, rapprochement et confirmation des r\u00e8glements, op\u00e9rations sur titres et revenus, etc.).<\/p>\n\n\n\n<p>Nous permettons le rapprochement nostro\/d\u00e9p\u00f4t et produisons les \u00e9v\u00e9nements ou \u00e9critures n\u00e9cessaires pour votre comptabilit\u00e9 g\u00e9n\u00e9rale.<\/p>\n\n\n\n<div style=\"height:100px\" aria-hidden=\"true\" class=\"wp-block-spacer is-style-spacer-xs\"><\/div>\n\n\n\n<p>La solution SLIB s&rsquo;adresse aux :<\/p>\n\n\n\n<div style=\"height:100px\" aria-hidden=\"true\" class=\"wp-block-spacer is-style-spacer-xs\"><\/div>\n\n\n\n<p>\u2022 Aux d\u00e9positaires<\/p>\n\n\n\n<p>\u2022 Aux banques d&rsquo;investissement<\/p>\n\n\n\n<p>\u2022 Aux banques de d\u00e9tail<\/p>\n\n\n\n<p>\u2022 Aux banques priv\u00e9es<\/p>\n\n\n\n<div style=\"height:100px\" aria-hidden=\"true\" class=\"wp-block-spacer is-style-spacer-l\"><\/div>\n\n\n\n<div class=\"wp-block-buttons is-layout-flex wp-block-buttons-is-layout-flex\">\n<div class=\"wp-block-button is-style-cta\"><a class=\"wp-block-button__link has-white-color has-green-background-color has-text-color has-background has-link-color wp-element-button\" href=\"https:\/\/www.slib.com\/fr\/contact\/\">Contactez nous<\/a><\/div>\n<\/div>\n<\/div>\n<\/div>\n\n\n\n<div class=\"wp-block-column is-vertically-aligned-center reveal-stagger is-layout-flow wp-block-column-is-layout-flow\" style=\"flex-basis:50%\">\n<div class=\"wp-block-cover is-light\"><span aria-hidden=\"true\" class=\"wp-block-cover__background has-background-dim-0 has-background-dim\" style=\"background-color:#868787\"><\/span><img loading=\"lazy\" decoding=\"async\" width=\"618\" height=\"412\" class=\"wp-block-cover__image-background wp-image-937\" alt=\"\" src=\"https:\/\/www.slib.com\/wp-content\/uploads\/2025\/02\/corpo.png\" data-object-fit=\"cover\" srcset=\"https:\/\/www.slib.com\/wp-content\/uploads\/2025\/02\/corpo.png 618w, https:\/\/www.slib.com\/wp-content\/uploads\/2025\/02\/corpo-300x200.png 300w\" sizes=\"auto, (max-width: 618px) 100vw, 618px\" \/><div class=\"wp-block-cover__inner-container is-layout-flow wp-block-cover-is-layout-flow\">\n<p class=\"has-text-align-center\"><\/p>\n<\/div><\/div>\n<\/div>\n<\/div>\n<\/div>\n\n\n\n<p class=\"has-text-align-left\"><\/p>\n<\/div>\n\n<div class=\"wp-block-group alignfull trigger block-group group-with-2-columns variation-50-50 has-light-grey-background-color has-background is-layout-constrained wp-block-group-is-layout-constrained\">\n<div class=\"wp-block-columns is-not-stacked-on-mobile is-layout-flex wp-container-core-columns-is-layout-9d6595d7 wp-block-columns-is-layout-flex\">\n<div class=\"wp-block-column is-vertically-aligned-center is-layout-flow wp-block-column-is-layout-flow\" style=\"flex-basis:50%\">\n<div class=\"wp-block-group reveal-stagger is-layout-flow wp-block-group-is-layout-flow\">\n<h2 class=\"wp-block-heading\">Nos<br\/><strong>SOLUTIONS<\/strong><\/h2>\n\n\n\n<div style=\"height:100px\" aria-hidden=\"true\" class=\"wp-block-spacer is-style-spacer-xs\"><\/div>\n\n\n\n<h3 class=\"wp-block-heading\"><strong>Comptes-titres &amp; Conservation<\/strong><\/h3>\n<\/div>\n<\/div>\n\n\n\n<div class=\"wp-block-column is-vertically-aligned-center is-layout-flow wp-block-column-is-layout-flow\" style=\"flex-basis:50%\">\n<div class=\"wp-block-group reveal-stagger group-with-arrow blue-arrow is-layout-flow wp-block-group-is-layout-flow\">\n<h3 class=\"wp-block-heading\"><strong>REGISTRES ET COMPTES GLOBAUX<\/strong><\/h3>\n\n\n\n<ul class=\"wp-block-list\">\n<li>Positions en esp\u00e8ces et en titres (clients et propre)<\/li>\n\n\n\n<li>Donn\u00e9es en temps r\u00e9el et historiques<\/li>\n\n\n\n<li>R\u00e9conciliation<\/li>\n\n\n\n<li>Tous types de comptes internes : erreurs, diff\u00e9rences, pr\u00e9-r\u00e8glement, etc.<\/li>\n\n\n\n<li>Portefeuilles<\/li>\n\n\n\n<li>Balance op\u00e9rationnelle<\/li>\n\n\n\n<li>Interface avec les d\u00e9positaires centraux et la comptabilit\u00e9 g\u00e9n\u00e9rale<\/li>\n<\/ul>\n<\/div>\n\n\n\n<div style=\"height:100px\" aria-hidden=\"true\" class=\"wp-block-spacer is-style-spacer-m\"><\/div>\n\n\n\n<div class=\"wp-block-group reveal-stagger group-with-arrow blue-arrow is-layout-flow wp-block-group-is-layout-flow\">\n<h3 class=\"wp-block-heading\"><strong>EXPERTISE UNIQUE EN FRANCE<\/strong><\/h3>\n\n\n\n<ul class=\"wp-block-list\">\n<li>Traitement fiscal (IFU, \u2026)<\/li>\n\n\n\n<li>Comptabilit\u00e9 Mati\u00e8re fran\u00e7aise<\/li>\n\n\n\n<li>PEA \/ PER \/ CTO<\/li>\n\n\n\n<li>Reporting r\u00e8glementaire (Ficoba, Protide\u2026)<\/li>\n<\/ul>\n<\/div>\n<\/div>\n<\/div>\n<\/div>\n\n<div class=\"wp-block-group alignfull trigger block-group group-with-2-columns variation-50-50 group-with-video has-dark-blue-background-color has-background is-layout-constrained wp-block-group-is-layout-constrained\">\n<figure class=\"wp-block-video alignfull\"><video height=\"1080\" style=\"aspect-ratio: 1920 \/ 1080;\" width=\"1920\" autoplay=\"\" loop=\"\" muted=\"\" src=\"https:\/\/www.slib.com\/wp-content\/uploads\/2025\/02\/Abstrait-courbe3.webm\"><\/video><\/figure>\n\n\n\n<div class=\"wp-block-columns are-vertically-aligned-center is-not-stacked-on-mobile is-layout-flex wp-container-core-columns-is-layout-9d6595d7 wp-block-columns-is-layout-flex\">\n<div class=\"wp-block-column is-vertically-aligned-center reveal-stagger is-layout-flow wp-block-column-is-layout-flow\" style=\"flex-basis:50%\">\n<div class=\"wp-block-group is-layout-flow wp-block-group-is-layout-flow\">\n<h2 class=\"wp-block-heading style-poppins-highlight has-white-color has-text-color has-link-color has-poppins-font-family wp-elements-a2f85679d9a6720dd6cfff588554b79e\">VOS<br\/><strong>BESOINS<\/strong><\/h2>\n<\/div>\n\n\n\n<div style=\"height:100px\" aria-hidden=\"true\" class=\"wp-block-spacer is-style-spacer-m\"><\/div>\n\n\n\n<div class=\"wp-block-group group-with-arrow white-arrow is-layout-flow wp-block-group-is-layout-flow\">\n<ul class=\"wp-block-list is-style-list-style-1 has-white-color has-text-color has-link-color wp-elements-afe208f1e16c0fc80f301ef20d6fb9b5\">\n<li>Multi-actifs<\/li>\n\n\n\n<li>Robuste et \u00e9volutif \u2013 traitement de grandes quantit\u00e9s<\/li>\n\n\n\n<li>Gestion des exceptions<\/li>\n\n\n\n<li>Personnalisable<\/li>\n<\/ul>\n<\/div>\n<\/div>\n\n\n\n<div class=\"wp-block-column is-vertically-aligned-center reveal-stagger is-layout-flow wp-block-column-is-layout-flow\" style=\"flex-basis:50%\">\n<div class=\"wp-block-group is-layout-flow wp-block-group-is-layout-flow\">\n<h2 class=\"wp-block-heading has-text-align-left style-poppins-highlight has-white-color has-text-color has-link-color has-poppins-font-family wp-elements-66872637162971016adddf57b30d332f\">NOS<br\/><strong>SOLUTIONS<\/strong><\/h2>\n<\/div>\n\n\n\n<div style=\"height:100px\" aria-hidden=\"true\" class=\"wp-block-spacer is-style-spacer-m\"><\/div>\n\n\n\n<div class=\"wp-block-group group-with-arrow white-arrow is-layout-flow wp-block-group-is-layout-flow\">\n<ul class=\"wp-block-list is-style-list-style-1 has-white-color has-text-color has-link-color wp-elements-96489f4a9cd8bd8f9661706bccb75fd2\">\n<li>Architecture ouverte<\/li>\n\n\n\n<li>Tra\u00e7abilit\u00e9 compl\u00e8te des \u00e9v\u00e9nements et transactions pour l\u2019analyse et la conformit\u00e9<\/li>\n\n\n\n<li>R\u00e8gles personnalis\u00e9es permettant d\u2019interrompre le traitement automatis\u00e9 (STP) et de d\u00e9clencher des exceptions<\/li>\n\n\n\n<li>Tableaux de bord et alertes en temps r\u00e9el<\/li>\n<\/ul>\n<\/div>\n<\/div>\n<\/div>\n<\/div>\n","protected":false},"excerpt":{"rendered":"<p>G\u00e9rez vos portefeuilles et vos comptes titres Notre solution permet l\u2019enregistrement complet de toutes les transactions et le suivi en temps r\u00e9el des mouvements, couvrant les transactions pour le compte de clients, ou de comptes propres. Nous g\u00e9rons tous types d\u2019\u00e9v\u00e9nements dans des structures de comptes d\u00e9di\u00e9es et s\u00e9par\u00e9es (transactions, rapprochement et confirmation des r\u00e8glements, [&hellip;]<\/p>\n","protected":false},"author":2,"featured_media":0,"parent":0,"menu_order":0,"comment_status":"closed","ping_status":"closed","template":"","meta":{"_acf_changed":false,"om_disable_all_campaigns":false,"_relevanssi_hide_post":"","_relevanssi_hide_content":"","_relevanssi_pin_for_all":"","_relevanssi_pin_keywords":"","_relevanssi_unpin_keywords":"","_relevanssi_related_keywords":"","_relevanssi_related_include_ids":"","_relevanssi_related_exclude_ids":"","_relevanssi_related_no_append":"","_relevanssi_related_not_related":"","_relevanssi_related_posts":"","_relevanssi_noindex_reason":"","footnotes":""},"class_list":["post-1795","page","type-page","status-publish","hentry"],"acf":[],"yoast_head":"<title>G\u00c9REZ VOS PORTEFEUILLES ET VOS COMPTES TITRES - Slib<\/title>\n<meta name=\"robots\" content=\"index, follow, max-snippet:-1, max-image-preview:large, max-video-preview:-1\" \/>\n<link rel=\"canonical\" href=\"https:\/\/www.slib.com\/fr\/gerez-vos-portefeuilles-et-maintenez-des-livres-et-registres-precis\/\" \/>\n<meta property=\"og:locale\" content=\"fr_FR\" \/>\n<meta property=\"og:type\" content=\"article\" \/>\n<meta property=\"og:title\" content=\"G\u00c9REZ VOS PORTEFEUILLES ET VOS COMPTES TITRES - Slib\" \/>\n<meta property=\"og:description\" content=\"G\u00e9rez vos portefeuilles et vos comptes titres Notre solution permet l\u2019enregistrement complet de toutes les transactions et le suivi en temps r\u00e9el des mouvements, couvrant les transactions pour le compte de clients, ou de comptes propres. Nous g\u00e9rons tous types d\u2019\u00e9v\u00e9nements dans des structures de comptes d\u00e9di\u00e9es et s\u00e9par\u00e9es (transactions, rapprochement et confirmation des r\u00e8glements, [&hellip;]\" \/>\n<meta property=\"og:url\" content=\"https:\/\/www.slib.com\/fr\/gerez-vos-portefeuilles-et-maintenez-des-livres-et-registres-precis\/\" \/>\n<meta property=\"og:site_name\" content=\"Slib\" \/>\n<meta property=\"article:modified_time\" content=\"2025-12-15T17:29:20+00:00\" \/>\n<meta property=\"og:image\" content=\"https:\/\/www.slib.com\/wp-content\/uploads\/2025\/02\/corpo.png\" \/>\n<meta name=\"twitter:card\" content=\"summary_large_image\" \/>\n<meta name=\"twitter:label1\" content=\"Dur\u00e9e de lecture estim\u00e9e\" \/>\n\t<meta name=\"twitter:data1\" content=\"1 minute\" \/>\n<script type=\"application\/ld+json\" class=\"yoast-schema-graph\">{\"@context\":\"https:\/\/schema.org\",\"@graph\":[{\"@type\":\"WebPage\",\"@id\":\"https:\/\/www.slib.com\/fr\/gerez-vos-portefeuilles-et-maintenez-des-livres-et-registres-precis\/\",\"url\":\"https:\/\/www.slib.com\/fr\/gerez-vos-portefeuilles-et-maintenez-des-livres-et-registres-precis\/\",\"name\":\"G\u00c9REZ VOS PORTEFEUILLES ET VOS COMPTES TITRES - Slib\",\"isPartOf\":{\"@id\":\"https:\/\/www.slib.com\/fr\/#website\"},\"primaryImageOfPage\":{\"@id\":\"https:\/\/www.slib.com\/fr\/gerez-vos-portefeuilles-et-maintenez-des-livres-et-registres-precis\/#primaryimage\"},\"image\":{\"@id\":\"https:\/\/www.slib.com\/fr\/gerez-vos-portefeuilles-et-maintenez-des-livres-et-registres-precis\/#primaryimage\"},\"thumbnailUrl\":\"https:\/\/www.slib.com\/wp-content\/uploads\/2025\/02\/corpo.png\",\"datePublished\":\"2025-04-24T09:33:19+00:00\",\"dateModified\":\"2025-12-15T17:29:20+00:00\",\"breadcrumb\":{\"@id\":\"https:\/\/www.slib.com\/fr\/gerez-vos-portefeuilles-et-maintenez-des-livres-et-registres-precis\/#breadcrumb\"},\"inLanguage\":\"fr-FR\",\"potentialAction\":[{\"@type\":\"ReadAction\",\"target\":[\"https:\/\/www.slib.com\/fr\/gerez-vos-portefeuilles-et-maintenez-des-livres-et-registres-precis\/\"]}]},{\"@type\":\"ImageObject\",\"inLanguage\":\"fr-FR\",\"@id\":\"https:\/\/www.slib.com\/fr\/gerez-vos-portefeuilles-et-maintenez-des-livres-et-registres-precis\/#primaryimage\",\"url\":\"https:\/\/www.slib.com\/wp-content\/uploads\/2025\/02\/corpo.png\",\"contentUrl\":\"https:\/\/www.slib.com\/wp-content\/uploads\/2025\/02\/corpo.png\"},{\"@type\":\"BreadcrumbList\",\"@id\":\"https:\/\/www.slib.com\/fr\/gerez-vos-portefeuilles-et-maintenez-des-livres-et-registres-precis\/#breadcrumb\",\"itemListElement\":[{\"@type\":\"ListItem\",\"position\":1,\"name\":\"Home\",\"item\":\"https:\/\/www.slib.com\/fr\/\"},{\"@type\":\"ListItem\",\"position\":2,\"name\":\"G\u00c9REZ VOS PORTEFEUILLES ET VOS COMPTES TITRES\"}]},{\"@type\":\"WebSite\",\"@id\":\"https:\/\/www.slib.com\/fr\/#website\",\"url\":\"https:\/\/www.slib.com\/fr\/\",\"name\":\"Slib\",\"description\":\"\",\"potentialAction\":[{\"@type\":\"SearchAction\",\"target\":{\"@type\":\"EntryPoint\",\"urlTemplate\":\"https:\/\/www.slib.com\/fr\/?s={search_term_string}\"},\"query-input\":{\"@type\":\"PropertyValueSpecification\",\"valueRequired\":true,\"valueName\":\"search_term_string\"}}],\"inLanguage\":\"fr-FR\"}]}<\/script>","yoast_head_json":{"title":"G\u00c9REZ VOS PORTEFEUILLES ET VOS COMPTES TITRES - Slib","robots":{"index":"index","follow":"follow","max-snippet":"max-snippet:-1","max-image-preview":"max-image-preview:large","max-video-preview":"max-video-preview:-1"},"canonical":"https:\/\/www.slib.com\/fr\/gerez-vos-portefeuilles-et-maintenez-des-livres-et-registres-precis\/","og_locale":"fr_FR","og_type":"article","og_title":"G\u00c9REZ VOS PORTEFEUILLES ET VOS COMPTES TITRES - Slib","og_description":"G\u00e9rez vos portefeuilles et vos comptes titres Notre solution permet l\u2019enregistrement complet de toutes les transactions et le suivi en temps r\u00e9el des mouvements, couvrant les transactions pour le compte de clients, ou de comptes propres. Nous g\u00e9rons tous types d\u2019\u00e9v\u00e9nements dans des structures de comptes d\u00e9di\u00e9es et s\u00e9par\u00e9es (transactions, rapprochement et confirmation des r\u00e8glements, [&hellip;]","og_url":"https:\/\/www.slib.com\/fr\/gerez-vos-portefeuilles-et-maintenez-des-livres-et-registres-precis\/","og_site_name":"Slib","article_modified_time":"2025-12-15T17:29:20+00:00","og_image":[{"url":"https:\/\/www.slib.com\/wp-content\/uploads\/2025\/02\/corpo.png","type":"","width":"","height":""}],"twitter_card":"summary_large_image","twitter_misc":{"Dur\u00e9e de lecture estim\u00e9e":"1 minute"},"schema":{"@context":"https:\/\/schema.org","@graph":[{"@type":"WebPage","@id":"https:\/\/www.slib.com\/fr\/gerez-vos-portefeuilles-et-maintenez-des-livres-et-registres-precis\/","url":"https:\/\/www.slib.com\/fr\/gerez-vos-portefeuilles-et-maintenez-des-livres-et-registres-precis\/","name":"G\u00c9REZ VOS PORTEFEUILLES ET VOS COMPTES TITRES - Slib","isPartOf":{"@id":"https:\/\/www.slib.com\/fr\/#website"},"primaryImageOfPage":{"@id":"https:\/\/www.slib.com\/fr\/gerez-vos-portefeuilles-et-maintenez-des-livres-et-registres-precis\/#primaryimage"},"image":{"@id":"https:\/\/www.slib.com\/fr\/gerez-vos-portefeuilles-et-maintenez-des-livres-et-registres-precis\/#primaryimage"},"thumbnailUrl":"https:\/\/www.slib.com\/wp-content\/uploads\/2025\/02\/corpo.png","datePublished":"2025-04-24T09:33:19+00:00","dateModified":"2025-12-15T17:29:20+00:00","breadcrumb":{"@id":"https:\/\/www.slib.com\/fr\/gerez-vos-portefeuilles-et-maintenez-des-livres-et-registres-precis\/#breadcrumb"},"inLanguage":"fr-FR","potentialAction":[{"@type":"ReadAction","target":["https:\/\/www.slib.com\/fr\/gerez-vos-portefeuilles-et-maintenez-des-livres-et-registres-precis\/"]}]},{"@type":"ImageObject","inLanguage":"fr-FR","@id":"https:\/\/www.slib.com\/fr\/gerez-vos-portefeuilles-et-maintenez-des-livres-et-registres-precis\/#primaryimage","url":"https:\/\/www.slib.com\/wp-content\/uploads\/2025\/02\/corpo.png","contentUrl":"https:\/\/www.slib.com\/wp-content\/uploads\/2025\/02\/corpo.png"},{"@type":"BreadcrumbList","@id":"https:\/\/www.slib.com\/fr\/gerez-vos-portefeuilles-et-maintenez-des-livres-et-registres-precis\/#breadcrumb","itemListElement":[{"@type":"ListItem","position":1,"name":"Home","item":"https:\/\/www.slib.com\/fr\/"},{"@type":"ListItem","position":2,"name":"G\u00c9REZ VOS PORTEFEUILLES ET VOS COMPTES TITRES"}]},{"@type":"WebSite","@id":"https:\/\/www.slib.com\/fr\/#website","url":"https:\/\/www.slib.com\/fr\/","name":"Slib","description":"","potentialAction":[{"@type":"SearchAction","target":{"@type":"EntryPoint","urlTemplate":"https:\/\/www.slib.com\/fr\/?s={search_term_string}"},"query-input":{"@type":"PropertyValueSpecification","valueRequired":true,"valueName":"search_term_string"}}],"inLanguage":"fr-FR"}]}},"_links":{"self":[{"href":"https:\/\/www.slib.com\/fr\/wp-json\/wp\/v2\/pages\/1795","targetHints":{"allow":["GET"]}}],"collection":[{"href":"https:\/\/www.slib.com\/fr\/wp-json\/wp\/v2\/pages"}],"about":[{"href":"https:\/\/www.slib.com\/fr\/wp-json\/wp\/v2\/types\/page"}],"author":[{"embeddable":true,"href":"https:\/\/www.slib.com\/fr\/wp-json\/wp\/v2\/users\/2"}],"replies":[{"embeddable":true,"href":"https:\/\/www.slib.com\/fr\/wp-json\/wp\/v2\/comments?post=1795"}],"version-history":[{"count":7,"href":"https:\/\/www.slib.com\/fr\/wp-json\/wp\/v2\/pages\/1795\/revisions"}],"predecessor-version":[{"id":1861,"href":"https:\/\/www.slib.com\/fr\/wp-json\/wp\/v2\/pages\/1795\/revisions\/1861"}],"wp:attachment":[{"href":"https:\/\/www.slib.com\/fr\/wp-json\/wp\/v2\/media?parent=1795"}],"curies":[{"name":"wp","href":"https:\/\/api.w.org\/{rel}","templated":true}]}}