
{"id":1797,"date":"2025-04-24T10:59:31","date_gmt":"2025-04-24T08:59:31","guid":{"rendered":"https:\/\/www.slib.com\/gerez-vos-evenements-corporatifs-en-toute-securite\/"},"modified":"2025-12-15T14:24:47","modified_gmt":"2025-12-15T13:24:47","slug":"gerez-vos-evenements-corporatifs-en-toute-securite","status":"publish","type":"page","link":"https:\/\/www.slib.com\/fr\/gerez-vos-evenements-corporatifs-en-toute-securite\/","title":{"rendered":"<br>G\u00c9REZ VOS OP\u00c9RATIONS SUR TITRES EN TOUTE S\u00c9CURIT\u00c9"},"content":{"rendered":"\n<div class=\"wp-block-group alignwide trigger is-layout-constrained wp-block-group-is-layout-constrained\">\n<h1 class=\"wp-block-heading has-text-align-left is-style-title-h2\">G\u00c9REZ VOS OP\u00c9RATIONS SUR TITRES EN TOUTE S\u00c9CURIT\u00c9<strong> <\/strong><\/h1>\n\n\n\n<div class=\"wp-block-group alignwide trigger block-group group-with-2-columns variation-50-50 has-white-background-color has-background is-layout-constrained wp-block-group-is-layout-constrained\">\n<div class=\"wp-block-columns are-vertically-aligned-center is-not-stacked-on-mobile is-layout-flex wp-container-core-columns-is-layout-9d6595d7 wp-block-columns-is-layout-flex\">\n<div class=\"wp-block-column is-vertically-aligned-center reveal-stagger is-layout-flow wp-block-column-is-layout-flow\" style=\"flex-basis:50%\">\n<div class=\"wp-block-group is-layout-flow wp-block-group-is-layout-flow\">\n<p>Nous fournissons les outils permettant de rationaliser davantage le traitement des op\u00e9rations sur titres et d\u2019offrir les meilleures donn\u00e9es pour la prise de d\u00e9cision d\u2019investissement.<\/p>\n\n\n\n<p>SLIB Corporate Actions est conforme aux normes ISO, avec un traitement automatis\u00e9 de bout \u00e0 bout pour tous types d\u2019\u00e9v\u00e9nements. Notre plateforme est multi-entit\u00e9 et peut s\u2019interfacer de mani\u00e8re fluide avec tout syst\u00e8me externe via API ou couche d\u2019int\u00e9gration<\/p>\n\n\n\n<div style=\"height:100px\" aria-hidden=\"true\" class=\"wp-block-spacer is-style-spacer-xs\"><\/div>\n\n\n\n<p>Notre solution \u00e9volue en continu gr\u00e2ce aux contributions et retours de nos clients.<\/p>\n\n\n\n<div style=\"height:100px\" aria-hidden=\"true\" class=\"wp-block-spacer is-style-spacer-xs\"><\/div>\n\n\n\n<p>La solution SLIB s&rsquo;adresse \u00e0 :<\/p>\n\n\n\n<div style=\"height:100px\" aria-hidden=\"true\" class=\"wp-block-spacer is-style-spacer-xs\"><\/div>\n\n\n\n<p>\u2022 Aux d\u00e9positaires<\/p>\n\n\n\n<p>\u2022 Aux banques d&rsquo;investissement<\/p>\n\n\n\n<p>\u2022 Aux banques de d\u00e9tail<\/p>\n\n\n\n<p>\u2022 Aux banques priv\u00e9es<\/p>\n\n\n\n<div style=\"height:100px\" aria-hidden=\"true\" class=\"wp-block-spacer is-style-spacer-l\"><\/div>\n\n\n\n<div class=\"wp-block-buttons is-layout-flex wp-block-buttons-is-layout-flex\">\n<div class=\"wp-block-button is-style-cta\"><a class=\"wp-block-button__link has-white-color has-green-background-color has-text-color has-background has-link-color wp-element-button\" href=\"https:\/\/www.slib.com\/fr\/contact\/\">Contactez nous<\/a><\/div>\n<\/div>\n<\/div>\n<\/div>\n\n\n\n<div class=\"wp-block-column is-vertically-aligned-center reveal-stagger is-layout-flow wp-block-column-is-layout-flow\" style=\"flex-basis:50%\">\n<div class=\"wp-block-cover is-light\"><span aria-hidden=\"true\" class=\"wp-block-cover__background has-background-dim-0 has-background-dim\" style=\"background-color:#999b9c\"><\/span><img loading=\"lazy\" decoding=\"async\" width=\"2560\" height=\"1709\" class=\"wp-block-cover__image-background wp-image-1311\" alt=\"\" src=\"https:\/\/www.slib.com\/wp-content\/uploads\/2025\/03\/people-office-analyzing-checking-finance-graphs-scaled.jpg\" data-object-fit=\"cover\" srcset=\"https:\/\/www.slib.com\/wp-content\/uploads\/2025\/03\/people-office-analyzing-checking-finance-graphs-scaled.jpg 2560w, https:\/\/www.slib.com\/wp-content\/uploads\/2025\/03\/people-office-analyzing-checking-finance-graphs-300x200.jpg 300w, https:\/\/www.slib.com\/wp-content\/uploads\/2025\/03\/people-office-analyzing-checking-finance-graphs-1024x683.jpg 1024w, https:\/\/www.slib.com\/wp-content\/uploads\/2025\/03\/people-office-analyzing-checking-finance-graphs-768x513.jpg 768w, https:\/\/www.slib.com\/wp-content\/uploads\/2025\/03\/people-office-analyzing-checking-finance-graphs-1536x1025.jpg 1536w, https:\/\/www.slib.com\/wp-content\/uploads\/2025\/03\/people-office-analyzing-checking-finance-graphs-2048x1367.jpg 2048w\" sizes=\"auto, (max-width: 2560px) 100vw, 2560px\" \/><div class=\"wp-block-cover__inner-container is-layout-flow wp-block-cover-is-layout-flow\">\n<p class=\"has-text-align-center\"><\/p>\n<\/div><\/div>\n<\/div>\n<\/div>\n<\/div>\n\n\n\n<p class=\"has-text-align-left\"><\/p>\n<\/div>\n\n<div class=\"wp-block-group alignfull trigger block-group group-with-2-columns variation-50-50 has-light-grey-background-color has-background is-layout-constrained wp-block-group-is-layout-constrained\">\n<div class=\"wp-block-columns is-not-stacked-on-mobile is-layout-flex wp-container-core-columns-is-layout-9d6595d7 wp-block-columns-is-layout-flex\">\n<div class=\"wp-block-column is-vertically-aligned-center is-layout-flow wp-block-column-is-layout-flow\" style=\"flex-basis:50%\">\n<div class=\"wp-block-group reveal-stagger is-layout-flow wp-block-group-is-layout-flow\">\n<h2 class=\"wp-block-heading\">NOS<br\/><strong>SOLUTIONS<\/strong><\/h2>\n\n\n\n<div style=\"height:100px\" aria-hidden=\"true\" class=\"wp-block-spacer is-style-spacer-xs\"><\/div>\n\n\n\n<h3 class=\"wp-block-heading\"><strong>Pour le traitement des op\u00e9rations sur titres<\/strong><\/h3>\n<\/div>\n<\/div>\n\n\n\n<div class=\"wp-block-column is-vertically-aligned-center is-layout-flow wp-block-column-is-layout-flow\" style=\"flex-basis:50%\">\n<div class=\"wp-block-group reveal-stagger group-with-arrow blue-arrow is-layout-flow wp-block-group-is-layout-flow\">\n<h3 class=\"wp-block-heading\"><strong>TRAITEMENT INTELLIGENT<\/strong><\/h3>\n\n\n\n<ul class=\"wp-block-list\">\n<li>Gestion de la golden source (source de r\u00e9f\u00e9rence unique)<\/li>\n\n\n\n<li>Gestion des positions \u00e9ligibles<\/li>\n\n\n\n<li>Simulation<\/li>\n\n\n\n<li>Rapprochement<\/li>\n\n\n\n<li>Gestion des instructions et traitement des \u00e9v\u00e9nements<\/li>\n\n\n\n<li>Intelligence artificielle int\u00e9gr\u00e9e<\/li>\n<\/ul>\n<\/div>\n\n\n\n<div style=\"height:100px\" aria-hidden=\"true\" class=\"wp-block-spacer is-style-spacer-m\"><\/div>\n\n\n\n<div class=\"wp-block-group reveal-stagger group-with-arrow blue-arrow is-layout-flow wp-block-group-is-layout-flow\">\n<h3 class=\"wp-block-heading\"><strong>CONNECTIVIT\u00c9 ET REPORTING FLEXIBLES<\/strong><\/h3>\n\n\n\n<ul class=\"wp-block-list\">\n<li>Compatibilit\u00e9 totale avec SWIFT<\/li>\n\n\n\n<li>Capture des \u00e9v\u00e9nements multi-sources (SIX Financials, CSDs, D\u00e9positaires\u2026)<\/li>\n\n\n\n<li>Tableaux de bord, calendriers<\/li>\n\n\n\n<li>Alertes<\/li>\n\n\n\n<li>API et connectivit\u00e9 avec les syst\u00e8mes externes<\/li>\n<\/ul>\n<\/div>\n<\/div>\n<\/div>\n<\/div>\n\n<div class=\"wp-block-group alignfull trigger block-group group-with-2-columns variation-50-50 group-with-video has-dark-blue-background-color has-background is-layout-constrained wp-block-group-is-layout-constrained\">\n<figure class=\"wp-block-video alignfull\"><video height=\"1080\" style=\"aspect-ratio: 1920 \/ 1080;\" width=\"1920\" autoplay=\"\" loop=\"\" muted=\"\" src=\"https:\/\/www.slib.com\/wp-content\/uploads\/2025\/02\/Abstrait-courbe3.webm\"><\/video><\/figure>\n\n\n\n<div class=\"wp-block-columns are-vertically-aligned-center is-not-stacked-on-mobile is-layout-flex wp-container-core-columns-is-layout-9d6595d7 wp-block-columns-is-layout-flex\">\n<div class=\"wp-block-column is-vertically-aligned-center reveal-stagger is-layout-flow wp-block-column-is-layout-flow\" style=\"flex-basis:50%\">\n<div class=\"wp-block-group is-layout-flow wp-block-group-is-layout-flow\">\n<h2 class=\"wp-block-heading style-poppins-highlight has-white-color has-text-color has-link-color has-poppins-font-family wp-elements-a2f85679d9a6720dd6cfff588554b79e\">VOS<br\/><strong>BESOINS<\/strong><\/h2>\n<\/div>\n\n\n\n<div style=\"height:100px\" aria-hidden=\"true\" class=\"wp-block-spacer is-style-spacer-m\"><\/div>\n\n\n\n<div class=\"wp-block-group group-with-arrow white-arrow is-layout-flow wp-block-group-is-layout-flow\">\n<ul class=\"wp-block-list is-style-list-style-1 has-white-color has-text-color has-link-color wp-elements-9ec1903f8cca8af90532432e4ce73a4d\">\n<li>Multi actifs<\/li>\n\n\n\n<li>Robuste et \u00e9volutif \u2013 gestion de grandes quantit\u00e9s<\/li>\n\n\n\n<li>Gestion des exceptions<\/li>\n\n\n\n<li>Personnalisable<\/li>\n<\/ul>\n<\/div>\n<\/div>\n\n\n\n<div class=\"wp-block-column is-vertically-aligned-center reveal-stagger is-layout-flow wp-block-column-is-layout-flow\" style=\"flex-basis:50%\">\n<div class=\"wp-block-group is-layout-flow wp-block-group-is-layout-flow\">\n<h2 class=\"wp-block-heading has-text-align-left style-poppins-highlight has-white-color has-text-color has-link-color has-poppins-font-family wp-elements-66872637162971016adddf57b30d332f\">NOS<br\/><strong>SOLUTIONS<\/strong><\/h2>\n<\/div>\n\n\n\n<div style=\"height:100px\" aria-hidden=\"true\" class=\"wp-block-spacer is-style-spacer-m\"><\/div>\n\n\n\n<div class=\"wp-block-group group-with-arrow white-arrow is-layout-flow wp-block-group-is-layout-flow\">\n<ul class=\"wp-block-list is-style-list-style-1 has-white-color has-text-color has-link-color wp-elements-96489f4a9cd8bd8f9661706bccb75fd2\">\n<li>Architecture ouverte<\/li>\n\n\n\n<li>Tra\u00e7abilit\u00e9 compl\u00e8te des \u00e9v\u00e9nements et transactions pour l\u2019analyse et la conformit\u00e9<\/li>\n\n\n\n<li>R\u00e8gles personnalis\u00e9es permettant d\u2019interrompre le traitement automatis\u00e9 (STP) et de d\u00e9clencher des exceptions<\/li>\n\n\n\n<li>Tableaux de bord et alertes en temps r\u00e9el<\/li>\n<\/ul>\n<\/div>\n<\/div>\n<\/div>\n<\/div>\n\n<p><\/p>\n","protected":false},"excerpt":{"rendered":"<p>G\u00c9REZ VOS OP\u00c9RATIONS SUR TITRES EN TOUTE S\u00c9CURIT\u00c9 Nous fournissons les outils permettant de rationaliser davantage le traitement des op\u00e9rations sur titres et d\u2019offrir les meilleures donn\u00e9es pour la prise de d\u00e9cision d\u2019investissement. SLIB Corporate Actions est conforme aux normes ISO, avec un traitement automatis\u00e9 de bout \u00e0 bout pour tous types d\u2019\u00e9v\u00e9nements. Notre plateforme [&hellip;]<\/p>\n","protected":false},"author":2,"featured_media":0,"parent":0,"menu_order":0,"comment_status":"closed","ping_status":"closed","template":"","meta":{"_acf_changed":false,"om_disable_all_campaigns":false,"_relevanssi_hide_post":"","_relevanssi_hide_content":"","_relevanssi_pin_for_all":"","_relevanssi_pin_keywords":"","_relevanssi_unpin_keywords":"","_relevanssi_related_keywords":"","_relevanssi_related_include_ids":"","_relevanssi_related_exclude_ids":"","_relevanssi_related_no_append":"","_relevanssi_related_not_related":"","_relevanssi_related_posts":"","_relevanssi_noindex_reason":"","footnotes":""},"class_list":["post-1797","page","type-page","status-publish","hentry"],"acf":[],"yoast_head":"<title>G\u00c9REZ VOS OP\u00c9RATIONS SUR TITRES EN TOUTE S\u00c9CURIT\u00c9 - Slib<\/title>\n<meta name=\"robots\" content=\"index, follow, max-snippet:-1, max-image-preview:large, max-video-preview:-1\" \/>\n<link rel=\"canonical\" href=\"https:\/\/www.slib.com\/fr\/gerez-vos-evenements-corporatifs-en-toute-securite\/\" \/>\n<meta property=\"og:locale\" content=\"fr_FR\" \/>\n<meta property=\"og:type\" content=\"article\" \/>\n<meta property=\"og:title\" content=\"G\u00c9REZ VOS OP\u00c9RATIONS SUR TITRES EN TOUTE S\u00c9CURIT\u00c9 - Slib\" \/>\n<meta property=\"og:description\" content=\"G\u00c9REZ VOS OP\u00c9RATIONS SUR TITRES EN TOUTE S\u00c9CURIT\u00c9 Nous fournissons les outils permettant de rationaliser davantage le traitement des op\u00e9rations sur titres et d\u2019offrir les meilleures donn\u00e9es pour la prise de d\u00e9cision d\u2019investissement. SLIB Corporate Actions est conforme aux normes ISO, avec un traitement automatis\u00e9 de bout \u00e0 bout pour tous types d\u2019\u00e9v\u00e9nements. Notre plateforme [&hellip;]\" \/>\n<meta property=\"og:url\" content=\"https:\/\/www.slib.com\/fr\/gerez-vos-evenements-corporatifs-en-toute-securite\/\" \/>\n<meta property=\"og:site_name\" content=\"Slib\" \/>\n<meta property=\"article:modified_time\" content=\"2025-12-15T13:24:47+00:00\" \/>\n<meta property=\"og:image\" content=\"https:\/\/www.slib.com\/wp-content\/uploads\/2025\/03\/people-office-analyzing-checking-finance-graphs-scaled.jpg\" \/>\n<meta name=\"twitter:card\" content=\"summary_large_image\" \/>\n<meta name=\"twitter:label1\" content=\"Dur\u00e9e de lecture estim\u00e9e\" \/>\n\t<meta name=\"twitter:data1\" content=\"1 minute\" \/>\n<script type=\"application\/ld+json\" class=\"yoast-schema-graph\">{\"@context\":\"https:\/\/schema.org\",\"@graph\":[{\"@type\":\"WebPage\",\"@id\":\"https:\/\/www.slib.com\/fr\/gerez-vos-evenements-corporatifs-en-toute-securite\/\",\"url\":\"https:\/\/www.slib.com\/fr\/gerez-vos-evenements-corporatifs-en-toute-securite\/\",\"name\":\"G\u00c9REZ VOS OP\u00c9RATIONS SUR TITRES EN TOUTE S\u00c9CURIT\u00c9 - Slib\",\"isPartOf\":{\"@id\":\"https:\/\/www.slib.com\/fr\/#website\"},\"primaryImageOfPage\":{\"@id\":\"https:\/\/www.slib.com\/fr\/gerez-vos-evenements-corporatifs-en-toute-securite\/#primaryimage\"},\"image\":{\"@id\":\"https:\/\/www.slib.com\/fr\/gerez-vos-evenements-corporatifs-en-toute-securite\/#primaryimage\"},\"thumbnailUrl\":\"https:\/\/www.slib.com\/wp-content\/uploads\/2025\/03\/people-office-analyzing-checking-finance-graphs-scaled.jpg\",\"datePublished\":\"2025-04-24T08:59:31+00:00\",\"dateModified\":\"2025-12-15T13:24:47+00:00\",\"breadcrumb\":{\"@id\":\"https:\/\/www.slib.com\/fr\/gerez-vos-evenements-corporatifs-en-toute-securite\/#breadcrumb\"},\"inLanguage\":\"fr-FR\",\"potentialAction\":[{\"@type\":\"ReadAction\",\"target\":[\"https:\/\/www.slib.com\/fr\/gerez-vos-evenements-corporatifs-en-toute-securite\/\"]}]},{\"@type\":\"ImageObject\",\"inLanguage\":\"fr-FR\",\"@id\":\"https:\/\/www.slib.com\/fr\/gerez-vos-evenements-corporatifs-en-toute-securite\/#primaryimage\",\"url\":\"https:\/\/www.slib.com\/wp-content\/uploads\/2025\/03\/people-office-analyzing-checking-finance-graphs-scaled.jpg\",\"contentUrl\":\"https:\/\/www.slib.com\/wp-content\/uploads\/2025\/03\/people-office-analyzing-checking-finance-graphs-scaled.jpg\"},{\"@type\":\"BreadcrumbList\",\"@id\":\"https:\/\/www.slib.com\/fr\/gerez-vos-evenements-corporatifs-en-toute-securite\/#breadcrumb\",\"itemListElement\":[{\"@type\":\"ListItem\",\"position\":1,\"name\":\"Home\",\"item\":\"https:\/\/www.slib.com\/fr\/\"},{\"@type\":\"ListItem\",\"position\":2,\"name\":\"G\u00c9REZ VOS OP\u00c9RATIONS SUR TITRES EN TOUTE S\u00c9CURIT\u00c9\"}]},{\"@type\":\"WebSite\",\"@id\":\"https:\/\/www.slib.com\/fr\/#website\",\"url\":\"https:\/\/www.slib.com\/fr\/\",\"name\":\"Slib\",\"description\":\"\",\"potentialAction\":[{\"@type\":\"SearchAction\",\"target\":{\"@type\":\"EntryPoint\",\"urlTemplate\":\"https:\/\/www.slib.com\/fr\/?s={search_term_string}\"},\"query-input\":{\"@type\":\"PropertyValueSpecification\",\"valueRequired\":true,\"valueName\":\"search_term_string\"}}],\"inLanguage\":\"fr-FR\"}]}<\/script>","yoast_head_json":{"title":"G\u00c9REZ VOS OP\u00c9RATIONS SUR TITRES EN TOUTE S\u00c9CURIT\u00c9 - Slib","robots":{"index":"index","follow":"follow","max-snippet":"max-snippet:-1","max-image-preview":"max-image-preview:large","max-video-preview":"max-video-preview:-1"},"canonical":"https:\/\/www.slib.com\/fr\/gerez-vos-evenements-corporatifs-en-toute-securite\/","og_locale":"fr_FR","og_type":"article","og_title":"G\u00c9REZ VOS OP\u00c9RATIONS SUR TITRES EN TOUTE S\u00c9CURIT\u00c9 - Slib","og_description":"G\u00c9REZ VOS OP\u00c9RATIONS SUR TITRES EN TOUTE S\u00c9CURIT\u00c9 Nous fournissons les outils permettant de rationaliser davantage le traitement des op\u00e9rations sur titres et d\u2019offrir les meilleures donn\u00e9es pour la prise de d\u00e9cision d\u2019investissement. SLIB Corporate Actions est conforme aux normes ISO, avec un traitement automatis\u00e9 de bout \u00e0 bout pour tous types d\u2019\u00e9v\u00e9nements. Notre plateforme [&hellip;]","og_url":"https:\/\/www.slib.com\/fr\/gerez-vos-evenements-corporatifs-en-toute-securite\/","og_site_name":"Slib","article_modified_time":"2025-12-15T13:24:47+00:00","og_image":[{"url":"https:\/\/www.slib.com\/wp-content\/uploads\/2025\/03\/people-office-analyzing-checking-finance-graphs-scaled.jpg","type":"","width":"","height":""}],"twitter_card":"summary_large_image","twitter_misc":{"Dur\u00e9e de lecture estim\u00e9e":"1 minute"},"schema":{"@context":"https:\/\/schema.org","@graph":[{"@type":"WebPage","@id":"https:\/\/www.slib.com\/fr\/gerez-vos-evenements-corporatifs-en-toute-securite\/","url":"https:\/\/www.slib.com\/fr\/gerez-vos-evenements-corporatifs-en-toute-securite\/","name":"G\u00c9REZ VOS OP\u00c9RATIONS SUR TITRES EN TOUTE S\u00c9CURIT\u00c9 - Slib","isPartOf":{"@id":"https:\/\/www.slib.com\/fr\/#website"},"primaryImageOfPage":{"@id":"https:\/\/www.slib.com\/fr\/gerez-vos-evenements-corporatifs-en-toute-securite\/#primaryimage"},"image":{"@id":"https:\/\/www.slib.com\/fr\/gerez-vos-evenements-corporatifs-en-toute-securite\/#primaryimage"},"thumbnailUrl":"https:\/\/www.slib.com\/wp-content\/uploads\/2025\/03\/people-office-analyzing-checking-finance-graphs-scaled.jpg","datePublished":"2025-04-24T08:59:31+00:00","dateModified":"2025-12-15T13:24:47+00:00","breadcrumb":{"@id":"https:\/\/www.slib.com\/fr\/gerez-vos-evenements-corporatifs-en-toute-securite\/#breadcrumb"},"inLanguage":"fr-FR","potentialAction":[{"@type":"ReadAction","target":["https:\/\/www.slib.com\/fr\/gerez-vos-evenements-corporatifs-en-toute-securite\/"]}]},{"@type":"ImageObject","inLanguage":"fr-FR","@id":"https:\/\/www.slib.com\/fr\/gerez-vos-evenements-corporatifs-en-toute-securite\/#primaryimage","url":"https:\/\/www.slib.com\/wp-content\/uploads\/2025\/03\/people-office-analyzing-checking-finance-graphs-scaled.jpg","contentUrl":"https:\/\/www.slib.com\/wp-content\/uploads\/2025\/03\/people-office-analyzing-checking-finance-graphs-scaled.jpg"},{"@type":"BreadcrumbList","@id":"https:\/\/www.slib.com\/fr\/gerez-vos-evenements-corporatifs-en-toute-securite\/#breadcrumb","itemListElement":[{"@type":"ListItem","position":1,"name":"Home","item":"https:\/\/www.slib.com\/fr\/"},{"@type":"ListItem","position":2,"name":"G\u00c9REZ VOS OP\u00c9RATIONS SUR TITRES EN TOUTE S\u00c9CURIT\u00c9"}]},{"@type":"WebSite","@id":"https:\/\/www.slib.com\/fr\/#website","url":"https:\/\/www.slib.com\/fr\/","name":"Slib","description":"","potentialAction":[{"@type":"SearchAction","target":{"@type":"EntryPoint","urlTemplate":"https:\/\/www.slib.com\/fr\/?s={search_term_string}"},"query-input":{"@type":"PropertyValueSpecification","valueRequired":true,"valueName":"search_term_string"}}],"inLanguage":"fr-FR"}]}},"_links":{"self":[{"href":"https:\/\/www.slib.com\/fr\/wp-json\/wp\/v2\/pages\/1797","targetHints":{"allow":["GET"]}}],"collection":[{"href":"https:\/\/www.slib.com\/fr\/wp-json\/wp\/v2\/pages"}],"about":[{"href":"https:\/\/www.slib.com\/fr\/wp-json\/wp\/v2\/types\/page"}],"author":[{"embeddable":true,"href":"https:\/\/www.slib.com\/fr\/wp-json\/wp\/v2\/users\/2"}],"replies":[{"embeddable":true,"href":"https:\/\/www.slib.com\/fr\/wp-json\/wp\/v2\/comments?post=1797"}],"version-history":[{"count":5,"href":"https:\/\/www.slib.com\/fr\/wp-json\/wp\/v2\/pages\/1797\/revisions"}],"predecessor-version":[{"id":1851,"href":"https:\/\/www.slib.com\/fr\/wp-json\/wp\/v2\/pages\/1797\/revisions\/1851"}],"wp:attachment":[{"href":"https:\/\/www.slib.com\/fr\/wp-json\/wp\/v2\/media?parent=1797"}],"curies":[{"name":"wp","href":"https:\/\/api.w.org\/{rel}","templated":true}]}}