
{"id":1799,"date":"2025-03-21T14:58:04","date_gmt":"2025-03-21T13:58:04","guid":{"rendered":"https:\/\/www.slib.com\/mentions-legales\/"},"modified":"2025-12-15T13:46:50","modified_gmt":"2025-12-15T12:46:50","slug":"mentions-legales","status":"publish","type":"page","link":"https:\/\/www.slib.com\/fr\/mentions-legales\/","title":{"rendered":"Mentions l\u00e9gales"},"content":{"rendered":"\n<p>Politique de confidentialit\u00e9 : s\u00e9curit\u00e9 et protection des donn\u00e9es<\/p>\n\n<p>PROTECTION DES DONN\u00c9ES PERSONNELLES<\/p>\n\n<p><strong>1. Remarques introductives<\/strong><\/p>\n\n<p>Il est important que l\u2019utilisateur lise et conserve cette notice d\u2019information afin de savoir comment et pourquoi SLIB traite ses donn\u00e9es et quels sont ses droits \u00e0 cet \u00e9gard.<\/p>\n\n<p>L\u2019objectif de ce document est d\u2019informer l\u2019utilisateur des conditions dans lesquelles SERVICES LOGICIELS D\u2019INT\u00c9GRATION BOURSI\u00c8RE, soci\u00e9t\u00e9 \u00e0 responsabilit\u00e9 limit\u00e9e immatricul\u00e9e au Registre du Commerce et des Soci\u00e9t\u00e9s de Paris sous le num\u00e9ro 380 059 113, ayant son si\u00e8ge social au 1, boulevard Haussmann, Paris (75009) et op\u00e9rant sous le nom commercial SLIB (ci-apr\u00e8s \u00ab SLIB \u00bb), s\u2019engage \u00e0 effectuer des op\u00e9rations de traitement sur les donn\u00e9es personnelles de ses utilisateurs (tels que d\u00e9finis dans les mentions l\u00e9gales), en sa qualit\u00e9 de responsable de traitement.<\/p>\n\n<p>Dans ce cas, SLIB s\u2019engage \u00e0 respecter les dispositions suivantes : (ci-apr\u00e8s les \u00ab Dispositions relatives aux donn\u00e9es personnelles \u00bb)<\/p>\n\n<p>Loi n\u00b0 78-17 du 6 janvier 1978 relative \u00e0 l\u2019informatique, aux fichiers et aux libert\u00e9s,<\/p>\n\n<p>le R\u00e8glement G\u00e9n\u00e9ral sur la Protection des Donn\u00e9es 2016\/679 du 27 avril 2016 (ci-apr\u00e8s \u00ab RGPD \u00bb).<\/p>\n\n<p><strong>2. R\u00e9sum\u00e9 des donn\u00e9es trait\u00e9es<\/strong><\/p>\n\n<p>Les donn\u00e9es collect\u00e9es par SLIB concernent exclusivement, et aux fins des pr\u00e9sentes :<\/p>\n\n<p>donn\u00e9es r\u00e9sultant de la navigation sur le site, notamment via l\u2019utilisation de Google Analytics (ex. : adresse IP, type de navigateur, fournisseur d\u2019acc\u00e8s)<\/p>\n\n<p>Donn\u00e9es d\u2019identification \/ de contact lorsque l\u2019utilisateur remplit le formulaire de contact (ex. : nom, pr\u00e9nom, adresse e-mail, num\u00e9ro de t\u00e9l\u00e9phone).<\/p>\n\n<p><strong>3. Comment SLIB traite les donn\u00e9es personnelles de ses utilisateurs<\/strong><\/p>\n\n<p>Les donn\u00e9es personnelles sont collect\u00e9es aux fins suivantes :<\/p>\n\n<p>la transmission d\u2019informations postales ou num\u00e9riques sur les services nouveaux, en cours et futurs,<\/p>\n\n<p>la transmission de newsletters,<\/p>\n\n<p>les enqu\u00eates de satisfaction,<\/p>\n\n<p>la navigation sur le site,<\/p>\n\n<p>la transmission de conseils concernant l\u2019utilisation des produits ou services,<\/p>\n\n<p>la prospection commerciale.<\/p>\n\n<p>La base juridique du traitement des donn\u00e9es personnelles est la suivante :<\/p>\n\n<p>Int\u00e9r\u00eat l\u00e9gitime, poursuivi par SLIB lorsqu\u2019elle poursuit les finalit\u00e9s suivantes : prospection et animation, gestion de la relation avec ses clients et prospects et\/ou organisation de ses \u00e9v\u00e9nements,<\/p>\n\n<p>consentement, lorsque l\u2019utilisateur accepte le traitement de ses donn\u00e9es personnelles par un consentement expr\u00e8s et sans \u00e9quivoque,<\/p>\n\n<p>l\u2019ex\u00e9cution de mesures pr\u00e9contractuelles ou contractuelles, lorsque SLIB met en \u0153uvre un traitement dans le but de g\u00e9rer et de suivre ses dossiers clients,<\/p>\n\n<p>conformit\u00e9 aux obligations l\u00e9gales et r\u00e9glementaires, lorsque le traitement des donn\u00e9es personnelles est requis par la loi (facturation, comptabilit\u00e9, pr\u00e9vention du blanchiment d\u2019argent et du financement du terrorisme, mesures anticorruption, etc.).<\/p>\n\n<p><strong>4. Destinataires<\/strong><\/p>\n\n<p>Les donn\u00e9es collect\u00e9es sont destin\u00e9es au responsable du traitement.<\/p>\n\n<p>SLIB s\u2019engage \u00e0 ne pas transmettre les donn\u00e9es \u00e0 des tiers \u00e0 des fins commerciales ou publicitaires. Aucune de vos informations personnelles ne sera publi\u00e9e sans votre connaissance, \u00e9chang\u00e9e, transf\u00e9r\u00e9e, c\u00e9d\u00e9e ou vendue sur quelque support que ce soit \u00e0 des tiers (autres que ceux mentionn\u00e9s ci-dessus). <\/p>\n\n<p><strong>5. Transfert des donn\u00e9es personnelles<\/strong><\/p>\n\n<p>SLIB ne transf\u00e8re pas les donn\u00e9es personnelles de l\u2019utilisateur vers des pays \u00e9trangers (hors Union europ\u00e9enne). Si SLIB est amen\u00e9e \u00e0 transf\u00e9rer des donn\u00e9es vers un pays tiers ou une organisation internationale, en vertu du droit de l\u2019Union ou du droit de l\u2019\u00c9tat membre auquel elle est soumise, SLIB en informera ses utilisateurs avant le traitement. <\/p>\n\n<p><strong>6. Dur\u00e9e de conversation<\/strong><\/p>\n\n<p>Les donn\u00e9es personnelles des utilisateurs sont conserv\u00e9es conform\u00e9ment aux dispositions l\u00e9gales et\/ou aux recommandations \u00e9mises par la CNIL, \u00e0 savoir : si l\u2019utilisateur est client de SLIB, selon les termes des accords conclus avec SLIB ; dans le cas contraire, pour tout autre utilisateur, pour une dur\u00e9e maximale de 3 (trois) ans.<\/p>\n\n<p><strong>7. Cookies<\/strong><\/p>\n\n<p>La politique de cookies est disponible \u00e0 l\u2019adresse suivante : <em><a href=\"https:\/\/www.slib.com\/fr\/politique-de-cookies\/\">Cookies policy &#8211; Slib<\/a><\/em><\/p>\n\n<p><strong>8. Droits des utilisateurs<\/strong><\/p>\n\n<p>En application des dispositions relatives aux donn\u00e9es personnelles, l\u2019utilisateur peut, \u00e0 tout moment, acc\u00e9der aux donn\u00e9es le concernant d\u00e9tenues par SLIB et demander leur acc\u00e8s, leur limitation, leur portabilit\u00e9, leur rectification ou leur suppression. Ainsi, l\u2019utilisateur peut demander la rectification, le compl\u00e9ment, la clarification, la mise \u00e0 jour ou la suppression de toute donn\u00e9e personnelle le concernant qui serait inexacte, incompl\u00e8te, \u00e9quivoque, obsol\u00e8te ou dont la collecte, l\u2019utilisation, la communication ou la conservation est interdite. <\/p>\n\n<p>L\u2019utilisateur dispose \u00e9galement du droit de s\u2019opposer, \u00e0 tout moment et pour des motifs li\u00e9s \u00e0 sa situation particuli\u00e8re, au traitement de ses donn\u00e9es personnelles dont la base l\u00e9gale est l\u2019int\u00e9r\u00eat l\u00e9gitime de SLIB, ainsi qu\u2019au droit de s\u2019opposer \u00e0 la prospection commerciale.<\/p>\n\n<p>L\u2019utilisateur a le droit de d\u00e9finir des directives g\u00e9n\u00e9rales et sp\u00e9cifiques pr\u00e9cisant la mani\u00e8re dont il souhaite que les droits mentionn\u00e9s ci-dessus soient exerc\u00e9s apr\u00e8s son d\u00e9c\u00e8s.<\/p>\n\n<p>L\u2019utilisateur peut exercer ses droits et obtenir des informations le concernant<\/p>\n\n<p>par e-mail \u00e0 compliance@slib.com<\/p>\n\n<p>par courrier, \u00e0 l\u2019adresse suivante<\/p>\n\n<p>SLIB<\/p>\n\n<p>Compliance<\/p>\n\n<p>66 rue de la Villette<\/p>\n\n<p>69003 LYON<\/p>\n\n<p>France<\/p>\n\n<p>Aux fins du pr\u00e9sent document, la demande de l\u2019utilisateur doit \u00eatre accompagn\u00e9e d\u2019une copie sign\u00e9e de sa pi\u00e8ce d\u2019identit\u00e9.<\/p>\n\n<p>Il est \u00e9galement rappel\u00e9 \u00e0 l\u2019utilisateur qu\u2019il dispose du droit d\u2019introduire une r\u00e9clamation aupr\u00e8s de l\u2019autorit\u00e9 de contr\u00f4le comp\u00e9tente en cas de non-respect par SLIB de ses obligations.<\/p>\n\n<p><strong>9. S\u00e9curit\u00e9 et stockage des donn\u00e9es<\/strong><\/p>\n\n<p>SLIB prendra toutes les pr\u00e9cautions n\u00e9cessaires pour pr\u00e9server la s\u00e9curit\u00e9 et la confidentialit\u00e9 des donn\u00e9es des utilisateurs et, en particulier, pour emp\u00eacher qu\u2019elles ne soient alt\u00e9r\u00e9es, endommag\u00e9es ou consult\u00e9es par des tiers non autoris\u00e9s.<\/p>\n","protected":false},"excerpt":{"rendered":"<p>Politique de confidentialit\u00e9 : s\u00e9curit\u00e9 et protection des donn\u00e9es PROTECTION DES DONN\u00c9ES PERSONNELLES 1. Remarques introductives Il est important que l\u2019utilisateur lise et conserve cette notice d\u2019information afin de savoir comment et pourquoi SLIB traite ses donn\u00e9es et quels sont ses droits \u00e0 cet \u00e9gard. L\u2019objectif de ce document est d\u2019informer l\u2019utilisateur des conditions dans [&hellip;]<\/p>\n","protected":false},"author":2,"featured_media":0,"parent":0,"menu_order":0,"comment_status":"closed","ping_status":"closed","template":"","meta":{"_acf_changed":false,"om_disable_all_campaigns":false,"_relevanssi_hide_post":"","_relevanssi_hide_content":"","_relevanssi_pin_for_all":"","_relevanssi_pin_keywords":"","_relevanssi_unpin_keywords":"","_relevanssi_related_keywords":"","_relevanssi_related_include_ids":"","_relevanssi_related_exclude_ids":"","_relevanssi_related_no_append":"","_relevanssi_related_not_related":"","_relevanssi_related_posts":"","_relevanssi_noindex_reason":"","footnotes":""},"class_list":["post-1799","page","type-page","status-publish","hentry"],"acf":[],"yoast_head":"<title>Mentions l\u00e9gales - Slib<\/title>\n<meta name=\"robots\" content=\"index, follow, max-snippet:-1, max-image-preview:large, max-video-preview:-1\" \/>\n<link rel=\"canonical\" href=\"https:\/\/www.slib.com\/fr\/mentions-legales\/\" \/>\n<meta property=\"og:locale\" content=\"fr_FR\" \/>\n<meta property=\"og:type\" content=\"article\" \/>\n<meta property=\"og:title\" content=\"Mentions l\u00e9gales - Slib\" \/>\n<meta property=\"og:description\" content=\"Politique de confidentialit\u00e9 : s\u00e9curit\u00e9 et protection des donn\u00e9es PROTECTION DES DONN\u00c9ES PERSONNELLES 1. Remarques introductives Il est important que l\u2019utilisateur lise et conserve cette notice d\u2019information afin de savoir comment et pourquoi SLIB traite ses donn\u00e9es et quels sont ses droits \u00e0 cet \u00e9gard. L\u2019objectif de ce document est d\u2019informer l\u2019utilisateur des conditions dans [&hellip;]\" \/>\n<meta property=\"og:url\" content=\"https:\/\/www.slib.com\/fr\/mentions-legales\/\" \/>\n<meta property=\"og:site_name\" content=\"Slib\" \/>\n<meta property=\"article:modified_time\" content=\"2025-12-15T12:46:50+00:00\" \/>\n<meta name=\"twitter:card\" content=\"summary_large_image\" \/>\n<meta name=\"twitter:label1\" content=\"Dur\u00e9e de lecture estim\u00e9e\" \/>\n\t<meta name=\"twitter:data1\" content=\"5 minutes\" \/>\n<script type=\"application\/ld+json\" class=\"yoast-schema-graph\">{\"@context\":\"https:\/\/schema.org\",\"@graph\":[{\"@type\":\"WebPage\",\"@id\":\"https:\/\/www.slib.com\/fr\/mentions-legales\/\",\"url\":\"https:\/\/www.slib.com\/fr\/mentions-legales\/\",\"name\":\"Mentions l\u00e9gales - Slib\",\"isPartOf\":{\"@id\":\"https:\/\/www.slib.com\/fr\/#website\"},\"datePublished\":\"2025-03-21T13:58:04+00:00\",\"dateModified\":\"2025-12-15T12:46:50+00:00\",\"breadcrumb\":{\"@id\":\"https:\/\/www.slib.com\/fr\/mentions-legales\/#breadcrumb\"},\"inLanguage\":\"fr-FR\",\"potentialAction\":[{\"@type\":\"ReadAction\",\"target\":[\"https:\/\/www.slib.com\/fr\/mentions-legales\/\"]}]},{\"@type\":\"BreadcrumbList\",\"@id\":\"https:\/\/www.slib.com\/fr\/mentions-legales\/#breadcrumb\",\"itemListElement\":[{\"@type\":\"ListItem\",\"position\":1,\"name\":\"Home\",\"item\":\"https:\/\/www.slib.com\/fr\/\"},{\"@type\":\"ListItem\",\"position\":2,\"name\":\"Mentions l\u00e9gales\"}]},{\"@type\":\"WebSite\",\"@id\":\"https:\/\/www.slib.com\/fr\/#website\",\"url\":\"https:\/\/www.slib.com\/fr\/\",\"name\":\"Slib\",\"description\":\"\",\"potentialAction\":[{\"@type\":\"SearchAction\",\"target\":{\"@type\":\"EntryPoint\",\"urlTemplate\":\"https:\/\/www.slib.com\/fr\/?s={search_term_string}\"},\"query-input\":{\"@type\":\"PropertyValueSpecification\",\"valueRequired\":true,\"valueName\":\"search_term_string\"}}],\"inLanguage\":\"fr-FR\"}]}<\/script>","yoast_head_json":{"title":"Mentions l\u00e9gales - Slib","robots":{"index":"index","follow":"follow","max-snippet":"max-snippet:-1","max-image-preview":"max-image-preview:large","max-video-preview":"max-video-preview:-1"},"canonical":"https:\/\/www.slib.com\/fr\/mentions-legales\/","og_locale":"fr_FR","og_type":"article","og_title":"Mentions l\u00e9gales - Slib","og_description":"Politique de confidentialit\u00e9 : s\u00e9curit\u00e9 et protection des donn\u00e9es PROTECTION DES DONN\u00c9ES PERSONNELLES 1. Remarques introductives Il est important que l\u2019utilisateur lise et conserve cette notice d\u2019information afin de savoir comment et pourquoi SLIB traite ses donn\u00e9es et quels sont ses droits \u00e0 cet \u00e9gard. L\u2019objectif de ce document est d\u2019informer l\u2019utilisateur des conditions dans [&hellip;]","og_url":"https:\/\/www.slib.com\/fr\/mentions-legales\/","og_site_name":"Slib","article_modified_time":"2025-12-15T12:46:50+00:00","twitter_card":"summary_large_image","twitter_misc":{"Dur\u00e9e de lecture estim\u00e9e":"5 minutes"},"schema":{"@context":"https:\/\/schema.org","@graph":[{"@type":"WebPage","@id":"https:\/\/www.slib.com\/fr\/mentions-legales\/","url":"https:\/\/www.slib.com\/fr\/mentions-legales\/","name":"Mentions l\u00e9gales - Slib","isPartOf":{"@id":"https:\/\/www.slib.com\/fr\/#website"},"datePublished":"2025-03-21T13:58:04+00:00","dateModified":"2025-12-15T12:46:50+00:00","breadcrumb":{"@id":"https:\/\/www.slib.com\/fr\/mentions-legales\/#breadcrumb"},"inLanguage":"fr-FR","potentialAction":[{"@type":"ReadAction","target":["https:\/\/www.slib.com\/fr\/mentions-legales\/"]}]},{"@type":"BreadcrumbList","@id":"https:\/\/www.slib.com\/fr\/mentions-legales\/#breadcrumb","itemListElement":[{"@type":"ListItem","position":1,"name":"Home","item":"https:\/\/www.slib.com\/fr\/"},{"@type":"ListItem","position":2,"name":"Mentions l\u00e9gales"}]},{"@type":"WebSite","@id":"https:\/\/www.slib.com\/fr\/#website","url":"https:\/\/www.slib.com\/fr\/","name":"Slib","description":"","potentialAction":[{"@type":"SearchAction","target":{"@type":"EntryPoint","urlTemplate":"https:\/\/www.slib.com\/fr\/?s={search_term_string}"},"query-input":{"@type":"PropertyValueSpecification","valueRequired":true,"valueName":"search_term_string"}}],"inLanguage":"fr-FR"}]}},"_links":{"self":[{"href":"https:\/\/www.slib.com\/fr\/wp-json\/wp\/v2\/pages\/1799","targetHints":{"allow":["GET"]}}],"collection":[{"href":"https:\/\/www.slib.com\/fr\/wp-json\/wp\/v2\/pages"}],"about":[{"href":"https:\/\/www.slib.com\/fr\/wp-json\/wp\/v2\/types\/page"}],"author":[{"embeddable":true,"href":"https:\/\/www.slib.com\/fr\/wp-json\/wp\/v2\/users\/2"}],"replies":[{"embeddable":true,"href":"https:\/\/www.slib.com\/fr\/wp-json\/wp\/v2\/comments?post=1799"}],"version-history":[{"count":3,"href":"https:\/\/www.slib.com\/fr\/wp-json\/wp\/v2\/pages\/1799\/revisions"}],"predecessor-version":[{"id":1845,"href":"https:\/\/www.slib.com\/fr\/wp-json\/wp\/v2\/pages\/1799\/revisions\/1845"}],"wp:attachment":[{"href":"https:\/\/www.slib.com\/fr\/wp-json\/wp\/v2\/media?parent=1799"}],"curies":[{"name":"wp","href":"https:\/\/api.w.org\/{rel}","templated":true}]}}