
{"id":1801,"date":"2025-04-11T17:15:34","date_gmt":"2025-04-11T15:15:34","guid":{"rendered":"https:\/\/www.slib.com\/registraccess\/"},"modified":"2025-12-15T14:01:13","modified_gmt":"2025-12-15T13:01:13","slug":"registraccess","status":"publish","type":"page","link":"https:\/\/www.slib.com\/fr\/registraccess\/","title":{"rendered":"REGISTRACCESS\u00ae"},"content":{"rendered":"\n<div class=\"wp-block-group alignwide trigger is-layout-constrained wp-block-group-is-layout-constrained\">\n<h1 class=\"wp-block-heading has-text-align-left is-style-title-h2\">Gestion des <strong>actions non cot\u00e9es <\/strong>en France<\/h1>\n<\/div>\n\n<div class=\"wp-block-group alignwide trigger block-group group-with-2-columns variation-50-50 has-white-background-color has-background is-layout-constrained wp-block-group-is-layout-constrained\">\n<div class=\"wp-block-columns are-vertically-aligned-center is-not-stacked-on-mobile is-layout-flex wp-container-core-columns-is-layout-9d6595d7 wp-block-columns-is-layout-flex\">\n<div class=\"wp-block-column is-vertically-aligned-center reveal-stagger is-layout-flow wp-block-column-is-layout-flow\" style=\"flex-basis:50%\">\n<div class=\"wp-block-group is-layout-flow wp-block-group-is-layout-flow\">\n<p>La plateforme Registraccess\u00ae connecte num\u00e9riquement les teneurs de compte-conservateurs aux \u00e9metteurs (et \u00e0 leurs mandataires) afin d\u2019\u00e9changer en toute s\u00e9curit\u00e9 les informations cl\u00e9s relatives aux investissements, aux donn\u00e9es actionnaires et au cycle de vie des titres.<\/p>\n\n\n\n<div style=\"height:100px\" aria-hidden=\"true\" class=\"wp-block-spacer is-style-spacer-s\"><\/div>\n\n\n\n<p>Registraccess\u00ae repose sur un protocole et des messages d\u2019\u00e9change de donn\u00e9es structur\u00e9s, con\u00e7us en co-construction avec des clients de r\u00e9f\u00e9rence.<\/p>\n\n\n\n<div style=\"height:100px\" aria-hidden=\"true\" class=\"wp-block-spacer is-style-spacer-s\"><\/div>\n\n\n\n<p>Gr\u00e2ce \u00e0 Registraccess\u00ae, les teneurs de compte et les \u00e9metteurs peuvent synchroniser int\u00e9gralement leurs registres avec une gestion en temps r\u00e9el d\u2019\u00e9v\u00e9nements tels que l\u2019attribution, le changement d\u2019adresse ou le changement d\u2019interm\u00e9diaire.<\/p>\n\n\n\n<div style=\"height:100px\" aria-hidden=\"true\" class=\"wp-block-spacer is-style-spacer-s\"><\/div>\n\n\n\n<p>Des rapprochements r\u00e9guliers sont \u00e9galement facilit\u00e9s par Registraccess\u00ae via des \u00e9changes de fichiers normalis\u00e9s.<\/p>\n\n\n\n<p>SLIB, <a href=\"https:\/\/www.uptevia.com\/\">UPTEVIA<\/a>, <a href=\"https:\/\/www.utocat.com\/\">UTOCAT <\/a>et <a href=\"https:\/\/www.axiocap.com\/\">AXIOCAP<\/a> op\u00e8rent conjointement la plateforme, qui est maintenue techniquement et h\u00e9berg\u00e9e par SLIB.<\/p>\n\n\n\n<div style=\"height:100px\" aria-hidden=\"true\" class=\"wp-block-spacer is-style-spacer-s\"><\/div>\n\n\n\n<p>Les teneurs de compte-conservateurs et les mandataires d\u2019\u00e9metteurs peuvent se connecter \u00e0 la plateforme via une interface Web, des \u00e9changes de fichiers ou des API s\u00e9curis\u00e9es.<\/p>\n\n\n\n<div style=\"height:100px\" aria-hidden=\"true\" class=\"wp-block-spacer is-style-spacer-s\"><\/div>\n\n\n\n<p>Registraccess\u00ae a \u00e9t\u00e9 con\u00e7u selon un mod\u00e8le d\u2019architecture ouverte pour faciliter l\u2019int\u00e9gration de nouveaux services et partenaires souhaitant b\u00e9n\u00e9ficier d\u2019un r\u00e9seau unique et s\u00e9curis\u00e9.<\/p>\n\n\n\n<div style=\"height:100px\" aria-hidden=\"true\" class=\"wp-block-spacer is-style-spacer-l\"><\/div>\n\n\n\n<div class=\"wp-block-buttons is-layout-flex wp-block-buttons-is-layout-flex\">\n<div class=\"wp-block-button is-style-cta\"><a class=\"wp-block-button__link has-white-color has-green-background-color has-text-color has-background has-link-color wp-element-button\" href=\"https:\/\/www.slib.com\/fr\/contact\/\">Contactez nous<\/a><\/div>\n<\/div>\n<\/div>\n<\/div>\n\n\n\n<div class=\"wp-block-column is-vertically-aligned-center reveal-stagger is-layout-flow wp-block-column-is-layout-flow\" style=\"flex-basis:50%\">\n<div class=\"wp-block-cover is-light\"><span aria-hidden=\"true\" class=\"wp-block-cover__background has-background-dim-0 has-background-dim\" style=\"background-color:#999b9c\"><\/span><img loading=\"lazy\" decoding=\"async\" width=\"2560\" height=\"1709\" class=\"wp-block-cover__image-background wp-image-1311\" alt=\"\" src=\"https:\/\/www.slib.com\/wp-content\/uploads\/2025\/03\/people-office-analyzing-checking-finance-graphs-scaled.jpg\" data-object-fit=\"cover\" srcset=\"https:\/\/www.slib.com\/wp-content\/uploads\/2025\/03\/people-office-analyzing-checking-finance-graphs-scaled.jpg 2560w, https:\/\/www.slib.com\/wp-content\/uploads\/2025\/03\/people-office-analyzing-checking-finance-graphs-300x200.jpg 300w, https:\/\/www.slib.com\/wp-content\/uploads\/2025\/03\/people-office-analyzing-checking-finance-graphs-1024x683.jpg 1024w, https:\/\/www.slib.com\/wp-content\/uploads\/2025\/03\/people-office-analyzing-checking-finance-graphs-768x513.jpg 768w, https:\/\/www.slib.com\/wp-content\/uploads\/2025\/03\/people-office-analyzing-checking-finance-graphs-1536x1025.jpg 1536w, https:\/\/www.slib.com\/wp-content\/uploads\/2025\/03\/people-office-analyzing-checking-finance-graphs-2048x1367.jpg 2048w\" sizes=\"auto, (max-width: 2560px) 100vw, 2560px\" \/><div class=\"wp-block-cover__inner-container is-layout-flow wp-block-cover-is-layout-flow\">\n<p class=\"has-text-align-center\"><\/p>\n<\/div><\/div>\n<\/div>\n<\/div>\n<\/div>\n\n<div class=\"wp-block-group alignfull trigger block-group group-with-2-columns variation-50-50 group-with-video has-dark-blue-background-color has-background is-layout-constrained wp-block-group-is-layout-constrained\">\n<figure class=\"wp-block-video alignfull\"><video height=\"1080\" style=\"aspect-ratio: 1920 \/ 1080;\" width=\"1920\" autoplay=\"\" loop=\"\" muted=\"\" src=\"https:\/\/www.slib.com\/wp-content\/uploads\/2025\/02\/Abstrait-courbe3.webm\"><\/video><\/figure>\n\n\n\n<div class=\"wp-block-columns are-vertically-aligned-center is-not-stacked-on-mobile is-layout-flex wp-container-core-columns-is-layout-9d6595d7 wp-block-columns-is-layout-flex\">\n<div class=\"wp-block-column is-vertically-aligned-center reveal-stagger is-layout-flow wp-block-column-is-layout-flow\" style=\"flex-basis:50%\">\n<div class=\"wp-block-group is-layout-flow wp-block-group-is-layout-flow\">\n<h2 class=\"wp-block-heading style-poppins-highlight has-white-color has-text-color has-link-color has-poppins-font-family wp-elements-a2f85679d9a6720dd6cfff588554b79e\">VOS<br\/><strong>BESOINS<\/strong><\/h2>\n<\/div>\n\n\n\n<div style=\"height:100px\" aria-hidden=\"true\" class=\"wp-block-spacer is-style-spacer-m\"><\/div>\n\n\n\n<div class=\"wp-block-group group-with-arrow white-arrow is-layout-flow wp-block-group-is-layout-flow\">\n<ul class=\"wp-block-list is-style-list-style-1 has-white-color has-text-color has-link-color wp-elements-19058965c0be896b9ff7a240f62a8100\">\n<li>Mettre \u00e0 jour vos registres en temps r\u00e9el<\/li>\n\n\n\n<li>Messagerie s\u00e9curis\u00e9e<\/li>\n\n\n\n<li>35 types d\u2019op\u00e9rations pour couvrir l\u2019ensemble des \u00e9v\u00e9nements<\/li>\n\n\n\n<li>&#8211; Conciliation des donn\u00e9es<\/li>\n<\/ul>\n<\/div>\n<\/div>\n\n\n\n<div class=\"wp-block-column is-vertically-aligned-center reveal-stagger is-layout-flow wp-block-column-is-layout-flow\" style=\"flex-basis:50%\">\n<div class=\"wp-block-group is-layout-flow wp-block-group-is-layout-flow\">\n<h2 class=\"wp-block-heading has-text-align-left style-poppins-highlight has-white-color has-text-color has-link-color has-poppins-font-family wp-elements-29312728aeae1c18338256352f69d0d3\">NOTRE<br\/><strong>SOLUTION<\/strong><\/h2>\n<\/div>\n\n\n\n<div style=\"height:100px\" aria-hidden=\"true\" class=\"wp-block-spacer is-style-spacer-m\"><\/div>\n\n\n\n<div class=\"wp-block-group group-with-arrow white-arrow is-layout-flow wp-block-group-is-layout-flow\">\n<ul class=\"wp-block-list is-style-list-style-1 has-white-color has-text-color has-link-color wp-elements-cb29cbba362b21d7358eb73514d2f6c0\">\n<li>Mod\u00e8le en hub<\/li>\n\n\n\n<li>Tra\u00e7abilit\u00e9 compl\u00e8te (audit trail)<\/li>\n\n\n\n<li>Conformit\u00e9 RGPD<\/li>\n\n\n\n<li>Gestion documentaire<\/li>\n\n\n\n<li>Architecture ouverte<\/li>\n<\/ul>\n<\/div>\n<\/div>\n<\/div>\n<\/div>\n\n<div style=\"height:100px\" aria-hidden=\"true\" class=\"wp-block-spacer\"><\/div>\n\n<div class=\"wp-block-group alignfull trigger group-padding-big  has-light-grey-background-color has-background is-layout-constrained wp-block-group-is-layout-constrained\">\n<div id=\"pannel-4\" class=\"wp-block-group group-with-3-columns chiffres-cles is-layout-constrained wp-block-group-is-layout-constrained\">\n<div class=\"wp-block-columns is-not-stacked-on-mobile is-layout-flex wp-container-core-columns-is-layout-9d6595d7 wp-block-columns-is-layout-flex\">\n<div class=\"wp-block-column is-layout-flow wp-block-column-is-layout-flow\">\n<div class=\"wp-block-group is-layout-flow wp-block-group-is-layout-flow\">\n<p class=\"has-text-align-center number number-primary number-animate has-green-color has-text-color has-link-color has-poppins-font-family wp-elements-2d47e7a0d9f4cda55984f55eea42eb92\" style=\"font-style:normal;font-weight:700\">10<\/p>\n<\/div>\n\n\n\n<div class=\"wp-block-group is-layout-flow wp-block-group-is-layout-flow\">\n<p class=\"has-text-align-center number-secondary has-light-blue-color has-text-color has-link-color has-quicksand-font-family wp-elements-79824b5c4474acd87c51bcbe8716ff23\" style=\"font-style:normal;font-weight:400\">PARTICIPANTS connect\u00e9s (teneurs de compte-conservateurs, prestataires de services fiduciaires, mandataires d\u2019\u00e9metteurs\u2026)<br\/>en 2025<br\/><br\/><\/p>\n<\/div>\n<\/div>\n\n\n\n<div class=\"wp-block-column is-layout-flow wp-block-column-is-layout-flow\">\n<p class=\"has-text-align-center number number-primary number-animate has-green-color has-text-color has-link-color has-poppins-font-family wp-elements-ad2bd6bd1c536d644118493d539773cb\" style=\"font-style:normal;font-weight:700\">20 <\/p>\n\n\n\n<div class=\"wp-block-group is-layout-flow wp-block-group-is-layout-flow\">\n<p class=\"has-text-align-center number-secondary is-style-default has-light-blue-color has-text-color has-link-color has-quicksand-font-family wp-elements-115ad535fb484fe56888fc7b11d431af\" style=\"font-style:normal;font-weight:400\">TITRES \u00c9LIGIBLES<br\/>en 2025<\/p>\n<\/div>\n<\/div>\n<\/div>\n<\/div>\n<\/div>\n","protected":false},"excerpt":{"rendered":"<p>Gestion des actions non cot\u00e9es en France La plateforme Registraccess\u00ae connecte num\u00e9riquement les teneurs de compte-conservateurs aux \u00e9metteurs (et \u00e0 leurs mandataires) afin d\u2019\u00e9changer en toute s\u00e9curit\u00e9 les informations cl\u00e9s relatives aux investissements, aux donn\u00e9es actionnaires et au cycle de vie des titres. Registraccess\u00ae repose sur un protocole et des messages d\u2019\u00e9change de donn\u00e9es structur\u00e9s, [&hellip;]<\/p>\n","protected":false},"author":3,"featured_media":0,"parent":0,"menu_order":0,"comment_status":"closed","ping_status":"closed","template":"","meta":{"_acf_changed":false,"om_disable_all_campaigns":false,"_relevanssi_hide_post":"","_relevanssi_hide_content":"","_relevanssi_pin_for_all":"","_relevanssi_pin_keywords":"","_relevanssi_unpin_keywords":"","_relevanssi_related_keywords":"","_relevanssi_related_include_ids":"","_relevanssi_related_exclude_ids":"","_relevanssi_related_no_append":"","_relevanssi_related_not_related":"","_relevanssi_related_posts":"","_relevanssi_noindex_reason":"","footnotes":""},"class_list":["post-1801","page","type-page","status-publish","hentry"],"acf":[],"yoast_head":"<title>REGISTRACCESS\u00ae - Slib<\/title>\n<meta name=\"robots\" content=\"index, follow, max-snippet:-1, max-image-preview:large, max-video-preview:-1\" \/>\n<link rel=\"canonical\" href=\"https:\/\/www.slib.com\/fr\/registraccess\/\" \/>\n<meta property=\"og:locale\" content=\"fr_FR\" \/>\n<meta property=\"og:type\" content=\"article\" \/>\n<meta property=\"og:title\" content=\"REGISTRACCESS\u00ae - Slib\" \/>\n<meta property=\"og:description\" content=\"Gestion des actions non cot\u00e9es en France La plateforme Registraccess\u00ae connecte num\u00e9riquement les teneurs de compte-conservateurs aux \u00e9metteurs (et \u00e0 leurs mandataires) afin d\u2019\u00e9changer en toute s\u00e9curit\u00e9 les informations cl\u00e9s relatives aux investissements, aux donn\u00e9es actionnaires et au cycle de vie des titres. Registraccess\u00ae repose sur un protocole et des messages d\u2019\u00e9change de donn\u00e9es structur\u00e9s, [&hellip;]\" \/>\n<meta property=\"og:url\" content=\"https:\/\/www.slib.com\/fr\/registraccess\/\" \/>\n<meta property=\"og:site_name\" content=\"Slib\" \/>\n<meta property=\"article:modified_time\" content=\"2025-12-15T13:01:13+00:00\" \/>\n<meta property=\"og:image\" content=\"https:\/\/www.slib.com\/wp-content\/uploads\/2025\/03\/people-office-analyzing-checking-finance-graphs-scaled.jpg\" \/>\n<meta name=\"twitter:card\" content=\"summary_large_image\" \/>\n<meta name=\"twitter:label1\" content=\"Dur\u00e9e de lecture estim\u00e9e\" \/>\n\t<meta name=\"twitter:data1\" content=\"1 minute\" \/>\n<script type=\"application\/ld+json\" class=\"yoast-schema-graph\">{\"@context\":\"https:\/\/schema.org\",\"@graph\":[{\"@type\":\"WebPage\",\"@id\":\"https:\/\/www.slib.com\/fr\/registraccess\/\",\"url\":\"https:\/\/www.slib.com\/fr\/registraccess\/\",\"name\":\"REGISTRACCESS\u00ae - Slib\",\"isPartOf\":{\"@id\":\"https:\/\/www.slib.com\/fr\/#website\"},\"primaryImageOfPage\":{\"@id\":\"https:\/\/www.slib.com\/fr\/registraccess\/#primaryimage\"},\"image\":{\"@id\":\"https:\/\/www.slib.com\/fr\/registraccess\/#primaryimage\"},\"thumbnailUrl\":\"https:\/\/www.slib.com\/wp-content\/uploads\/2025\/03\/people-office-analyzing-checking-finance-graphs-scaled.jpg\",\"datePublished\":\"2025-04-11T15:15:34+00:00\",\"dateModified\":\"2025-12-15T13:01:13+00:00\",\"breadcrumb\":{\"@id\":\"https:\/\/www.slib.com\/fr\/registraccess\/#breadcrumb\"},\"inLanguage\":\"fr-FR\",\"potentialAction\":[{\"@type\":\"ReadAction\",\"target\":[\"https:\/\/www.slib.com\/fr\/registraccess\/\"]}]},{\"@type\":\"ImageObject\",\"inLanguage\":\"fr-FR\",\"@id\":\"https:\/\/www.slib.com\/fr\/registraccess\/#primaryimage\",\"url\":\"https:\/\/www.slib.com\/wp-content\/uploads\/2025\/03\/people-office-analyzing-checking-finance-graphs-scaled.jpg\",\"contentUrl\":\"https:\/\/www.slib.com\/wp-content\/uploads\/2025\/03\/people-office-analyzing-checking-finance-graphs-scaled.jpg\"},{\"@type\":\"BreadcrumbList\",\"@id\":\"https:\/\/www.slib.com\/fr\/registraccess\/#breadcrumb\",\"itemListElement\":[{\"@type\":\"ListItem\",\"position\":1,\"name\":\"Home\",\"item\":\"https:\/\/www.slib.com\/fr\/\"},{\"@type\":\"ListItem\",\"position\":2,\"name\":\"REGISTRACCESS\u00ae\"}]},{\"@type\":\"WebSite\",\"@id\":\"https:\/\/www.slib.com\/fr\/#website\",\"url\":\"https:\/\/www.slib.com\/fr\/\",\"name\":\"Slib\",\"description\":\"\",\"potentialAction\":[{\"@type\":\"SearchAction\",\"target\":{\"@type\":\"EntryPoint\",\"urlTemplate\":\"https:\/\/www.slib.com\/fr\/?s={search_term_string}\"},\"query-input\":{\"@type\":\"PropertyValueSpecification\",\"valueRequired\":true,\"valueName\":\"search_term_string\"}}],\"inLanguage\":\"fr-FR\"}]}<\/script>","yoast_head_json":{"title":"REGISTRACCESS\u00ae - Slib","robots":{"index":"index","follow":"follow","max-snippet":"max-snippet:-1","max-image-preview":"max-image-preview:large","max-video-preview":"max-video-preview:-1"},"canonical":"https:\/\/www.slib.com\/fr\/registraccess\/","og_locale":"fr_FR","og_type":"article","og_title":"REGISTRACCESS\u00ae - Slib","og_description":"Gestion des actions non cot\u00e9es en France La plateforme Registraccess\u00ae connecte num\u00e9riquement les teneurs de compte-conservateurs aux \u00e9metteurs (et \u00e0 leurs mandataires) afin d\u2019\u00e9changer en toute s\u00e9curit\u00e9 les informations cl\u00e9s relatives aux investissements, aux donn\u00e9es actionnaires et au cycle de vie des titres. Registraccess\u00ae repose sur un protocole et des messages d\u2019\u00e9change de donn\u00e9es structur\u00e9s, [&hellip;]","og_url":"https:\/\/www.slib.com\/fr\/registraccess\/","og_site_name":"Slib","article_modified_time":"2025-12-15T13:01:13+00:00","og_image":[{"url":"https:\/\/www.slib.com\/wp-content\/uploads\/2025\/03\/people-office-analyzing-checking-finance-graphs-scaled.jpg","type":"","width":"","height":""}],"twitter_card":"summary_large_image","twitter_misc":{"Dur\u00e9e de lecture estim\u00e9e":"1 minute"},"schema":{"@context":"https:\/\/schema.org","@graph":[{"@type":"WebPage","@id":"https:\/\/www.slib.com\/fr\/registraccess\/","url":"https:\/\/www.slib.com\/fr\/registraccess\/","name":"REGISTRACCESS\u00ae - Slib","isPartOf":{"@id":"https:\/\/www.slib.com\/fr\/#website"},"primaryImageOfPage":{"@id":"https:\/\/www.slib.com\/fr\/registraccess\/#primaryimage"},"image":{"@id":"https:\/\/www.slib.com\/fr\/registraccess\/#primaryimage"},"thumbnailUrl":"https:\/\/www.slib.com\/wp-content\/uploads\/2025\/03\/people-office-analyzing-checking-finance-graphs-scaled.jpg","datePublished":"2025-04-11T15:15:34+00:00","dateModified":"2025-12-15T13:01:13+00:00","breadcrumb":{"@id":"https:\/\/www.slib.com\/fr\/registraccess\/#breadcrumb"},"inLanguage":"fr-FR","potentialAction":[{"@type":"ReadAction","target":["https:\/\/www.slib.com\/fr\/registraccess\/"]}]},{"@type":"ImageObject","inLanguage":"fr-FR","@id":"https:\/\/www.slib.com\/fr\/registraccess\/#primaryimage","url":"https:\/\/www.slib.com\/wp-content\/uploads\/2025\/03\/people-office-analyzing-checking-finance-graphs-scaled.jpg","contentUrl":"https:\/\/www.slib.com\/wp-content\/uploads\/2025\/03\/people-office-analyzing-checking-finance-graphs-scaled.jpg"},{"@type":"BreadcrumbList","@id":"https:\/\/www.slib.com\/fr\/registraccess\/#breadcrumb","itemListElement":[{"@type":"ListItem","position":1,"name":"Home","item":"https:\/\/www.slib.com\/fr\/"},{"@type":"ListItem","position":2,"name":"REGISTRACCESS\u00ae"}]},{"@type":"WebSite","@id":"https:\/\/www.slib.com\/fr\/#website","url":"https:\/\/www.slib.com\/fr\/","name":"Slib","description":"","potentialAction":[{"@type":"SearchAction","target":{"@type":"EntryPoint","urlTemplate":"https:\/\/www.slib.com\/fr\/?s={search_term_string}"},"query-input":{"@type":"PropertyValueSpecification","valueRequired":true,"valueName":"search_term_string"}}],"inLanguage":"fr-FR"}]}},"_links":{"self":[{"href":"https:\/\/www.slib.com\/fr\/wp-json\/wp\/v2\/pages\/1801","targetHints":{"allow":["GET"]}}],"collection":[{"href":"https:\/\/www.slib.com\/fr\/wp-json\/wp\/v2\/pages"}],"about":[{"href":"https:\/\/www.slib.com\/fr\/wp-json\/wp\/v2\/types\/page"}],"author":[{"embeddable":true,"href":"https:\/\/www.slib.com\/fr\/wp-json\/wp\/v2\/users\/3"}],"replies":[{"embeddable":true,"href":"https:\/\/www.slib.com\/fr\/wp-json\/wp\/v2\/comments?post=1801"}],"version-history":[{"count":3,"href":"https:\/\/www.slib.com\/fr\/wp-json\/wp\/v2\/pages\/1801\/revisions"}],"predecessor-version":[{"id":1849,"href":"https:\/\/www.slib.com\/fr\/wp-json\/wp\/v2\/pages\/1801\/revisions\/1849"}],"wp:attachment":[{"href":"https:\/\/www.slib.com\/fr\/wp-json\/wp\/v2\/media?parent=1801"}],"curies":[{"name":"wp","href":"https:\/\/api.w.org\/{rel}","templated":true}]}}