
{"id":1803,"date":"2025-03-21T15:46:22","date_gmt":"2025-03-21T14:46:22","guid":{"rendered":"https:\/\/www.slib.com\/indice-degalite-hommes-femmes\/"},"modified":"2026-02-27T11:03:32","modified_gmt":"2026-02-27T10:03:32","slug":"indice-degalite-hommes-femmes","status":"publish","type":"page","link":"https:\/\/www.slib.com\/fr\/indice-degalite-hommes-femmes\/","title":{"rendered":"Indice d\u2019\u00e9galit\u00e9 hommes-femmes"},"content":{"rendered":"\n<div style=\"height:100px\" aria-hidden=\"true\" class=\"wp-block-spacer is-style-spacer-xs\"><\/div>\n\n\n\n<p>PUBLICATION DE L\u2019INDICE D\u2019\u00c9GALIT\u00c9 FEMMES-HOMMES<\/p>\n\n\n\n<div style=\"height:100px\" aria-hidden=\"true\" class=\"wp-block-spacer is-style-spacer-s\"><\/div>\n\n\n\n<p><br><strong><strong>En quoi consiste cet index ?<\/strong><\/strong><\/p>\n\n\n\n<div style=\"height:32px\" aria-hidden=\"true\" class=\"wp-block-spacer\"><\/div>\n\n\n\n<p>L&rsquo;index de l\u2019\u00e9galit\u00e9 professionnelle doit \u00eatre calcul\u00e9 \u00e0 partir de 4 \u00e0 5 indicateurs (selon la taille de l&rsquo;entreprise).<\/p>\n\n\n\n<div style=\"height:1px\" aria-hidden=\"true\" class=\"wp-block-spacer\"><\/div>\n\n\n\n<p>Il donne\u00a0une note sur 100 points.<\/p>\n\n\n\n<div style=\"height:32px\" aria-hidden=\"true\" class=\"wp-block-spacer\"><\/div>\n\n\n\n<p>Chaque entreprise doit obtenir, au minimum, la note de 75\/100.<\/p>\n\n\n\n<div style=\"height:32px\" aria-hidden=\"true\" class=\"wp-block-spacer\"><\/div>\n\n\n\n<ul class=\"wp-block-list\">\n<li>Le p\u00e9rim\u00e8tre analys\u00e9 est de 114 collaborateurs<\/li>\n\n\n\n<li>La p\u00e9riode de r\u00e9f\u00e9rence retenue est l\u2019ann\u00e9e civile, du 1er janvier au 31 d\u00e9cembre 2025<\/li>\n\n\n\n<li>Les calculs de l\u2019indicateur d\u2019\u00e9cart de r\u00e9mun\u00e9ration ont \u00e9t\u00e9 r\u00e9alis\u00e9s selon les niveaux de classification de la convention collective Syntec<\/li>\n\n\n\n<li>L\u2019ensemble des 4 indicateurs a pu \u00eatre calcul\u00e9 et le niveau de r\u00e9sultat correspond \u00e0 la somme des points obtenus pour chacun d\u2019eux<\/li>\n<\/ul>\n\n\n\n<div style=\"height:38px\" aria-hidden=\"true\" class=\"wp-block-spacer\"><\/div>\n\n\n\n<p>Pour l\u2019ann\u00e9e 2025, <strong>l\u2019index s\u2019\u00e9l\u00e8ve \u00e0 89 points.<\/strong><\/p>\n\n\n\n<div style=\"height:33px\" aria-hidden=\"true\" class=\"wp-block-spacer\"><\/div>\n\n\n\n<p>Il a \u00e9t\u00e9 d\u00e9fini sur la base des 4 indicateurs de mesure suivants :<\/p>\n\n\n\n<div style=\"height:23px\" aria-hidden=\"true\" class=\"wp-block-spacer\"><\/div>\n\n\n\n<ul class=\"wp-block-list\">\n<li>L&rsquo;\u00e9cart de r\u00e9mun\u00e9ration\u00a0femmes-hommes\u00a0(34 points sur 40)<\/li>\n\n\n\n<li>L&rsquo;\u00e9cart dans les augmentations annuelles\u00a0(35 points sur 35)<\/li>\n\n\n\n<li>Les augmentations au retour de cong\u00e9 maternit\u00e9\u00a0(15 points sur 15)<\/li>\n\n\n\n<li>La pr\u00e9sence de femmes parmi les plus hautes r\u00e9mun\u00e9rations de l&rsquo;entreprise\u00a0(5 points sur 10)<\/li>\n<\/ul>\n","protected":false},"excerpt":{"rendered":"<p>PUBLICATION DE L\u2019INDICE D\u2019\u00c9GALIT\u00c9 FEMMES-HOMMES En quoi consiste cet index ? L&rsquo;index de l\u2019\u00e9galit\u00e9 professionnelle doit \u00eatre calcul\u00e9 \u00e0 partir de 4 \u00e0 5 indicateurs (selon la taille de l&rsquo;entreprise). Il donne\u00a0une note sur 100 points. Chaque entreprise doit obtenir, au minimum, la note de 75\/100. Pour l\u2019ann\u00e9e 2025, l\u2019index s\u2019\u00e9l\u00e8ve \u00e0 89 points. Il [&hellip;]<\/p>\n","protected":false},"author":3,"featured_media":0,"parent":0,"menu_order":0,"comment_status":"closed","ping_status":"closed","template":"","meta":{"_acf_changed":false,"om_disable_all_campaigns":false,"_relevanssi_hide_post":"","_relevanssi_hide_content":"","_relevanssi_pin_for_all":"","_relevanssi_pin_keywords":"","_relevanssi_unpin_keywords":"","_relevanssi_related_keywords":"","_relevanssi_related_include_ids":"","_relevanssi_related_exclude_ids":"","_relevanssi_related_no_append":"","_relevanssi_related_not_related":"","_relevanssi_related_posts":"1","_relevanssi_noindex_reason":"","footnotes":""},"class_list":["post-1803","page","type-page","status-publish","hentry"],"acf":[],"yoast_head":"<title>Indice d\u2019\u00e9galit\u00e9 hommes-femmes - Slib<\/title>\n<meta name=\"robots\" content=\"index, follow, max-snippet:-1, max-image-preview:large, max-video-preview:-1\" \/>\n<link rel=\"canonical\" href=\"https:\/\/www.slib.com\/fr\/indice-degalite-hommes-femmes\/\" \/>\n<meta property=\"og:locale\" content=\"fr_FR\" \/>\n<meta property=\"og:type\" content=\"article\" \/>\n<meta property=\"og:title\" content=\"Indice d\u2019\u00e9galit\u00e9 hommes-femmes - Slib\" \/>\n<meta property=\"og:description\" content=\"PUBLICATION DE L\u2019INDICE D\u2019\u00c9GALIT\u00c9 FEMMES-HOMMES En quoi consiste cet index ? L&rsquo;index de l\u2019\u00e9galit\u00e9 professionnelle doit \u00eatre calcul\u00e9 \u00e0 partir de 4 \u00e0 5 indicateurs (selon la taille de l&rsquo;entreprise). Il donne\u00a0une note sur 100 points. Chaque entreprise doit obtenir, au minimum, la note de 75\/100. Pour l\u2019ann\u00e9e 2025, l\u2019index s\u2019\u00e9l\u00e8ve \u00e0 89 points. Il [&hellip;]\" \/>\n<meta property=\"og:url\" content=\"https:\/\/www.slib.com\/fr\/indice-degalite-hommes-femmes\/\" \/>\n<meta property=\"og:site_name\" content=\"Slib\" \/>\n<meta property=\"article:modified_time\" content=\"2026-02-27T10:03:32+00:00\" \/>\n<meta name=\"twitter:card\" content=\"summary_large_image\" \/>\n<meta name=\"twitter:label1\" content=\"Dur\u00e9e de lecture estim\u00e9e\" \/>\n\t<meta name=\"twitter:data1\" content=\"1 minute\" \/>\n<script type=\"application\/ld+json\" class=\"yoast-schema-graph\">{\"@context\":\"https:\/\/schema.org\",\"@graph\":[{\"@type\":\"WebPage\",\"@id\":\"https:\/\/www.slib.com\/fr\/indice-degalite-hommes-femmes\/\",\"url\":\"https:\/\/www.slib.com\/fr\/indice-degalite-hommes-femmes\/\",\"name\":\"Indice d\u2019\u00e9galit\u00e9 hommes-femmes - Slib\",\"isPartOf\":{\"@id\":\"https:\/\/www.slib.com\/fr\/#website\"},\"datePublished\":\"2025-03-21T14:46:22+00:00\",\"dateModified\":\"2026-02-27T10:03:32+00:00\",\"breadcrumb\":{\"@id\":\"https:\/\/www.slib.com\/fr\/indice-degalite-hommes-femmes\/#breadcrumb\"},\"inLanguage\":\"fr-FR\",\"potentialAction\":[{\"@type\":\"ReadAction\",\"target\":[\"https:\/\/www.slib.com\/fr\/indice-degalite-hommes-femmes\/\"]}]},{\"@type\":\"BreadcrumbList\",\"@id\":\"https:\/\/www.slib.com\/fr\/indice-degalite-hommes-femmes\/#breadcrumb\",\"itemListElement\":[{\"@type\":\"ListItem\",\"position\":1,\"name\":\"Home\",\"item\":\"https:\/\/www.slib.com\/fr\/\"},{\"@type\":\"ListItem\",\"position\":2,\"name\":\"Indice d\u2019\u00e9galit\u00e9 hommes-femmes\"}]},{\"@type\":\"WebSite\",\"@id\":\"https:\/\/www.slib.com\/fr\/#website\",\"url\":\"https:\/\/www.slib.com\/fr\/\",\"name\":\"Slib\",\"description\":\"\",\"potentialAction\":[{\"@type\":\"SearchAction\",\"target\":{\"@type\":\"EntryPoint\",\"urlTemplate\":\"https:\/\/www.slib.com\/fr\/?s={search_term_string}\"},\"query-input\":{\"@type\":\"PropertyValueSpecification\",\"valueRequired\":true,\"valueName\":\"search_term_string\"}}],\"inLanguage\":\"fr-FR\"}]}<\/script>","yoast_head_json":{"title":"Indice d\u2019\u00e9galit\u00e9 hommes-femmes - Slib","robots":{"index":"index","follow":"follow","max-snippet":"max-snippet:-1","max-image-preview":"max-image-preview:large","max-video-preview":"max-video-preview:-1"},"canonical":"https:\/\/www.slib.com\/fr\/indice-degalite-hommes-femmes\/","og_locale":"fr_FR","og_type":"article","og_title":"Indice d\u2019\u00e9galit\u00e9 hommes-femmes - Slib","og_description":"PUBLICATION DE L\u2019INDICE D\u2019\u00c9GALIT\u00c9 FEMMES-HOMMES En quoi consiste cet index ? L&rsquo;index de l\u2019\u00e9galit\u00e9 professionnelle doit \u00eatre calcul\u00e9 \u00e0 partir de 4 \u00e0 5 indicateurs (selon la taille de l&rsquo;entreprise). Il donne\u00a0une note sur 100 points. Chaque entreprise doit obtenir, au minimum, la note de 75\/100. Pour l\u2019ann\u00e9e 2025, l\u2019index s\u2019\u00e9l\u00e8ve \u00e0 89 points. Il [&hellip;]","og_url":"https:\/\/www.slib.com\/fr\/indice-degalite-hommes-femmes\/","og_site_name":"Slib","article_modified_time":"2026-02-27T10:03:32+00:00","twitter_card":"summary_large_image","twitter_misc":{"Dur\u00e9e de lecture estim\u00e9e":"1 minute"},"schema":{"@context":"https:\/\/schema.org","@graph":[{"@type":"WebPage","@id":"https:\/\/www.slib.com\/fr\/indice-degalite-hommes-femmes\/","url":"https:\/\/www.slib.com\/fr\/indice-degalite-hommes-femmes\/","name":"Indice d\u2019\u00e9galit\u00e9 hommes-femmes - Slib","isPartOf":{"@id":"https:\/\/www.slib.com\/fr\/#website"},"datePublished":"2025-03-21T14:46:22+00:00","dateModified":"2026-02-27T10:03:32+00:00","breadcrumb":{"@id":"https:\/\/www.slib.com\/fr\/indice-degalite-hommes-femmes\/#breadcrumb"},"inLanguage":"fr-FR","potentialAction":[{"@type":"ReadAction","target":["https:\/\/www.slib.com\/fr\/indice-degalite-hommes-femmes\/"]}]},{"@type":"BreadcrumbList","@id":"https:\/\/www.slib.com\/fr\/indice-degalite-hommes-femmes\/#breadcrumb","itemListElement":[{"@type":"ListItem","position":1,"name":"Home","item":"https:\/\/www.slib.com\/fr\/"},{"@type":"ListItem","position":2,"name":"Indice d\u2019\u00e9galit\u00e9 hommes-femmes"}]},{"@type":"WebSite","@id":"https:\/\/www.slib.com\/fr\/#website","url":"https:\/\/www.slib.com\/fr\/","name":"Slib","description":"","potentialAction":[{"@type":"SearchAction","target":{"@type":"EntryPoint","urlTemplate":"https:\/\/www.slib.com\/fr\/?s={search_term_string}"},"query-input":{"@type":"PropertyValueSpecification","valueRequired":true,"valueName":"search_term_string"}}],"inLanguage":"fr-FR"}]}},"_links":{"self":[{"href":"https:\/\/www.slib.com\/fr\/wp-json\/wp\/v2\/pages\/1803","targetHints":{"allow":["GET"]}}],"collection":[{"href":"https:\/\/www.slib.com\/fr\/wp-json\/wp\/v2\/pages"}],"about":[{"href":"https:\/\/www.slib.com\/fr\/wp-json\/wp\/v2\/types\/page"}],"author":[{"embeddable":true,"href":"https:\/\/www.slib.com\/fr\/wp-json\/wp\/v2\/users\/3"}],"replies":[{"embeddable":true,"href":"https:\/\/www.slib.com\/fr\/wp-json\/wp\/v2\/comments?post=1803"}],"version-history":[{"count":5,"href":"https:\/\/www.slib.com\/fr\/wp-json\/wp\/v2\/pages\/1803\/revisions"}],"predecessor-version":[{"id":1997,"href":"https:\/\/www.slib.com\/fr\/wp-json\/wp\/v2\/pages\/1803\/revisions\/1997"}],"wp:attachment":[{"href":"https:\/\/www.slib.com\/fr\/wp-json\/wp\/v2\/media?parent=1803"}],"curies":[{"name":"wp","href":"https:\/\/api.w.org\/{rel}","templated":true}]}}