
{"id":1805,"date":"2025-03-21T15:06:28","date_gmt":"2025-03-21T14:06:28","guid":{"rendered":"https:\/\/www.slib.com\/politique-de-confidentialite\/"},"modified":"2025-12-08T19:35:28","modified_gmt":"2025-12-08T18:35:28","slug":"politique-de-confidentialite","status":"publish","type":"page","link":"https:\/\/www.slib.com\/fr\/politique-de-confidentialite\/","title":{"rendered":"Politique de confidentialit\u00e9"},"content":{"rendered":"\n<p>Mentions l\u00e9gales obligatoires<\/p>\n\n<p>Ce site et son contenu sont la propri\u00e9t\u00e9 de SLIB.<\/p>\n\n<p>SLIB : Soci\u00e9t\u00e9 \u00e0 responsabilit\u00e9 limit\u00e9e au capital de 5\u202f555\u202f354,00\u202feuros.<\/p>\n\n<p>Immatricul\u00e9e au Registre du Commerce et des Soci\u00e9t\u00e9s de Paris sous le num\u00e9ro 380\u202f059\u202f113.<\/p>\n\n<p>Si\u00e8ge social : 1, boulevard Haussmann, 75009 Paris<\/p>\n\n<p>Num\u00e9ro d\u2019identification TVA FR 663 380 059 113<\/p>\n\n<p>Contact: info@slib.com<\/p>\n\n<p>Contact DPO : compliance@slib.com<\/p>\n\n<p>Les textes pr\u00e9sents sur ce site ne peuvent \u00eatre utilis\u00e9s sans l\u2019accord \u00e9crit pr\u00e9alable du propri\u00e9taire. SLIB se r\u00e9serve le droit d\u2019engager des actions judiciaires en cas de violation de ses droits de propri\u00e9t\u00e9 intellectuelle<\/p>\n\n<p>La reproduction de tout document publi\u00e9 sur le site est autoris\u00e9e uniquement \u00e0 des fins d\u2019information et pour un usage priv\u00e9. Toute autre utilisation de ces reproductions, et en particulier \u00e0 des fins commerciales, est express\u00e9ment interdite sans l\u2019accord \u00e9crit pr\u00e9alable de SLIB.<\/p>\n","protected":false},"excerpt":{"rendered":"<p>Mentions l\u00e9gales obligatoires Ce site et son contenu sont la propri\u00e9t\u00e9 de SLIB. SLIB : Soci\u00e9t\u00e9 \u00e0 responsabilit\u00e9 limit\u00e9e au capital de 5\u202f555\u202f354,00\u202feuros. Immatricul\u00e9e au Registre du Commerce et des Soci\u00e9t\u00e9s de Paris sous le num\u00e9ro 380\u202f059\u202f113. Si\u00e8ge social : 1, boulevard Haussmann, 75009 Paris Num\u00e9ro d\u2019identification TVA FR 663 380 059 113 Contact: info@slib.com [&hellip;]<\/p>\n","protected":false},"author":2,"featured_media":0,"parent":0,"menu_order":0,"comment_status":"closed","ping_status":"closed","template":"","meta":{"_acf_changed":false,"om_disable_all_campaigns":false,"_relevanssi_hide_post":"","_relevanssi_hide_content":"","_relevanssi_pin_for_all":"","_relevanssi_pin_keywords":"","_relevanssi_unpin_keywords":"","_relevanssi_related_keywords":"","_relevanssi_related_include_ids":"","_relevanssi_related_exclude_ids":"","_relevanssi_related_no_append":"","_relevanssi_related_not_related":"","_relevanssi_related_posts":"","_relevanssi_noindex_reason":"","footnotes":""},"class_list":["post-1805","page","type-page","status-publish","hentry"],"acf":[],"yoast_head":"<title>Politique de confidentialit\u00e9 - Slib<\/title>\n<meta name=\"robots\" content=\"index, follow, max-snippet:-1, max-image-preview:large, max-video-preview:-1\" \/>\n<link rel=\"canonical\" href=\"https:\/\/www.slib.com\/fr\/politique-de-confidentialite\/\" \/>\n<meta property=\"og:locale\" content=\"fr_FR\" \/>\n<meta property=\"og:type\" content=\"article\" \/>\n<meta property=\"og:title\" content=\"Politique de confidentialit\u00e9 - Slib\" \/>\n<meta property=\"og:description\" content=\"Mentions l\u00e9gales obligatoires Ce site et son contenu sont la propri\u00e9t\u00e9 de SLIB. SLIB : Soci\u00e9t\u00e9 \u00e0 responsabilit\u00e9 limit\u00e9e au capital de 5\u202f555\u202f354,00\u202feuros. Immatricul\u00e9e au Registre du Commerce et des Soci\u00e9t\u00e9s de Paris sous le num\u00e9ro 380\u202f059\u202f113. Si\u00e8ge social : 1, boulevard Haussmann, 75009 Paris Num\u00e9ro d\u2019identification TVA FR 663 380 059 113 Contact: info@slib.com [&hellip;]\" \/>\n<meta property=\"og:url\" content=\"https:\/\/www.slib.com\/fr\/politique-de-confidentialite\/\" \/>\n<meta property=\"og:site_name\" content=\"Slib\" \/>\n<meta property=\"article:modified_time\" content=\"2025-12-08T18:35:28+00:00\" \/>\n<meta name=\"twitter:card\" content=\"summary_large_image\" \/>\n<meta name=\"twitter:label1\" content=\"Dur\u00e9e de lecture estim\u00e9e\" \/>\n\t<meta name=\"twitter:data1\" content=\"1 minute\" \/>\n<script type=\"application\/ld+json\" class=\"yoast-schema-graph\">{\"@context\":\"https:\/\/schema.org\",\"@graph\":[{\"@type\":\"WebPage\",\"@id\":\"https:\/\/www.slib.com\/fr\/politique-de-confidentialite\/\",\"url\":\"https:\/\/www.slib.com\/fr\/politique-de-confidentialite\/\",\"name\":\"Politique de confidentialit\u00e9 - Slib\",\"isPartOf\":{\"@id\":\"https:\/\/www.slib.com\/fr\/#website\"},\"datePublished\":\"2025-03-21T14:06:28+00:00\",\"dateModified\":\"2025-12-08T18:35:28+00:00\",\"breadcrumb\":{\"@id\":\"https:\/\/www.slib.com\/fr\/politique-de-confidentialite\/#breadcrumb\"},\"inLanguage\":\"fr-FR\",\"potentialAction\":[{\"@type\":\"ReadAction\",\"target\":[\"https:\/\/www.slib.com\/fr\/politique-de-confidentialite\/\"]}]},{\"@type\":\"BreadcrumbList\",\"@id\":\"https:\/\/www.slib.com\/fr\/politique-de-confidentialite\/#breadcrumb\",\"itemListElement\":[{\"@type\":\"ListItem\",\"position\":1,\"name\":\"Home\",\"item\":\"https:\/\/www.slib.com\/fr\/\"},{\"@type\":\"ListItem\",\"position\":2,\"name\":\"Politique de confidentialit\u00e9\"}]},{\"@type\":\"WebSite\",\"@id\":\"https:\/\/www.slib.com\/fr\/#website\",\"url\":\"https:\/\/www.slib.com\/fr\/\",\"name\":\"Slib\",\"description\":\"\",\"potentialAction\":[{\"@type\":\"SearchAction\",\"target\":{\"@type\":\"EntryPoint\",\"urlTemplate\":\"https:\/\/www.slib.com\/fr\/?s={search_term_string}\"},\"query-input\":{\"@type\":\"PropertyValueSpecification\",\"valueRequired\":true,\"valueName\":\"search_term_string\"}}],\"inLanguage\":\"fr-FR\"}]}<\/script>","yoast_head_json":{"title":"Politique de confidentialit\u00e9 - Slib","robots":{"index":"index","follow":"follow","max-snippet":"max-snippet:-1","max-image-preview":"max-image-preview:large","max-video-preview":"max-video-preview:-1"},"canonical":"https:\/\/www.slib.com\/fr\/politique-de-confidentialite\/","og_locale":"fr_FR","og_type":"article","og_title":"Politique de confidentialit\u00e9 - Slib","og_description":"Mentions l\u00e9gales obligatoires Ce site et son contenu sont la propri\u00e9t\u00e9 de SLIB. SLIB : Soci\u00e9t\u00e9 \u00e0 responsabilit\u00e9 limit\u00e9e au capital de 5\u202f555\u202f354,00\u202feuros. Immatricul\u00e9e au Registre du Commerce et des Soci\u00e9t\u00e9s de Paris sous le num\u00e9ro 380\u202f059\u202f113. Si\u00e8ge social : 1, boulevard Haussmann, 75009 Paris Num\u00e9ro d\u2019identification TVA FR 663 380 059 113 Contact: info@slib.com [&hellip;]","og_url":"https:\/\/www.slib.com\/fr\/politique-de-confidentialite\/","og_site_name":"Slib","article_modified_time":"2025-12-08T18:35:28+00:00","twitter_card":"summary_large_image","twitter_misc":{"Dur\u00e9e de lecture estim\u00e9e":"1 minute"},"schema":{"@context":"https:\/\/schema.org","@graph":[{"@type":"WebPage","@id":"https:\/\/www.slib.com\/fr\/politique-de-confidentialite\/","url":"https:\/\/www.slib.com\/fr\/politique-de-confidentialite\/","name":"Politique de confidentialit\u00e9 - Slib","isPartOf":{"@id":"https:\/\/www.slib.com\/fr\/#website"},"datePublished":"2025-03-21T14:06:28+00:00","dateModified":"2025-12-08T18:35:28+00:00","breadcrumb":{"@id":"https:\/\/www.slib.com\/fr\/politique-de-confidentialite\/#breadcrumb"},"inLanguage":"fr-FR","potentialAction":[{"@type":"ReadAction","target":["https:\/\/www.slib.com\/fr\/politique-de-confidentialite\/"]}]},{"@type":"BreadcrumbList","@id":"https:\/\/www.slib.com\/fr\/politique-de-confidentialite\/#breadcrumb","itemListElement":[{"@type":"ListItem","position":1,"name":"Home","item":"https:\/\/www.slib.com\/fr\/"},{"@type":"ListItem","position":2,"name":"Politique de confidentialit\u00e9"}]},{"@type":"WebSite","@id":"https:\/\/www.slib.com\/fr\/#website","url":"https:\/\/www.slib.com\/fr\/","name":"Slib","description":"","potentialAction":[{"@type":"SearchAction","target":{"@type":"EntryPoint","urlTemplate":"https:\/\/www.slib.com\/fr\/?s={search_term_string}"},"query-input":{"@type":"PropertyValueSpecification","valueRequired":true,"valueName":"search_term_string"}}],"inLanguage":"fr-FR"}]}},"_links":{"self":[{"href":"https:\/\/www.slib.com\/fr\/wp-json\/wp\/v2\/pages\/1805","targetHints":{"allow":["GET"]}}],"collection":[{"href":"https:\/\/www.slib.com\/fr\/wp-json\/wp\/v2\/pages"}],"about":[{"href":"https:\/\/www.slib.com\/fr\/wp-json\/wp\/v2\/types\/page"}],"author":[{"embeddable":true,"href":"https:\/\/www.slib.com\/fr\/wp-json\/wp\/v2\/users\/2"}],"replies":[{"embeddable":true,"href":"https:\/\/www.slib.com\/fr\/wp-json\/wp\/v2\/comments?post=1805"}],"version-history":[{"count":1,"href":"https:\/\/www.slib.com\/fr\/wp-json\/wp\/v2\/pages\/1805\/revisions"}],"predecessor-version":[{"id":1806,"href":"https:\/\/www.slib.com\/fr\/wp-json\/wp\/v2\/pages\/1805\/revisions\/1806"}],"wp:attachment":[{"href":"https:\/\/www.slib.com\/fr\/wp-json\/wp\/v2\/media?parent=1805"}],"curies":[{"name":"wp","href":"https:\/\/api.w.org\/{rel}","templated":true}]}}